{"id":712367,"date":"2025-08-27T16:55:01","date_gmt":"2025-08-27T13:55:01","guid":{"rendered":"https:\/\/roveyayinevi.com.tr\/index.php\/urun\/insan-ahlakinin-dogal-tarihi\/"},"modified":"2026-04-16T02:20:58","modified_gmt":"2026-04-15T23:20:58","slug":"insan-ahlakinin-dogal-tarihi","status":"publish","type":"product","link":"https:\/\/roveyayinevi.com.tr\/index.php\/urun\/insan-ahlakinin-dogal-tarihi\/","title":{"rendered":"\u0130nsan Ahlak\u0131n\u0131n Do\u011fal Tarihi"},"content":{"rendered":"<p>\u0130nsan ahlak\u0131n\u0131n evrimi iki ad\u0131mda ger\u00e7ekle\u015fti. Ba\u015flang\u0131\u00e7ta do\u011fa ko\u015fullar\u0131 nedeniyle, ilk insanlar i\u015fbirli\u011fine gitmezlerse yok olacaklar\u0131n\u0131 g\u00f6rd\u00fc ve bu i\u015fbirli\u011fini d\u00fczenli hale getirmek i\u00e7in yeni bili\u015fsel yetenekler geli\u015ftirdiler. Riskleri en aza indirmek i\u00e7in her ko\u015fulda birlikte hareket edip, g\u00fcven, sayg\u0131 ve sorumluluk \u00fczerine kurulu ikili ortakl\u0131klar yaratt\u0131lar. \u0130nsan gruplar\u0131 kalabal\u0131kla\u015f\u0131p i\u015fb\u00f6l\u00fcm\u00fc daha karma\u015f\u0131k bir hal ald\u0131\u011f\u0131nda ikinci ad\u0131m at\u0131ld\u0131. \u00dcyelerinden sadakat, uyum ve k\u00fclt\u00fcrel aidiyet bekleyen farkl\u0131 k\u00fclt\u00fcrel gruplar ortaya \u00e7\u0131kt\u0131. Yeni k\u00fclt\u00fcrel gruplar\u0131n i\u00e7inde y er alan modern insanlar bu kez do\u011fru ve yanl\u0131\u015fa ili\u015fkin nesnel normlar yaratt\u0131lar. Bu s\u00fcrecin sonucu olarak, g\u00fcn\u00fcm\u00fczde insanlar hem ikili ili\u015fkilerinde hem de ait olduklar\u0131 topluluk i\u00e7inde belli ahlak kurallar\u0131na uymay\u0131 \u2212zaman zaman bu kurallar\u0131 ihlal etseler bile\u2212 ka\u00e7\u0131n\u0131lmaz bir zorunluluk olarak g\u00f6r\u00fcyor. \u0130nsan Ahlak\u0131n\u0131n Do\u011fal Tarihi, ahlak psikolojisinin evrimine ili\u015fkin ayr\u0131nt\u0131l\u0131 bir de\u011ferlendirme sunuyor. Pek \u00e7ok \u00f6nemli ara\u015ft\u0131rmaya imza atm\u0131\u015f geli\u015fimsel psikolog Michael Tomasello, primatlar ile insan \u00e7ocuklar\u0131 kar\u015f\u0131la\u015ft\u0131ran \u00e7ok say\u0131da deneyin verilerine dayand\u0131rd\u0131\u011f\u0131 bu \u00e7al\u0131\u015fmas\u0131nda, insan\u0131n i\u015fbirli\u011fi konusunda nas\u0131l geli\u015fti\u011fini ve sonunda ahlaki bir t\u00fcr haline geldi\u011fini ortaya koyuyor. Michael Tomasello, Leipzig\u2019deki Max Planck Evrimsel Antropoloji Enstit\u00fcs\u00fc\u2019n\u00fcn e\u015fy\u00f6neticisi ve Duke \u00dcniversitesi Psikoloji B\u00f6l\u00fcm\u00fc\u2019nde \u00f6\u011fretim \u00fcyesi. <\/p>\n","protected":false},"excerpt":{"rendered":"<p>\u0130nsan ahlak\u0131n\u0131n evrimi iki ad\u0131mda ger\u00e7ekle\u015fti. Ba\u015flang\u0131\u00e7ta do\u011fa ko\u015fullar\u0131 nedeniyle, ilk insanlar i\u015fbirli\u011fine gitmezlerse yok olacaklar\u0131n\u0131 g\u00f6rd\u00fc ve bu i\u015fbirli\u011fini d\u00fczenli hale getirmek i\u00e7in yeni bili\u015fsel<span class=\"excerpt-hellip\"> [\u2026]<\/span><\/p>\n","protected":false},"featured_media":0,"template":"","meta":{"_monsterinsights_skip_tracking":false,"_monsterinsights_sitenote_active":false,"_monsterinsights_sitenote_note":"","_monsterinsights_sitenote_category":0},"product_brand":[],"product_cat":[15499,13488],"product_tag":[],"class_list":{"0":"post-712367","1":"product","2":"type-product","3":"status-publish","5":"product_cat-antropoloji","6":"product_cat-toplum-ve-insan","7":"pa_cilt-ciltsiz","8":"pa_tur-kitap","9":"pa_yayinevi-koc-universitesi-yayinlari","10":"pa_yazar-michael-tomasello","12":"first","13":"instock","14":"sale","15":"shipping-taxable","16":"purchasable","17":"product-type-simple"},"_links":{"self":[{"href":"https:\/\/roveyayinevi.com.tr\/index.php\/wp-json\/wp\/v2\/product\/712367","targetHints":{"allow":["GET"]}}],"collection":[{"href":"https:\/\/roveyayinevi.com.tr\/index.php\/wp-json\/wp\/v2\/product"}],"about":[{"href":"https:\/\/roveyayinevi.com.tr\/index.php\/wp-json\/wp\/v2\/types\/product"}],"wp:attachment":[{"href":"https:\/\/roveyayinevi.com.tr\/index.php\/wp-json\/wp\/v2\/media?parent=712367"}],"wp:term":[{"taxonomy":"product_brand","embeddable":true,"href":"https:\/\/roveyayinevi.com.tr\/index.php\/wp-json\/wp\/v2\/product_brand?post=712367"},{"taxonomy":"product_cat","embeddable":true,"href":"https:\/\/roveyayinevi.com.tr\/index.php\/wp-json\/wp\/v2\/product_cat?post=712367"},{"taxonomy":"product_tag","embeddable":true,"href":"https:\/\/roveyayinevi.com.tr\/index.php\/wp-json\/wp\/v2\/product_tag?post=712367"}],"curies":[{"name":"wp","href":"https:\/\/api.w.org\/{rel}","templated":true}]}}