{"id":712366,"date":"2025-08-27T16:55:01","date_gmt":"2025-08-27T13:55:01","guid":{"rendered":"https:\/\/roveyayinevi.com.tr\/index.php\/urun\/guneyin-isyani-kuresel-isci-sinifinin-gelisi\/"},"modified":"2026-04-16T02:20:58","modified_gmt":"2026-04-15T23:20:58","slug":"guneyin-isyani-kuresel-isci-sinifinin-gelisi","status":"publish","type":"product","link":"https:\/\/roveyayinevi.com.tr\/index.php\/urun\/guneyin-isyani-kuresel-isci-sinifinin-gelisi\/","title":{"rendered":"G\u00fcneyin \u0130syan\u0131: K\u00fcresel \u0130\u015f\u00e7i S\u0131n\u0131f\u0131n\u0131n Geli\u015fi"},"content":{"rendered":"<p>Geli\u015fmi\u015f \u00fclkelerdeki emek\u00e7iler k\u00f6\u015felerine \u00e7ekilmi\u015f gibi g\u00f6r\u00fcnse de, \u00fcretim alan\u0131ndaki m\u00fccadele d\u00fcnyan\u0131n G\u00fcney Yar\u0131k\u00fcresi\u2019nde t\u00fcm h\u0131z\u0131yla s\u00fcr\u00fcyor. G\u00fcneyin \u0130syan\u0131\u2019nda Immanuel Ness, kontrolden \u00e7\u0131km\u0131\u015f olan end\u00fcstriyel kapitalizmin yay\u0131lmas\u0131na kar\u015f\u0131 i\u015f\u00e7ilerin m\u00fccadele verdi\u011fi \u00fc\u00e7 \u00f6nemli \u00fclkeye dair kapsaml\u0131 bir inceleme sunuyor: \u00c7in, Hindistan ve G\u00fcney Afrika. \u00d6ncelikle bu \u00fclkelerin g\u00fcn\u00fcm\u00fczdeki ko\u015fullar\u0131n\u0131 belirleyen geni\u015f \u00f6l\u00e7ekli tarihsel g\u00fc\u00e7leri, \u00f6rne\u011fin emperyalizmin etkisini, uluslararas\u0131 sendikal hareketin \u00e7\u00f6k\u00fc\u015f\u00fcn\u00fc, s\u0131n\u0131f m\u00fccadelesini ve emek rezervlerinin geni\u015flemesini ele alan Ness, ard\u0131ndan oda\u011f\u0131n\u0131 bu \u00fc\u00e7 \u00fclkedeki alt s\u0131n\u0131f isyanlar\u0131n\u0131n \u00f6zg\u00fcl ko\u015fullar\u0131na \u00e7eviriyor: G\u00fcney Afrika\u2019daki madencilerin militan m\u00fccadelesi, Hindistan\u2019daki yeni emek \u00f6rg\u00fctleri ve \u00c7in\u2019deki i\u015f\u00e7i isyanlar\u0131n\u0131n y\u00fckseli\u015fi. Geni\u015f \u00e7apl\u0131 alan ara\u015ft\u0131rmalar\u0131n\u0131n \u00fcr\u00fcn\u00fc olan G\u00fcneyin \u0130syan\u0131, G\u00fcney Yar\u0131k\u00fcre\u2019deki yeni end\u00fcstri proletaryas\u0131n\u0131n bir resmini sunuyor &#8211; b\u00fct\u00fcn\u00fcyle g\u00fcvencesiz, tedirgin bir hayat s\u00fcren, ama ayn\u0131 zamanda kapitalizm kar\u015f\u0131t\u0131 m\u00fccadele ve dayan\u0131\u015fma konusunda yeni bir umudu canland\u0131ran emek\u00e7i kitlenin resmini\u2026 Immanuel Ness, New York \u015eehir \u00dcniversitesi Siyaset Bilimi B\u00f6l\u00fcm\u00fc\u2019nde ders vermektedir. <\/p>\n","protected":false},"excerpt":{"rendered":"<p>Geli\u015fmi\u015f \u00fclkelerdeki emek\u00e7iler k\u00f6\u015felerine \u00e7ekilmi\u015f gibi g\u00f6r\u00fcnse de, \u00fcretim alan\u0131ndaki m\u00fccadele d\u00fcnyan\u0131n G\u00fcney Yar\u0131k\u00fcresi\u2019nde t\u00fcm h\u0131z\u0131yla s\u00fcr\u00fcyor. G\u00fcneyin \u0130syan\u0131\u2019nda Immanuel Ness, kontrolden \u00e7\u0131km\u0131\u015f olan end\u00fcstriyel kapitalizmin<span class=\"excerpt-hellip\"> [\u2026]<\/span><\/p>\n","protected":false},"featured_media":0,"template":"","meta":{"_monsterinsights_skip_tracking":false,"_monsterinsights_sitenote_active":false,"_monsterinsights_sitenote_note":"","_monsterinsights_sitenote_category":0},"product_brand":[],"product_cat":[12338,12337],"product_tag":[],"class_list":{"0":"post-712366","1":"product","2":"type-product","3":"status-publish","5":"product_cat-dunya-siyaseti-ve-politikasi","6":"product_cat-politika-siyaset","7":"pa_cilt-ciltsiz","8":"pa_tur-kitap","9":"pa_yayinevi-koc-universitesi-yayinlari","10":"pa_yazar-immanuel-ness","12":"first","13":"instock","14":"sale","15":"shipping-taxable","16":"purchasable","17":"product-type-simple"},"_links":{"self":[{"href":"https:\/\/roveyayinevi.com.tr\/index.php\/wp-json\/wp\/v2\/product\/712366","targetHints":{"allow":["GET"]}}],"collection":[{"href":"https:\/\/roveyayinevi.com.tr\/index.php\/wp-json\/wp\/v2\/product"}],"about":[{"href":"https:\/\/roveyayinevi.com.tr\/index.php\/wp-json\/wp\/v2\/types\/product"}],"wp:attachment":[{"href":"https:\/\/roveyayinevi.com.tr\/index.php\/wp-json\/wp\/v2\/media?parent=712366"}],"wp:term":[{"taxonomy":"product_brand","embeddable":true,"href":"https:\/\/roveyayinevi.com.tr\/index.php\/wp-json\/wp\/v2\/product_brand?post=712366"},{"taxonomy":"product_cat","embeddable":true,"href":"https:\/\/roveyayinevi.com.tr\/index.php\/wp-json\/wp\/v2\/product_cat?post=712366"},{"taxonomy":"product_tag","embeddable":true,"href":"https:\/\/roveyayinevi.com.tr\/index.php\/wp-json\/wp\/v2\/product_tag?post=712366"}],"curies":[{"name":"wp","href":"https:\/\/api.w.org\/{rel}","templated":true}]}}