{"id":712364,"date":"2025-08-27T16:55:00","date_gmt":"2025-08-27T13:55:00","guid":{"rendered":"https:\/\/roveyayinevi.com.tr\/index.php\/urun\/justice-league-8-darkseid-savasi-bolum-2\/"},"modified":"2026-04-16T02:20:58","modified_gmt":"2026-04-15T23:20:58","slug":"justice-league-8-darkseid-savasi-bolum-2","status":"publish","type":"product","link":"https:\/\/roveyayinevi.com.tr\/index.php\/urun\/justice-league-8-darkseid-savasi-bolum-2\/","title":{"rendered":"Justice League 8 \u2013 Darkseid Sava\u015f\u0131 B\u00f6l\u00fcm 2"},"content":{"rendered":"<p>Darkseid\u2019\u0131n \u00f6l\u00fcm\u00fcnden sonra, Justice League \u00fcyeleri ola\u011fan\u00fcst\u00fc g\u00fc\u00e7lere sahip oldular, Tanr\u0131lar\u0131n g\u00fc\u00e7lerine! Superman, Batman, Flash, Shazam, Green Lantern ve Lex Luthor d\u00f6n\u00fc\u015f\u00fcm ge\u00e7irdiler, Yeni Tanr\u0131lar\u0131n yeteneklerini kazand\u0131lar. Ama neredeyse her \u015feye kadir olmak s\u00fcper kahramanlar i\u00e7in bile ak\u0131l almaz bir g\u00fc\u00e7t\u00fcr. Ekip arkada\u015flar\u0131 yeni kazand\u0131klar\u0131 g\u00fc\u00e7lere ra\u011fmen insanl\u0131klar\u0131n\u0131 kaybetmeye ba\u015flarken, Wonder Woman onlar\u0131n hepsini Anti-Monitor\u2019un ellerinde yok olmaktan kurtarmak i\u00e7in sava\u015fmaya mecburdu ve D\u00fcnya\u2019y\u0131 savunmak i\u00e7in Justice League\u2019in en b\u00fcy\u00fck d\u00fc\u015fmanlar\u0131ndan yard\u0131m istemek zorunda kalacakt\u0131&#8230; Crime Syndicate! <\/p>\n","protected":false},"excerpt":{"rendered":"<p>Darkseid\u2019\u0131n \u00f6l\u00fcm\u00fcnden sonra, Justice League \u00fcyeleri ola\u011fan\u00fcst\u00fc g\u00fc\u00e7lere sahip oldular, Tanr\u0131lar\u0131n g\u00fc\u00e7lerine! Superman, Batman, Flash, Shazam, Green Lantern ve Lex Luthor d\u00f6n\u00fc\u015f\u00fcm ge\u00e7irdiler, Yeni Tanr\u0131lar\u0131n yeteneklerini<span class=\"excerpt-hellip\"> [\u2026]<\/span><\/p>\n","protected":false},"featured_media":0,"template":"","meta":{"_monsterinsights_skip_tracking":false,"_monsterinsights_sitenote_active":false,"_monsterinsights_sitenote_note":"","_monsterinsights_sitenote_category":0},"product_brand":[],"product_cat":[12416,12291],"product_tag":[],"class_list":{"0":"post-712364","1":"product","2":"type-product","3":"status-publish","5":"product_cat-cizgi-roman","6":"product_cat-edebiyat","7":"pa_cilt-ciltsiz","8":"pa_tur-kitap","9":"pa_yayinevi-yapi-kredi-yayinlari","10":"pa_yazar-geoff-johns-jason-fabok-brad-anderson","12":"first","13":"instock","14":"sale","15":"shipping-taxable","16":"purchasable","17":"product-type-simple"},"_links":{"self":[{"href":"https:\/\/roveyayinevi.com.tr\/index.php\/wp-json\/wp\/v2\/product\/712364","targetHints":{"allow":["GET"]}}],"collection":[{"href":"https:\/\/roveyayinevi.com.tr\/index.php\/wp-json\/wp\/v2\/product"}],"about":[{"href":"https:\/\/roveyayinevi.com.tr\/index.php\/wp-json\/wp\/v2\/types\/product"}],"wp:attachment":[{"href":"https:\/\/roveyayinevi.com.tr\/index.php\/wp-json\/wp\/v2\/media?parent=712364"}],"wp:term":[{"taxonomy":"product_brand","embeddable":true,"href":"https:\/\/roveyayinevi.com.tr\/index.php\/wp-json\/wp\/v2\/product_brand?post=712364"},{"taxonomy":"product_cat","embeddable":true,"href":"https:\/\/roveyayinevi.com.tr\/index.php\/wp-json\/wp\/v2\/product_cat?post=712364"},{"taxonomy":"product_tag","embeddable":true,"href":"https:\/\/roveyayinevi.com.tr\/index.php\/wp-json\/wp\/v2\/product_tag?post=712364"}],"curies":[{"name":"wp","href":"https:\/\/api.w.org\/{rel}","templated":true}]}}