{"id":712363,"date":"2025-08-27T16:54:59","date_gmt":"2025-08-27T13:54:59","guid":{"rendered":"https:\/\/roveyayinevi.com.tr\/index.php\/urun\/degas-dans-desen\/"},"modified":"2026-04-16T02:20:58","modified_gmt":"2026-04-15T23:20:58","slug":"degas-dans-desen","status":"publish","type":"product","link":"https:\/\/roveyayinevi.com.tr\/index.php\/urun\/degas-dans-desen\/","title":{"rendered":"Degas Dans Desen"},"content":{"rendered":"<p>Hani yar\u0131 dalg\u0131n bir okur bir kitab\u0131n sayfa kenarlar\u0131na bir \u015feyler karalar, kendini koyuverip kalemine esti\u011fi gibi, okunakl\u0131 y\u0131\u011f\u0131nlar\u0131n yan\u0131na k\u00fc\u00e7\u00fck varl\u0131klar ya da belli belirsiz dallar budaklar \u00e7izer ya, ben de kendimi zihnin savrulmalar\u0131na b\u0131rakarak, ayn\u0131s\u0131n\u0131 Edgar Degas\u2019n\u0131n (&#8230;) \u00e7evresinde yapaca\u011f\u0131m. 20. y\u00fczy\u0131l\u0131n en kendine \u00f6zg\u00fc, edebi ve felsefi fig\u00fcrlerinden biri olan Paul Val\u00e9ry\u2019den Degas \u00fcst\u00fcne denemenin s\u0131n\u0131rlar\u0131n\u0131 fazlas\u0131yla zorlayan bir metin. Ya\u015fam\u00f6yk\u00fcs\u00fc, hat\u0131rat, monografi, tan\u0131kl\u0131k, hepsi ve daha fazlas\u0131&#8230; Bu ba\u011flamda Degas Dans Desen\u00e7etrefilli ve ucu a\u00e7\u0131k bir kitap. <\/p>\n","protected":false},"excerpt":{"rendered":"<p>Hani yar\u0131 dalg\u0131n bir okur bir kitab\u0131n sayfa kenarlar\u0131na bir \u015feyler karalar, kendini koyuverip kalemine esti\u011fi gibi, okunakl\u0131 y\u0131\u011f\u0131nlar\u0131n yan\u0131na k\u00fc\u00e7\u00fck varl\u0131klar ya da belli belirsiz<span class=\"excerpt-hellip\"> [\u2026]<\/span><\/p>\n","protected":false},"featured_media":0,"template":"","meta":{"_monsterinsights_skip_tracking":false,"_monsterinsights_sitenote_active":false,"_monsterinsights_sitenote_note":"","_monsterinsights_sitenote_category":0},"product_brand":[],"product_cat":[13021,12408],"product_tag":[],"class_list":{"0":"post-712363","1":"product","2":"type-product","3":"status-publish","5":"product_cat-sahne-sanatlari","6":"product_cat-sanat","7":"pa_cilt-ciltsiz","8":"pa_tur-kitap","9":"pa_yayinevi-yapi-kredi-yayinlari","10":"pa_yazar-paul-valery","12":"first","13":"instock","14":"sale","15":"shipping-taxable","16":"purchasable","17":"product-type-simple"},"_links":{"self":[{"href":"https:\/\/roveyayinevi.com.tr\/index.php\/wp-json\/wp\/v2\/product\/712363","targetHints":{"allow":["GET"]}}],"collection":[{"href":"https:\/\/roveyayinevi.com.tr\/index.php\/wp-json\/wp\/v2\/product"}],"about":[{"href":"https:\/\/roveyayinevi.com.tr\/index.php\/wp-json\/wp\/v2\/types\/product"}],"wp:attachment":[{"href":"https:\/\/roveyayinevi.com.tr\/index.php\/wp-json\/wp\/v2\/media?parent=712363"}],"wp:term":[{"taxonomy":"product_brand","embeddable":true,"href":"https:\/\/roveyayinevi.com.tr\/index.php\/wp-json\/wp\/v2\/product_brand?post=712363"},{"taxonomy":"product_cat","embeddable":true,"href":"https:\/\/roveyayinevi.com.tr\/index.php\/wp-json\/wp\/v2\/product_cat?post=712363"},{"taxonomy":"product_tag","embeddable":true,"href":"https:\/\/roveyayinevi.com.tr\/index.php\/wp-json\/wp\/v2\/product_tag?post=712363"}],"curies":[{"name":"wp","href":"https:\/\/api.w.org\/{rel}","templated":true}]}}