{"id":712362,"date":"2025-08-27T16:54:59","date_gmt":"2025-08-27T13:54:59","guid":{"rendered":"https:\/\/roveyayinevi.com.tr\/index.php\/urun\/horasan-elyazmasi\/"},"modified":"2026-04-16T02:20:58","modified_gmt":"2026-04-15T23:20:58","slug":"horasan-elyazmasi","status":"publish","type":"product","link":"https:\/\/roveyayinevi.com.tr\/index.php\/urun\/horasan-elyazmasi\/","title":{"rendered":"Horasan Elyazmas\u0131"},"content":{"rendered":"<p>D\u00fc\u015ften ger\u00e7e\u011fe, tarihten g\u00fcncele yank\u0131larla dolu renk-\u00e2henk \u00f6yk\u00fcler. Ali Teoman\u2019\u0131n ilk bask\u0131s\u0131 2009 y\u0131l\u0131nda yay\u0131mlanan Horasan Elyazmas\u0131 adl\u0131 \u00f6yk\u00fc kitab\u0131n\u0131n yeni bask\u0131s\u0131 Yap\u0131 Kredi Yay\u0131nlar\u0131 taraf\u0131ndan yap\u0131ld\u0131. Horasan Elyazmas\u0131, Ali Teoman\u2019\u0131n romanlar\u0131na yo\u011funla\u015ft\u0131\u011f\u0131 bir d\u00f6nemde ortaya \u00e7\u0131kan, yazarl\u0131\u011f\u0131n\u0131n b\u00fct\u00fcn n\u00fcvelerini ta\u015f\u0131yan on \u00fc\u00e7 oyunbaz metinden olu\u015fuyor. \u00dccra k\u00f6\u015felerden c\u0131mb\u0131zlanm\u0131\u015f s\u00f6zc\u00fckler, \u00e7a\u011fr\u0131\u015f\u0131m g\u00fcc\u00fc y\u00fcksek b\u00f6l\u00fck p\u00f6r\u00e7\u00fck c\u00fcmleler, ustalara g\u00f6z k\u0131rpan epigraflar&#8230; Bu tipik Ali Teoman kitab\u0131nda ithaf edilen ki\u015filer de metne dahil. K\u0131z\u0131n, sultan\u0131n ve \u015fehzadenin adlar\u0131n\u0131n hi\u00e7bir kaynakta bulunamay\u0131\u015f\u0131n\u0131 a\u00e7\u0131klamak kolay de\u011fil. Sanki d\u00f6k\u00fclen onca kan\u0131 unutturmak i\u00e7in, kay\u0131tlar\u0131ndan t\u00fcm\u00fcyle silip atm\u0131\u015f onlar\u0131 tarih. Ve insan d\u00fc\u015f\u00fcn\u00fcnce, \u015fa\u015fmadan edemiyor: T\u00fcm iyiniyete, \u00e7abaya ve \u00f6zene kar\u015f\u0131n, kehanetin yine de s\u00f6zc\u00fc\u011f\u00fc s\u00f6zc\u00fc\u011f\u00fcne do\u011fru \u00e7\u0131km\u0131\u015f olu\u015fu ne tuhaf! <\/p>\n","protected":false},"excerpt":{"rendered":"<p>D\u00fc\u015ften ger\u00e7e\u011fe, tarihten g\u00fcncele yank\u0131larla dolu renk-\u00e2henk \u00f6yk\u00fcler. Ali Teoman\u2019\u0131n ilk bask\u0131s\u0131 2009 y\u0131l\u0131nda yay\u0131mlanan Horasan Elyazmas\u0131 adl\u0131 \u00f6yk\u00fc kitab\u0131n\u0131n yeni bask\u0131s\u0131 Yap\u0131 Kredi Yay\u0131nlar\u0131 taraf\u0131ndan<span class=\"excerpt-hellip\"> [\u2026]<\/span><\/p>\n","protected":false},"featured_media":0,"template":"","meta":{"_monsterinsights_skip_tracking":false,"_monsterinsights_sitenote_active":false,"_monsterinsights_sitenote_note":"","_monsterinsights_sitenote_category":0},"product_brand":[],"product_cat":[12291,12711],"product_tag":[],"class_list":{"0":"post-712362","1":"product","2":"type-product","3":"status-publish","5":"product_cat-edebiyat","6":"product_cat-roman-oyku","7":"pa_cilt-ciltsiz","8":"pa_tur-kitap","9":"pa_yayinevi-yapi-kredi-yayinlari","10":"pa_yazar-ali-teoman","12":"first","13":"instock","14":"sale","15":"shipping-taxable","16":"purchasable","17":"product-type-simple"},"_links":{"self":[{"href":"https:\/\/roveyayinevi.com.tr\/index.php\/wp-json\/wp\/v2\/product\/712362","targetHints":{"allow":["GET"]}}],"collection":[{"href":"https:\/\/roveyayinevi.com.tr\/index.php\/wp-json\/wp\/v2\/product"}],"about":[{"href":"https:\/\/roveyayinevi.com.tr\/index.php\/wp-json\/wp\/v2\/types\/product"}],"wp:attachment":[{"href":"https:\/\/roveyayinevi.com.tr\/index.php\/wp-json\/wp\/v2\/media?parent=712362"}],"wp:term":[{"taxonomy":"product_brand","embeddable":true,"href":"https:\/\/roveyayinevi.com.tr\/index.php\/wp-json\/wp\/v2\/product_brand?post=712362"},{"taxonomy":"product_cat","embeddable":true,"href":"https:\/\/roveyayinevi.com.tr\/index.php\/wp-json\/wp\/v2\/product_cat?post=712362"},{"taxonomy":"product_tag","embeddable":true,"href":"https:\/\/roveyayinevi.com.tr\/index.php\/wp-json\/wp\/v2\/product_tag?post=712362"}],"curies":[{"name":"wp","href":"https:\/\/api.w.org\/{rel}","templated":true}]}}