{"id":712358,"date":"2025-08-27T16:54:56","date_gmt":"2025-08-27T13:54:56","guid":{"rendered":"https:\/\/roveyayinevi.com.tr\/index.php\/urun\/merakli-flamingo\/"},"modified":"2026-04-16T02:20:58","modified_gmt":"2026-04-15T23:20:58","slug":"merakli-flamingo","status":"publish","type":"product","link":"https:\/\/roveyayinevi.com.tr\/index.php\/urun\/merakli-flamingo\/","title":{"rendered":"Merakl\u0131 Flamingo"},"content":{"rendered":"<p>Kendin olmak gibi yok \u00c7\u0131lg\u0131n bir flamingo ile tan\u0131\u015fmak ister misin?  Flamingolar\u0131n t\u00fcylerinin neden pembe oldu\u011funu merak eden Sylvie bir deney yapmaya karar verir. \u00c7ikolata ya da \u00fcz\u00fcm yedikten sonra neler olaca\u011f\u0131n\u0131 kim bilebilir ki!  Jennifer Sattler, ne\u015feli \u00e7izimleri ve ilgin\u00e7 hik\u00e2yesiyle \u201cen iyisi daima kendin olmak\u201d diyerek  her ya\u015ftan okura g\u00f6z k\u0131rp\u0131yor. <\/p>\n","protected":false},"excerpt":{"rendered":"<p>Kendin olmak gibi yok \u00c7\u0131lg\u0131n bir flamingo ile tan\u0131\u015fmak ister misin? Flamingolar\u0131n t\u00fcylerinin neden pembe oldu\u011funu merak eden Sylvie bir deney yapmaya karar verir. \u00c7ikolata ya<span class=\"excerpt-hellip\"> [\u2026]<\/span><\/p>\n","protected":false},"featured_media":0,"template":"","meta":{"_monsterinsights_skip_tracking":false,"_monsterinsights_sitenote_active":false,"_monsterinsights_sitenote_note":"","_monsterinsights_sitenote_category":0},"product_brand":[],"product_cat":[12913,12274],"product_tag":[],"class_list":{"0":"post-712358","1":"product","2":"type-product","3":"status-publish","5":"product_cat-3-6-yas-kitaplari","6":"product_cat-cocuk-ve-genclik-kitaplari","7":"pa_cilt-ciltsiz","8":"pa_tur-kitap","9":"pa_yayinevi-cinar-yayinlari","10":"pa_yazar-jennifer-sattler","12":"first","13":"instock","14":"sale","15":"shipping-taxable","16":"purchasable","17":"product-type-simple"},"_links":{"self":[{"href":"https:\/\/roveyayinevi.com.tr\/index.php\/wp-json\/wp\/v2\/product\/712358","targetHints":{"allow":["GET"]}}],"collection":[{"href":"https:\/\/roveyayinevi.com.tr\/index.php\/wp-json\/wp\/v2\/product"}],"about":[{"href":"https:\/\/roveyayinevi.com.tr\/index.php\/wp-json\/wp\/v2\/types\/product"}],"wp:attachment":[{"href":"https:\/\/roveyayinevi.com.tr\/index.php\/wp-json\/wp\/v2\/media?parent=712358"}],"wp:term":[{"taxonomy":"product_brand","embeddable":true,"href":"https:\/\/roveyayinevi.com.tr\/index.php\/wp-json\/wp\/v2\/product_brand?post=712358"},{"taxonomy":"product_cat","embeddable":true,"href":"https:\/\/roveyayinevi.com.tr\/index.php\/wp-json\/wp\/v2\/product_cat?post=712358"},{"taxonomy":"product_tag","embeddable":true,"href":"https:\/\/roveyayinevi.com.tr\/index.php\/wp-json\/wp\/v2\/product_tag?post=712358"}],"curies":[{"name":"wp","href":"https:\/\/api.w.org\/{rel}","templated":true}]}}