{"id":712357,"date":"2025-08-27T16:54:55","date_gmt":"2025-08-27T13:54:55","guid":{"rendered":"https:\/\/roveyayinevi.com.tr\/index.php\/urun\/seraph-of-the-end-kiyamet-melegi-cilt-5\/"},"modified":"2026-04-16T02:20:58","modified_gmt":"2026-04-15T23:20:58","slug":"seraph-of-the-end-kiyamet-melegi-cilt-5","status":"publish","type":"product","link":"https:\/\/roveyayinevi.com.tr\/index.php\/urun\/seraph-of-the-end-kiyamet-melegi-cilt-5\/","title":{"rendered":"Seraph Of The End &#8211; K\u0131yamet Mele\u011fi Cilt 5"},"content":{"rendered":"<p>Seraph of the End &#8211; K\u0131yamet Mele\u011fi #Cilt 5 Gizemli bir vir\u00fcs d\u00fcnyaya yay\u0131ld\u0131 ve 13 ya\u015f\u0131n \u00fczerindeki herkesin \u00f6l\u00fcm\u00fcne neden oldu. Vampirler karanl\u0131k k\u00f6\u015felerinden \u00e7\u0131kt\u0131lar ve hayatta kalan \u00e7ocuklar\u0131 yer alt\u0131n\u0131n karanl\u0131\u011f\u0131na mahk\u00fbm ettiler. Bu \u00e7ocuklardan biri olan Yui\u00e7iro vampirlerin elinden kurtulmay\u0131 ba\u015fard\u0131 ve Japon \u0130mparatorlu\u011fu\u2019nun vampirlerle sava\u015fan Ay \u015eeytanlar\u0131 B\u00f6l\u00fc\u011f\u00fcne kat\u0131ld\u0131. Tek istedi\u011fi intikam almakt\u0131 ve \u015fimdi en \u00f6n saflarda vampirlerle sava\u015f\u0131yor.   Yui\u00e7iro sonunda kendine geldi. Hiiragiler t\u00fcrl\u00fc t\u00fcrl\u00fc sorular sorup Yui\u00e7iro\u2019yu sorgulamaya ba\u015flad\u0131\u2026 hiiragi ailesinin kibir dolu tav\u0131rlar\u0131 kar\u015f\u0131s\u0131nda arkada\u015flar\u0131n\u0131n ne kadar \u00f6nemli oldu\u011funu anlayan Yui\u00e7iro, hem Mikeala\u2019y\u0131 vampirlerin elinden kurtarmak hem de arkada\u015flar\u0131 i\u00e7in \u015feytan b\u00fcy\u00fcs\u00fc donan\u0131m\u0131n\u0131n g\u00fcc\u00fcn\u00fc art\u0131rmak i\u00e7in canla ba\u015fla e\u011fitim yapmaya koyuldu. Bakal\u0131m her \u015fey planlad\u0131\u011f\u0131 gibi gidecek mi?! <\/p>\n","protected":false},"excerpt":{"rendered":"<p>Seraph of the End &#8211; K\u0131yamet Mele\u011fi #Cilt 5 Gizemli bir vir\u00fcs d\u00fcnyaya yay\u0131ld\u0131 ve 13 ya\u015f\u0131n \u00fczerindeki herkesin \u00f6l\u00fcm\u00fcne neden oldu. Vampirler karanl\u0131k k\u00f6\u015felerinden \u00e7\u0131kt\u0131lar<span class=\"excerpt-hellip\"> [\u2026]<\/span><\/p>\n","protected":false},"featured_media":0,"template":"","meta":{"_monsterinsights_skip_tracking":false,"_monsterinsights_sitenote_active":false,"_monsterinsights_sitenote_note":"","_monsterinsights_sitenote_category":0},"product_brand":[],"product_cat":[12689,12274],"product_tag":[],"class_list":{"0":"post-712357","1":"product","2":"type-product","3":"status-publish","5":"product_cat-cizgi-roman-cocuk-ve-genclik-kitaplari","6":"product_cat-cocuk-ve-genclik-kitaplari","7":"pa_cilt-ciltsiz","8":"pa_tur-kitap","9":"pa_yayinevi-kurukafa","10":"pa_yazar-takaya-kagami","12":"first","13":"instock","14":"sale","15":"shipping-taxable","16":"purchasable","17":"product-type-simple"},"_links":{"self":[{"href":"https:\/\/roveyayinevi.com.tr\/index.php\/wp-json\/wp\/v2\/product\/712357","targetHints":{"allow":["GET"]}}],"collection":[{"href":"https:\/\/roveyayinevi.com.tr\/index.php\/wp-json\/wp\/v2\/product"}],"about":[{"href":"https:\/\/roveyayinevi.com.tr\/index.php\/wp-json\/wp\/v2\/types\/product"}],"wp:attachment":[{"href":"https:\/\/roveyayinevi.com.tr\/index.php\/wp-json\/wp\/v2\/media?parent=712357"}],"wp:term":[{"taxonomy":"product_brand","embeddable":true,"href":"https:\/\/roveyayinevi.com.tr\/index.php\/wp-json\/wp\/v2\/product_brand?post=712357"},{"taxonomy":"product_cat","embeddable":true,"href":"https:\/\/roveyayinevi.com.tr\/index.php\/wp-json\/wp\/v2\/product_cat?post=712357"},{"taxonomy":"product_tag","embeddable":true,"href":"https:\/\/roveyayinevi.com.tr\/index.php\/wp-json\/wp\/v2\/product_tag?post=712357"}],"curies":[{"name":"wp","href":"https:\/\/api.w.org\/{rel}","templated":true}]}}