{"id":712353,"date":"2025-08-27T16:54:53","date_gmt":"2025-08-27T13:54:53","guid":{"rendered":"https:\/\/roveyayinevi.com.tr\/index.php\/urun\/gantz-cilt-5\/"},"modified":"2026-04-16T02:20:58","modified_gmt":"2026-04-15T23:20:58","slug":"gantz-cilt-5","status":"publish","type":"product","link":"https:\/\/roveyayinevi.com.tr\/index.php\/urun\/gantz-cilt-5\/","title":{"rendered":"Gantz Cilt 5"},"content":{"rendered":"<p>Kuruno&#8217;nun ba\u015f\u0131 belada ve hen\u00fcz durumun tam anlam\u0131nda fark\u0131nda olmasa da \u00e7ok k\u0131sa bir s\u00fcre i\u00e7erisinde hayat onun i\u00e7in fazlas\u0131yla karma\u015f\u0131k hale gelecek.Uzayl\u0131lar\u0131 aramak i\u00e7in harekete ge\u00e7en Kurono, pe\u015finde olduklar\u0131n\u0131 bir apartmanda buluyor ve liderleriyle y\u00fczle\u015fmek zorunda kal\u0131yor. Acaba uzayl\u0131lar\u0131n liderlerini alt etmeyi ve hayatta kalmay\u0131 ba\u015farabilecek mi?Bu zorlu kar\u015f\u0131la\u015fmadan y\u00fcz\u00fcn\u00fcn ak\u0131yla \u00e7\u0131kmay\u0131 bir \u015fekilde becerebilirse, onu bekleyen ba\u015fka s\u00fcrprizler var.Gantz, b\u00fcy\u00fck bir keyifle okuyup devam\u0131n\u0131 heyecanla bekleyece\u011finiz bir yeti\u015fkin mangas\u0131. <\/p>\n","protected":false},"excerpt":{"rendered":"<p>Kuruno&#8217;nun ba\u015f\u0131 belada ve hen\u00fcz durumun tam anlam\u0131nda fark\u0131nda olmasa da \u00e7ok k\u0131sa bir s\u00fcre i\u00e7erisinde hayat onun i\u00e7in fazlas\u0131yla karma\u015f\u0131k hale gelecek.Uzayl\u0131lar\u0131 aramak i\u00e7in harekete<span class=\"excerpt-hellip\"> [\u2026]<\/span><\/p>\n","protected":false},"featured_media":0,"template":"","meta":{"_monsterinsights_skip_tracking":false,"_monsterinsights_sitenote_active":false,"_monsterinsights_sitenote_note":"","_monsterinsights_sitenote_category":0},"product_brand":[],"product_cat":[12416,12291],"product_tag":[],"class_list":{"0":"post-712353","1":"product","2":"type-product","3":"status-publish","5":"product_cat-cizgi-roman","6":"product_cat-edebiyat","7":"pa_cilt-ciltsiz","8":"pa_tur-kitap","9":"pa_yayinevi-kurukafa","10":"pa_yazar-hiroya-oku","12":"first","13":"instock","14":"sale","15":"shipping-taxable","16":"purchasable","17":"product-type-simple"},"_links":{"self":[{"href":"https:\/\/roveyayinevi.com.tr\/index.php\/wp-json\/wp\/v2\/product\/712353","targetHints":{"allow":["GET"]}}],"collection":[{"href":"https:\/\/roveyayinevi.com.tr\/index.php\/wp-json\/wp\/v2\/product"}],"about":[{"href":"https:\/\/roveyayinevi.com.tr\/index.php\/wp-json\/wp\/v2\/types\/product"}],"wp:attachment":[{"href":"https:\/\/roveyayinevi.com.tr\/index.php\/wp-json\/wp\/v2\/media?parent=712353"}],"wp:term":[{"taxonomy":"product_brand","embeddable":true,"href":"https:\/\/roveyayinevi.com.tr\/index.php\/wp-json\/wp\/v2\/product_brand?post=712353"},{"taxonomy":"product_cat","embeddable":true,"href":"https:\/\/roveyayinevi.com.tr\/index.php\/wp-json\/wp\/v2\/product_cat?post=712353"},{"taxonomy":"product_tag","embeddable":true,"href":"https:\/\/roveyayinevi.com.tr\/index.php\/wp-json\/wp\/v2\/product_tag?post=712353"}],"curies":[{"name":"wp","href":"https:\/\/api.w.org\/{rel}","templated":true}]}}