{"id":712351,"date":"2025-08-27T16:54:52","date_gmt":"2025-08-27T13:54:52","guid":{"rendered":"https:\/\/roveyayinevi.com.tr\/index.php\/urun\/disney-mickey-farenin-kulup-evi-3-boyutlu-oykuler\/"},"modified":"2026-04-16T02:20:58","modified_gmt":"2026-04-15T23:20:58","slug":"disney-mickey-farenin-kulup-evi-3-boyutlu-oykuler","status":"publish","type":"product","link":"https:\/\/roveyayinevi.com.tr\/index.php\/urun\/disney-mickey-farenin-kulup-evi-3-boyutlu-oykuler\/","title":{"rendered":"Disney Mickey Fare\u2019nin Kul\u00fcp Evi &#8211; 3 Boyutlu \u00d6yk\u00fcler"},"content":{"rendered":"<p>Mickey ve ne\u015feli arkada\u015flar\u0131yla \u00fc\u00e7 boyutlu bir macera seni \u00e7a\u011f\u0131r\u0131yor! <\/p>\n","protected":false},"excerpt":{"rendered":"<p>Mickey ve ne\u015feli arkada\u015flar\u0131yla \u00fc\u00e7 boyutlu bir macera seni \u00e7a\u011f\u0131r\u0131yor!<\/p>\n","protected":false},"featured_media":0,"template":"","meta":{"_monsterinsights_skip_tracking":false,"_monsterinsights_sitenote_active":false,"_monsterinsights_sitenote_note":"","_monsterinsights_sitenote_category":0},"product_brand":[],"product_cat":[12364,52800],"product_tag":[],"class_list":{"0":"post-712351","1":"product","2":"type-product","3":"status-publish","5":"product_cat-genel-konular","6":"product_cat-sesli-kitaplar","7":"pa_cilt-ciltsiz","8":"pa_tur-kitap","9":"pa_yayinevi-dogan-egmont-yayincilik","10":"pa_yazar-kollektif","12":"first","13":"instock","14":"sale","15":"shipping-taxable","16":"purchasable","17":"product-type-simple"},"_links":{"self":[{"href":"https:\/\/roveyayinevi.com.tr\/index.php\/wp-json\/wp\/v2\/product\/712351","targetHints":{"allow":["GET"]}}],"collection":[{"href":"https:\/\/roveyayinevi.com.tr\/index.php\/wp-json\/wp\/v2\/product"}],"about":[{"href":"https:\/\/roveyayinevi.com.tr\/index.php\/wp-json\/wp\/v2\/types\/product"}],"wp:attachment":[{"href":"https:\/\/roveyayinevi.com.tr\/index.php\/wp-json\/wp\/v2\/media?parent=712351"}],"wp:term":[{"taxonomy":"product_brand","embeddable":true,"href":"https:\/\/roveyayinevi.com.tr\/index.php\/wp-json\/wp\/v2\/product_brand?post=712351"},{"taxonomy":"product_cat","embeddable":true,"href":"https:\/\/roveyayinevi.com.tr\/index.php\/wp-json\/wp\/v2\/product_cat?post=712351"},{"taxonomy":"product_tag","embeddable":true,"href":"https:\/\/roveyayinevi.com.tr\/index.php\/wp-json\/wp\/v2\/product_tag?post=712351"}],"curies":[{"name":"wp","href":"https:\/\/api.w.org\/{rel}","templated":true}]}}