{"id":712350,"date":"2025-08-27T16:54:51","date_gmt":"2025-08-27T13:54:51","guid":{"rendered":"https:\/\/roveyayinevi.com.tr\/index.php\/urun\/gri-tacli-turna-kusu\/"},"modified":"2026-04-16T02:20:58","modified_gmt":"2026-04-15T23:20:58","slug":"gri-tacli-turna-kusu","status":"publish","type":"product","link":"https:\/\/roveyayinevi.com.tr\/index.php\/urun\/gri-tacli-turna-kusu\/","title":{"rendered":"Gri Ta\u00e7l\u0131 Turna Ku\u015fu"},"content":{"rendered":"<p>S\u0131rad\u0131\u015f\u0131 hayvanlarla e\u011flenceli fabllar Fabllarda insanlar susar, hayvanlar dile gelir. Onlar\u0131n ya\u015fad\u0131klar\u0131 ve s\u00f6ylediklerinden ise insanlar \u00e7ok \u015fey \u00f6\u011frenir. \u00c7a\u011fda\u015f \u00e7ocuk edebiyat\u0131m\u0131z\u0131n ba\u015far\u0131l\u0131 kalemlerinden \u00d6m\u00fcr Kurt bu renkli kitapta, d\u00fcnyan\u0131n en ilgin\u00e7 hayvanlar\u0131n\u0131 bir araya getirdi. Okapiden ornitorenge, k\u0131rm\u0131z\u0131 alt\u0131n s\u00fcl\u00fcnden misk \u00f6k\u00fcz\u00fcne, alpakadan tembel hayvana kadar pek \u00e7ok hayvan\u0131n \u00f6yk\u00fcs\u00fc seni bekliyor! <\/p>\n","protected":false},"excerpt":{"rendered":"<p>S\u0131rad\u0131\u015f\u0131 hayvanlarla e\u011flenceli fabllar Fabllarda insanlar susar, hayvanlar dile gelir. Onlar\u0131n ya\u015fad\u0131klar\u0131 ve s\u00f6ylediklerinden ise insanlar \u00e7ok \u015fey \u00f6\u011frenir. \u00c7a\u011fda\u015f \u00e7ocuk edebiyat\u0131m\u0131z\u0131n ba\u015far\u0131l\u0131 kalemlerinden \u00d6m\u00fcr Kurt<span class=\"excerpt-hellip\"> [\u2026]<\/span><\/p>\n","protected":false},"featured_media":0,"template":"","meta":{"_monsterinsights_skip_tracking":false,"_monsterinsights_sitenote_active":false,"_monsterinsights_sitenote_note":"","_monsterinsights_sitenote_category":0},"product_brand":[],"product_cat":[12275,12274],"product_tag":[],"class_list":{"0":"post-712350","1":"product","2":"type-product","3":"status-publish","5":"product_cat-6-12-yas-kitaplari","6":"product_cat-cocuk-ve-genclik-kitaplari","7":"pa_cilt-ciltsiz","8":"pa_tur-kitap","9":"pa_yayinevi-dogan-egmont-yayincilik","10":"pa_yazar-omur-kurt","12":"first","13":"instock","14":"sale","15":"shipping-taxable","16":"purchasable","17":"product-type-simple"},"_links":{"self":[{"href":"https:\/\/roveyayinevi.com.tr\/index.php\/wp-json\/wp\/v2\/product\/712350","targetHints":{"allow":["GET"]}}],"collection":[{"href":"https:\/\/roveyayinevi.com.tr\/index.php\/wp-json\/wp\/v2\/product"}],"about":[{"href":"https:\/\/roveyayinevi.com.tr\/index.php\/wp-json\/wp\/v2\/types\/product"}],"wp:attachment":[{"href":"https:\/\/roveyayinevi.com.tr\/index.php\/wp-json\/wp\/v2\/media?parent=712350"}],"wp:term":[{"taxonomy":"product_brand","embeddable":true,"href":"https:\/\/roveyayinevi.com.tr\/index.php\/wp-json\/wp\/v2\/product_brand?post=712350"},{"taxonomy":"product_cat","embeddable":true,"href":"https:\/\/roveyayinevi.com.tr\/index.php\/wp-json\/wp\/v2\/product_cat?post=712350"},{"taxonomy":"product_tag","embeddable":true,"href":"https:\/\/roveyayinevi.com.tr\/index.php\/wp-json\/wp\/v2\/product_tag?post=712350"}],"curies":[{"name":"wp","href":"https:\/\/api.w.org\/{rel}","templated":true}]}}