{"id":712349,"date":"2025-08-27T16:54:50","date_gmt":"2025-08-27T13:54:50","guid":{"rendered":"https:\/\/roveyayinevi.com.tr\/index.php\/urun\/barisin-meslek-hikayeleri-kepce-operatoru\/"},"modified":"2026-04-16T02:20:58","modified_gmt":"2026-04-15T23:20:58","slug":"barisin-meslek-hikayeleri-kepce-operatoru","status":"publish","type":"product","link":"https:\/\/roveyayinevi.com.tr\/index.php\/urun\/barisin-meslek-hikayeleri-kepce-operatoru\/","title":{"rendered":"Bar\u0131\u015f\u2019\u0131n Meslek Hikayeleri &#8211; Kep\u00e7e Operat\u00f6r\u00fc"},"content":{"rendered":"<p>Bar\u0131\u015f, en iyi arkada\u015f\u0131n\u0131n mahallelerine ta\u015f\u0131naca\u011f\u0131n\u0131 duyunca \u00e7ok heyecanlanm\u0131\u015ft\u0131. B\u00f6ylece onunla her zaman vakit ge\u00e7irebilecekti. Ancak bunun i\u00e7in biraz beklemesi gerekiyordu \u00e7\u00fcnk\u00fc arkada\u015f\u0131n\u0131n ta\u015f\u0131naca\u011f\u0131 ev hen\u00fcz in\u015faat halindeydi. Akl\u0131na bu durumu f\u0131rsata \u00e7evirecek harika bir \ufb01 kir geldi. Babas\u0131yla beraber i\u015f\u00e7ilerden izin al\u0131p in\u015faat alan\u0131ndaki kep\u00e7eyi yak\u0131ndan g\u00f6rebilirdi. Sen de Bar\u0131\u015f ile birlikte kep\u00e7e operat\u00f6rl\u00fc\u011f\u00fcn\u00fcn inceliklerini \u00f6\u011frenmeye ne dersin? Haydi, kocaman sar\u0131 kep\u00e7e in\u015faat alan\u0131nda seni bekliyor\u2026 Gen\u00e7 ku\u015fa\u011f\u0131n dikkat \u00e7eken kalemleri aras\u0131na ismini yazd\u0131ran G\u00f6ktu\u011f Canbaba, bu kez \u201cmeslek hik\u00e2yeleri\u201d ile \u00e7ocuklar\u0131n d\u00fcnyas\u0131na yeni bir kap\u0131 aral\u0131yor. <\/p>\n","protected":false},"excerpt":{"rendered":"<p>Bar\u0131\u015f, en iyi arkada\u015f\u0131n\u0131n mahallelerine ta\u015f\u0131naca\u011f\u0131n\u0131 duyunca \u00e7ok heyecanlanm\u0131\u015ft\u0131. B\u00f6ylece onunla her zaman vakit ge\u00e7irebilecekti. Ancak bunun i\u00e7in biraz beklemesi gerekiyordu \u00e7\u00fcnk\u00fc arkada\u015f\u0131n\u0131n ta\u015f\u0131naca\u011f\u0131 ev hen\u00fcz<span class=\"excerpt-hellip\"> [\u2026]<\/span><\/p>\n","protected":false},"featured_media":0,"template":"","meta":{"_monsterinsights_skip_tracking":false,"_monsterinsights_sitenote_active":false,"_monsterinsights_sitenote_note":"","_monsterinsights_sitenote_category":0},"product_brand":[],"product_cat":[12275,12274],"product_tag":[],"class_list":{"0":"post-712349","1":"product","2":"type-product","3":"status-publish","5":"product_cat-6-12-yas-kitaplari","6":"product_cat-cocuk-ve-genclik-kitaplari","7":"pa_cilt-ciltsiz","8":"pa_tur-kitap","9":"pa_yayinevi-dogan-egmont-yayincilik","10":"pa_yazar-goktug-canbaba","12":"first","13":"instock","14":"sale","15":"shipping-taxable","16":"purchasable","17":"product-type-simple"},"_links":{"self":[{"href":"https:\/\/roveyayinevi.com.tr\/index.php\/wp-json\/wp\/v2\/product\/712349","targetHints":{"allow":["GET"]}}],"collection":[{"href":"https:\/\/roveyayinevi.com.tr\/index.php\/wp-json\/wp\/v2\/product"}],"about":[{"href":"https:\/\/roveyayinevi.com.tr\/index.php\/wp-json\/wp\/v2\/types\/product"}],"wp:attachment":[{"href":"https:\/\/roveyayinevi.com.tr\/index.php\/wp-json\/wp\/v2\/media?parent=712349"}],"wp:term":[{"taxonomy":"product_brand","embeddable":true,"href":"https:\/\/roveyayinevi.com.tr\/index.php\/wp-json\/wp\/v2\/product_brand?post=712349"},{"taxonomy":"product_cat","embeddable":true,"href":"https:\/\/roveyayinevi.com.tr\/index.php\/wp-json\/wp\/v2\/product_cat?post=712349"},{"taxonomy":"product_tag","embeddable":true,"href":"https:\/\/roveyayinevi.com.tr\/index.php\/wp-json\/wp\/v2\/product_tag?post=712349"}],"curies":[{"name":"wp","href":"https:\/\/api.w.org\/{rel}","templated":true}]}}