{"id":712348,"date":"2025-08-27T16:54:50","date_gmt":"2025-08-27T13:54:50","guid":{"rendered":"https:\/\/roveyayinevi.com.tr\/index.php\/urun\/marksizm-ve-birey-sorunsali\/"},"modified":"2026-04-16T02:20:58","modified_gmt":"2026-04-15T23:20:58","slug":"marksizm-ve-birey-sorunsali","status":"publish","type":"product","link":"https:\/\/roveyayinevi.com.tr\/index.php\/urun\/marksizm-ve-birey-sorunsali\/","title":{"rendered":"Marksizm ve Birey Sorunsal\u0131"},"content":{"rendered":"<p>Marksizm bireyi nas\u0131l ele al\u0131r? Biyolojik, toplumsal ve psikolojik belirlenmelere nas\u0131l yakla\u015f\u0131r? Bireyi incelerken y\u00f6ntemini nas\u0131l in\u015fa eder, \u201cbili\u015fsel ara\u00e7lar\u201d\u0131n\u0131 nas\u0131l olu\u015fturur? Birey sorunsal\u0131 ekseninde \u201cbelirlenme\u201d, \u201ck\u00fclt\u00fcr\u201d, \u201cruh\/tin\u201d gibi kavramlar\u0131n yeri neresidir? Toplumsall\u0131\u011f\u0131n bireysel bi\u00e7imi olarak ruhumuzu; ses tonumuzda, sa\u00e7 kesimimizde, \u00f6p\u00fc\u015fmemizde, hatta t\u0131rna\u011f\u0131m\u0131zda bile bulabilir miyiz? \u201cDuygut\u00fcr\u201d nedir, birey konusuna yeni bir bak\u0131\u015f a\u00e7\u0131s\u0131 getiren bu kavrama nas\u0131l ula\u015f\u0131ld\u0131, her insanda be\u015f duyu gibi bulunan alt\u0131 \u201cduygut\u00fcr\u201d hangileridir?  Cem Ero\u011ful\u2019un uzun y\u0131llar s\u00fcren ara\u015ft\u0131rmalar\u0131na ve Birey Nedir? adl\u0131 \u00f6zg\u00fcn \u00e7al\u0131\u015fmas\u0131na giri\u015f niteli\u011fi ta\u015f\u0131yan Marksizm ve Birey Sorunsal\u0131, i\u015fte bu sorular\u0131n ve daha fazlas\u0131n\u0131n yan\u0131tlar\u0131n\u0131 olu\u015fturuyor. Ayn\u0131 zamanda, \u201cdiyalektik y\u00f6ntem\u201de dair ufuk a\u00e7\u0131c\u0131 bir \u00e7er\u00e7eve sunuyor. Cem Ero\u011ful\u2019dan bireye dair, Marksizmin bireye bak\u0131\u015f\u0131na dair \u00f6zl\u00fc bir rehber\u2026 <\/p>\n","protected":false},"excerpt":{"rendered":"<p>Marksizm bireyi nas\u0131l ele al\u0131r? Biyolojik, toplumsal ve psikolojik belirlenmelere nas\u0131l yakla\u015f\u0131r? Bireyi incelerken y\u00f6ntemini nas\u0131l in\u015fa eder, \u201cbili\u015fsel ara\u00e7lar\u201d\u0131n\u0131 nas\u0131l olu\u015fturur? Birey sorunsal\u0131 ekseninde \u201cbelirlenme\u201d,<span class=\"excerpt-hellip\"> [\u2026]<\/span><\/p>\n","protected":false},"featured_media":0,"template":"","meta":{"_monsterinsights_skip_tracking":false,"_monsterinsights_sitenote_active":false,"_monsterinsights_sitenote_note":"","_monsterinsights_sitenote_category":0},"product_brand":[],"product_cat":[16038,12388],"product_tag":[],"class_list":{"0":"post-712348","1":"product","2":"type-product","3":"status-publish","5":"product_cat-arastirma-inceleme-referans-felsefe","6":"product_cat-felsefe","7":"pa_cilt-ciltsiz","8":"pa_tur-kitap","9":"pa_yayinevi-yordam-kitap","10":"pa_yazar-cem-erogul","12":"first","13":"instock","14":"sale","15":"shipping-taxable","16":"purchasable","17":"product-type-simple"},"_links":{"self":[{"href":"https:\/\/roveyayinevi.com.tr\/index.php\/wp-json\/wp\/v2\/product\/712348","targetHints":{"allow":["GET"]}}],"collection":[{"href":"https:\/\/roveyayinevi.com.tr\/index.php\/wp-json\/wp\/v2\/product"}],"about":[{"href":"https:\/\/roveyayinevi.com.tr\/index.php\/wp-json\/wp\/v2\/types\/product"}],"wp:attachment":[{"href":"https:\/\/roveyayinevi.com.tr\/index.php\/wp-json\/wp\/v2\/media?parent=712348"}],"wp:term":[{"taxonomy":"product_brand","embeddable":true,"href":"https:\/\/roveyayinevi.com.tr\/index.php\/wp-json\/wp\/v2\/product_brand?post=712348"},{"taxonomy":"product_cat","embeddable":true,"href":"https:\/\/roveyayinevi.com.tr\/index.php\/wp-json\/wp\/v2\/product_cat?post=712348"},{"taxonomy":"product_tag","embeddable":true,"href":"https:\/\/roveyayinevi.com.tr\/index.php\/wp-json\/wp\/v2\/product_tag?post=712348"}],"curies":[{"name":"wp","href":"https:\/\/api.w.org\/{rel}","templated":true}]}}