{"id":712347,"date":"2025-08-27T16:54:49","date_gmt":"2025-08-27T13:54:49","guid":{"rendered":"https:\/\/roveyayinevi.com.tr\/index.php\/urun\/cizgilerle-nazim-hikmet\/"},"modified":"2026-04-16T02:20:58","modified_gmt":"2026-04-15T23:20:58","slug":"cizgilerle-nazim-hikmet","status":"publish","type":"product","link":"https:\/\/roveyayinevi.com.tr\/index.php\/urun\/cizgilerle-nazim-hikmet\/","title":{"rendered":"\u00c7izgilerle Naz\u0131m Hikmet"},"content":{"rendered":"<p>N\u00e2z\u0131m Hikmet, yaln\u0131z \u00fclkemizin de\u011fil, b\u00fct\u00fcn insanl\u0131\u011f\u0131n sahip oldu\u011fu evrensel bir de\u011fer. Onun \u015fiirleri kadar, d\u00fcr\u00fcstl\u00fck, cesaret, sevgi, dayan\u0131\u015fma, daha g\u00fczel bir d\u00fcnya i\u00e7in m\u00fccadele gibi insani \u00f6zellikleri de hepimiz i\u00e7in yol g\u00f6sterici. Bu kitap, okurlara, onun en az \u015fiirleri kadar renkli hayat\u0131n\u0131n k\u0131sa bir \u00f6yk\u00fcs\u00fcn\u00fc \u00e7izgilerle sunuyor. Bir Osmanl\u0131 pa\u015fas\u0131n\u0131n torunu olarak do\u011fup on d\u00f6rd\u00fcnde \u015fair, on dokuzunda kom\u00fcnist olan ve hayat\u0131n\u0131n sonuna dek, do\u011fru bildi\u011fi yolda d\u00f6v\u00fc\u015fen N\u00e2z\u0131m Hikmet\u2019in ya\u015fam \u00f6yk\u00fcs\u00fcnden sahnelere \u00e7izgiler yoluyla bakarken, bu b\u00fcy\u00fck \u015fairin hayat\u0131ndaki ola\u011fan\u00fcst\u00fcl\u00fckler kar\u015f\u0131s\u0131nda \u015fa\u015f\u0131racak, kimi zaman da \u00fclkemizde ve d\u00fcnyada bir yery\u00fcz\u00fc yurtta\u015f\u0131 olarak ya\u015faman\u0131n ne anlama geldi\u011fini yeniden d\u00fc\u015f\u00fcnmek gere\u011fi duyacaks\u0131n\u0131z. Turgay Fi\u015fek\u00e7i\u2019nin metni ve Soner Tuna\u2019n\u0131n \u00e7izgileriyle&#8230; <\/p>\n","protected":false},"excerpt":{"rendered":"<p>N\u00e2z\u0131m Hikmet, yaln\u0131z \u00fclkemizin de\u011fil, b\u00fct\u00fcn insanl\u0131\u011f\u0131n sahip oldu\u011fu evrensel bir de\u011fer. Onun \u015fiirleri kadar, d\u00fcr\u00fcstl\u00fck, cesaret, sevgi, dayan\u0131\u015fma, daha g\u00fczel bir d\u00fcnya i\u00e7in m\u00fccadele gibi<span class=\"excerpt-hellip\"> [\u2026]<\/span><\/p>\n","protected":false},"featured_media":0,"template":"","meta":{"_monsterinsights_skip_tracking":false,"_monsterinsights_sitenote_active":false,"_monsterinsights_sitenote_note":"","_monsterinsights_sitenote_category":0},"product_brand":[],"product_cat":[12416,12291],"product_tag":[],"class_list":{"0":"post-712347","1":"product","2":"type-product","3":"status-publish","5":"product_cat-cizgi-roman","6":"product_cat-edebiyat","7":"pa_cilt-ciltsiz","8":"pa_tur-kitap","9":"pa_yayinevi-yordam-kitap","10":"pa_yazar-turgay-fisekci-soner-tuna","12":"first","13":"instock","14":"sale","15":"shipping-taxable","16":"purchasable","17":"product-type-simple"},"_links":{"self":[{"href":"https:\/\/roveyayinevi.com.tr\/index.php\/wp-json\/wp\/v2\/product\/712347","targetHints":{"allow":["GET"]}}],"collection":[{"href":"https:\/\/roveyayinevi.com.tr\/index.php\/wp-json\/wp\/v2\/product"}],"about":[{"href":"https:\/\/roveyayinevi.com.tr\/index.php\/wp-json\/wp\/v2\/types\/product"}],"wp:attachment":[{"href":"https:\/\/roveyayinevi.com.tr\/index.php\/wp-json\/wp\/v2\/media?parent=712347"}],"wp:term":[{"taxonomy":"product_brand","embeddable":true,"href":"https:\/\/roveyayinevi.com.tr\/index.php\/wp-json\/wp\/v2\/product_brand?post=712347"},{"taxonomy":"product_cat","embeddable":true,"href":"https:\/\/roveyayinevi.com.tr\/index.php\/wp-json\/wp\/v2\/product_cat?post=712347"},{"taxonomy":"product_tag","embeddable":true,"href":"https:\/\/roveyayinevi.com.tr\/index.php\/wp-json\/wp\/v2\/product_tag?post=712347"}],"curies":[{"name":"wp","href":"https:\/\/api.w.org\/{rel}","templated":true}]}}