{"id":712339,"date":"2025-08-27T16:54:44","date_gmt":"2025-08-27T13:54:44","guid":{"rendered":"https:\/\/roveyayinevi.com.tr\/index.php\/urun\/adonis-attis-osiris-dogu-dinleri-tarihi-arastirmalari-1\/"},"modified":"2026-04-16T02:20:58","modified_gmt":"2026-04-15T23:20:58","slug":"adonis-attis-osiris-dogu-dinleri-tarihi-arastirmalari-1","status":"publish","type":"product","link":"https:\/\/roveyayinevi.com.tr\/index.php\/urun\/adonis-attis-osiris-dogu-dinleri-tarihi-arastirmalari-1\/","title":{"rendered":"Adonis, Attis, Osiris &#8211; Do\u011fu Dinleri Tarihi Ara\u015ft\u0131rmalar\u0131 &#8211; 1"},"content":{"rendered":"<p>Antropolog, halkbilimci, klasikler uzman\u0131, filolog gibi bir\u00e7ok kimli\u011fe sahip olan James George Frazer, di\u011fer eserlerinde oldu\u011fu gibi bu \u00e7al\u0131\u015fmas\u0131nda da t\u00fcm insanl\u0131k i\u00e7in ortak olan\u0131n pe\u015finde. Bu y\u00fczden kadim Anadolu medeniyetlerinden bahsederken Afrika yerlilerine ge\u00e7ti\u011finde, Antik Yunanistan\u2019\u0131n bir rit\u00fcelini \u00e7\u00f6z\u00fcmlerken K\u0131z\u0131lderili kabilelere at\u0131f yapt\u0131\u011f\u0131nda \u015fa\u015f\u0131rmamak gerek. Do\u011fu Dinleri Tarihi Ara\u015ft\u0131rmalar\u0131\u2019n\u0131 temel alan bu metin ise Adonis, Attis ve Osiris mitleri, gelenekleri ve rit\u00fcelleri \u00fczerinden Do\u011fu inan\u00e7 ve uygulamalar\u0131n\u0131n kaynaklar\u0131n\u0131 ke\u015ffediyor.Kar\u015f\u0131la\u015ft\u0131rmal\u0131 din ve mitoloji anlay\u0131\u015f\u0131ndan hareket eden bu \u00e7al\u0131\u015fma sadece ilgili alanlar\u0131 de\u011fil edebiyat, felsefe, antropoloji, psikoloji ve psikanaliz literat\u00fcr\u00fcn\u00fc de derinden etkilemi\u015ftir. <\/p>\n","protected":false},"excerpt":{"rendered":"<p>Antropolog, halkbilimci, klasikler uzman\u0131, filolog gibi bir\u00e7ok kimli\u011fe sahip olan James George Frazer, di\u011fer eserlerinde oldu\u011fu gibi bu \u00e7al\u0131\u015fmas\u0131nda da t\u00fcm insanl\u0131k i\u00e7in ortak olan\u0131n pe\u015finde.<span class=\"excerpt-hellip\"> [\u2026]<\/span><\/p>\n","protected":false},"featured_media":0,"template":"","meta":{"_monsterinsights_skip_tracking":false,"_monsterinsights_sitenote_active":false,"_monsterinsights_sitenote_note":"","_monsterinsights_sitenote_category":0},"product_brand":[],"product_cat":[19998,12388],"product_tag":[],"class_list":{"0":"post-712339","1":"product","2":"type-product","3":"status-publish","5":"product_cat-din-felsefesi","6":"product_cat-felsefe","7":"pa_cilt-ciltsiz","8":"pa_tur-kitap","9":"pa_yayinevi-pinhan-yayincilik","10":"pa_yazar-george-james-frazer","12":"first","13":"instock","14":"sale","15":"shipping-taxable","16":"purchasable","17":"product-type-simple"},"_links":{"self":[{"href":"https:\/\/roveyayinevi.com.tr\/index.php\/wp-json\/wp\/v2\/product\/712339","targetHints":{"allow":["GET"]}}],"collection":[{"href":"https:\/\/roveyayinevi.com.tr\/index.php\/wp-json\/wp\/v2\/product"}],"about":[{"href":"https:\/\/roveyayinevi.com.tr\/index.php\/wp-json\/wp\/v2\/types\/product"}],"wp:attachment":[{"href":"https:\/\/roveyayinevi.com.tr\/index.php\/wp-json\/wp\/v2\/media?parent=712339"}],"wp:term":[{"taxonomy":"product_brand","embeddable":true,"href":"https:\/\/roveyayinevi.com.tr\/index.php\/wp-json\/wp\/v2\/product_brand?post=712339"},{"taxonomy":"product_cat","embeddable":true,"href":"https:\/\/roveyayinevi.com.tr\/index.php\/wp-json\/wp\/v2\/product_cat?post=712339"},{"taxonomy":"product_tag","embeddable":true,"href":"https:\/\/roveyayinevi.com.tr\/index.php\/wp-json\/wp\/v2\/product_tag?post=712339"}],"curies":[{"name":"wp","href":"https:\/\/api.w.org\/{rel}","templated":true}]}}