{"id":712338,"date":"2025-08-27T16:54:44","date_gmt":"2025-08-27T13:54:44","guid":{"rendered":"https:\/\/roveyayinevi.com.tr\/index.php\/urun\/ask-nedir-ve-ne-olabilir\/"},"modified":"2026-04-16T02:20:58","modified_gmt":"2026-04-15T23:20:58","slug":"ask-nedir-ve-ne-olabilir","status":"publish","type":"product","link":"https:\/\/roveyayinevi.com.tr\/index.php\/urun\/ask-nedir-ve-ne-olabilir\/","title":{"rendered":"A\u015fk Nedir Ve Ne Olabilir?"},"content":{"rendered":"<p>Filozof Carrie Jenkins romantik sevginin do\u011fas\u0131 \u00fczerine, insanc\u0131l ve bilimsel unsurlar\u0131 uzla\u015ft\u0131ran cesur yeni bir teori \u00f6nermektedir. A\u015fk toplumsal bir yap\u0131 da olabilir \u2013romantik peri masal\u0131- biyolojik bir fenomen de \u2013endi\u015fe uyand\u0131ran kalp \u00e7arp\u0131nt\u0131lar\u0131-.  Bu eserin arkas\u0131ndaki derin motivasyon ise romantik sevgiyi anlaman\u0131n sorumlulu\u011fumuz oldu\u011fudur. A\u015fk, potansiyel olarak tehlikeli bir g\u00fc\u00e7t\u00fcr ve biyolojik yap\u0131lar\u0131m\u0131zla sosyal ya\u015fant\u0131m\u0131zdaki dayanaklar\u0131n imzas\u0131 alt\u0131ndad\u0131r. Genellikle a\u015fk\u0131 anla\u015f\u0131lmaz ve kontrold\u0131\u015f\u0131 oldu\u011funu var saymaktay\u0131z ancak bu, a\u015fk\u0131 anlama ve b\u00fcy\u00fcs\u00fc bozuldu\u011funda d\u00fczeltme konusundaki sorumlulu\u011fumuzdan vazge\u00e7menin bir yoludur. <\/p>\n","protected":false},"excerpt":{"rendered":"<p>Filozof Carrie Jenkins romantik sevginin do\u011fas\u0131 \u00fczerine, insanc\u0131l ve bilimsel unsurlar\u0131 uzla\u015ft\u0131ran cesur yeni bir teori \u00f6nermektedir. A\u015fk toplumsal bir yap\u0131 da olabilir \u2013romantik peri masal\u0131-<span class=\"excerpt-hellip\"> [\u2026]<\/span><\/p>\n","protected":false},"featured_media":0,"template":"","meta":{"_monsterinsights_skip_tracking":false,"_monsterinsights_sitenote_active":false,"_monsterinsights_sitenote_note":"","_monsterinsights_sitenote_category":0},"product_brand":[],"product_cat":[12358,12357],"product_tag":[],"class_list":{"0":"post-712338","1":"product","2":"type-product","3":"status-publish","5":"product_cat-genel-psikoloji","6":"product_cat-psikoloji","7":"pa_cilt-ciltsiz","8":"pa_tur-kitap","9":"pa_yayinevi-alabanda-yayin","10":"pa_yazar-carrie-jenkins","12":"first","13":"instock","14":"sale","15":"shipping-taxable","16":"purchasable","17":"product-type-simple"},"_links":{"self":[{"href":"https:\/\/roveyayinevi.com.tr\/index.php\/wp-json\/wp\/v2\/product\/712338","targetHints":{"allow":["GET"]}}],"collection":[{"href":"https:\/\/roveyayinevi.com.tr\/index.php\/wp-json\/wp\/v2\/product"}],"about":[{"href":"https:\/\/roveyayinevi.com.tr\/index.php\/wp-json\/wp\/v2\/types\/product"}],"wp:attachment":[{"href":"https:\/\/roveyayinevi.com.tr\/index.php\/wp-json\/wp\/v2\/media?parent=712338"}],"wp:term":[{"taxonomy":"product_brand","embeddable":true,"href":"https:\/\/roveyayinevi.com.tr\/index.php\/wp-json\/wp\/v2\/product_brand?post=712338"},{"taxonomy":"product_cat","embeddable":true,"href":"https:\/\/roveyayinevi.com.tr\/index.php\/wp-json\/wp\/v2\/product_cat?post=712338"},{"taxonomy":"product_tag","embeddable":true,"href":"https:\/\/roveyayinevi.com.tr\/index.php\/wp-json\/wp\/v2\/product_tag?post=712338"}],"curies":[{"name":"wp","href":"https:\/\/api.w.org\/{rel}","templated":true}]}}