{"id":712333,"date":"2025-08-27T16:54:40","date_gmt":"2025-08-27T13:54:40","guid":{"rendered":"https:\/\/roveyayinevi.com.tr\/index.php\/urun\/koy-enstitulu-delikanli-ozyasam-oykusu-02\/"},"modified":"2026-04-13T02:26:22","modified_gmt":"2026-04-12T23:26:22","slug":"koy-enstitulu-delikanli-ozyasam-oykusu-02","status":"publish","type":"product","link":"https:\/\/roveyayinevi.com.tr\/index.php\/urun\/koy-enstitulu-delikanli-ozyasam-oykusu-02\/","title":{"rendered":"K\u00f6y Enstit\u00fcl\u00fc Delikanl\u0131 &#8211; \u00d6zya\u015fam \u00d6yk\u00fcs\u00fc: 02"},"content":{"rendered":"<p>Bir ya\u015fam bu, \u00f6zya\u015fam&#8230;1943-1948 aras\u0131; k\u00f6y enstit\u00fcs\u00fcnde ge\u00e7en delikanl\u0131l\u0131k y\u0131llar\u0131m. K\u00f6ylere \u00f6\u011fretmen yeti\u015ftirmek i\u00e7in a\u00e7\u0131lan o kurumlarda 17.000 k\u00f6y \u00e7ocu\u011fu okuma olana\u011f\u0131 buldu. Onlardan biriyim. A\u00e7t\u0131klar\u0131na pi\u015fman olmu\u015f gibi on y\u0131l i\u00e7inde her \u015feyi ters t\u00fcrs ettiler. Bu y\u00fczden oradaki \u00f6\u011frencili\u011fimin yar\u0131s\u0131 cennet, yar\u0131s\u0131 cehennemdir. O y\u0131llar T\u00fcrkiye\u2019nin \u00e7ok partili demokrasiye ge\u00e7ti\u011fi k\u0131ra\u011f\u0131l\u0131 y\u0131llard\u0131. Ya\u015fad\u0131klar\u0131m\u0131 \u00f6yk\u00fc \u00f6yk\u00fc yazd\u0131m. T\u0131pk\u0131 \u00f6b\u00fcr y\u0131l salk\u0131mlar\u0131m gibi bol biberli bir romana benzedi.Fakir BaykurtDuisburg2.2.1995Okurlar\u0131n bekledi\u011fi \u00d6zya\u015fam sekiz kitaptan olu\u015fuyor:1. \u00d6z\u00fcm \u00c7ocuktur2. K\u00f6y Enstit\u00fcl\u00fc Delikanl\u01313. Kavac\u0131k K\u00f6y\u00fcn\u00fcn \u00d6\u011fretmeni4. K\u00f6\u015fe Bucak Anadolu5. Bir T\u00d6S Vard\u01316. Gen\u00e7 Emekli7. S\u0131ladan Uzakta8. Dost Y\u00fczleri (Portreler)\u0130\u00e7indekiler;Sunu\u015f, Birka\u00e7 S\u00f6z, K\u00f6y Enstit\u00fcl\u00fc Delikanl\u0131 \/ Cennette Gibi, Enstit\u00fcye Var\u0131\u015f\u0131m , G\u00f6nen\u2019de \u0130lk Zamanlar, Bir Cumartesi, \u201cM\u00fcziksiyen\u201d, B\u00fcy\u00fck Atlas, Kitapl\u0131k, \u015eiirin Yoku\u015f Yolu, \u015eiirim \u00c7\u0131kt\u0131\u011f\u0131 G\u00fcn, Hasano\u011flanl\u0131lar, Tongu\u00e7\u2019un Geli\u015fi, Tar\u0131mba\u015f\u0131, E\u011fitmen Sad\u0131k, Bir\u2019den \u0130ki\u2019ye, Atabeyli Kemal, Ayaz Bey, Bir Arkada\u015f\u0131n Babas\u0131, Homa Yolculu\u011fu, Findos, N\u00e2z\u0131m\u2019\u0131n Etkisi, Motorcu Fethi Usta, \u0130\u00e7me Suyumuz, Hacer ile Ahmet, Uyuz, Sizde Patatese Ne Dirler?, Kirizma, Bey ile Yolculuk, Heey Postac\u0131, \u201cFakir\u201d Ad\u0131m, M\u00fcjde, Sand\u0131k Ba\u015fkan\u0131, M\u00fcd\u00fcr\u00fcm\u00fcz Gidiyor, K\u00f6y Enstit\u00fcl\u00fc Delikanl\u0131 \/ K\u0131ra\u011f\u0131l\u0131 Y\u0131llarda, Bit, Yeni M\u00fcd\u00fcr, T\u00fcrk\u00e2n, Yeni K\u00f6y, Damga, Geriye \u00c7ark!, Sar\u0131 G\u00f6rg\u00fc, Fizik\u00e7i, Bask\u0131n, Deli Co\u011frafyac\u0131, Isparta Yolculu\u011fu, Kapl\u0131 Okunan Kitaplar, Sorgu, Burdur Gazetesi, G\u00f6zetim Alt\u0131nda, \u0130ki M\u00fcfetti\u015f, \u0130zne Giderken, K\u00f6ydeki Kitaplar, K\u00f6y\u00fcm\u00fcz\u00fcn \u00d6\u011fretmeniyle Tart\u0131\u015fma, Bakanl\u0131k M\u00fcfetti\u015fi, Enstit\u00fcden At\u0131l\u0131rsam, M\u00fcfetti\u015f \u00c7al\u0131\u015f\u0131yor, M\u00fcfetti\u015fin Sorular\u0131, Konuk \u00d6\u011fretmen, Mustafa A\u011fabey, G\u00f6nen\u2019de Son G\u00fcnler, Diploma, Romanda Ge\u00e7en Kimi S\u00f6zc\u00fckler <\/p>\n","protected":false},"excerpt":{"rendered":"<p>Bir ya\u015fam bu, \u00f6zya\u015fam&#8230;1943-1948 aras\u0131; k\u00f6y enstit\u00fcs\u00fcnde ge\u00e7en delikanl\u0131l\u0131k y\u0131llar\u0131m. K\u00f6ylere \u00f6\u011fretmen yeti\u015ftirmek i\u00e7in a\u00e7\u0131lan o kurumlarda 17.000 k\u00f6y \u00e7ocu\u011fu okuma olana\u011f\u0131 buldu. Onlardan biriyim. A\u00e7t\u0131klar\u0131na<span class=\"excerpt-hellip\"> [\u2026]<\/span><\/p>\n","protected":false},"featured_media":0,"template":"","meta":{"_monsterinsights_skip_tracking":false,"_monsterinsights_sitenote_active":false,"_monsterinsights_sitenote_note":"","_monsterinsights_sitenote_category":0},"product_brand":[],"product_cat":[12291,12711],"product_tag":[],"class_list":{"0":"post-712333","1":"product","2":"type-product","3":"status-publish","5":"product_cat-edebiyat","6":"product_cat-roman-oyku","7":"pa_cilt-ciltsiz","8":"pa_tur-kitap","9":"pa_yayinevi-literatur-yayinevi","10":"pa_yazar-fakir-baykurt","12":"first","13":"instock","14":"sale","15":"shipping-taxable","16":"purchasable","17":"product-type-simple"},"_links":{"self":[{"href":"https:\/\/roveyayinevi.com.tr\/index.php\/wp-json\/wp\/v2\/product\/712333","targetHints":{"allow":["GET"]}}],"collection":[{"href":"https:\/\/roveyayinevi.com.tr\/index.php\/wp-json\/wp\/v2\/product"}],"about":[{"href":"https:\/\/roveyayinevi.com.tr\/index.php\/wp-json\/wp\/v2\/types\/product"}],"wp:attachment":[{"href":"https:\/\/roveyayinevi.com.tr\/index.php\/wp-json\/wp\/v2\/media?parent=712333"}],"wp:term":[{"taxonomy":"product_brand","embeddable":true,"href":"https:\/\/roveyayinevi.com.tr\/index.php\/wp-json\/wp\/v2\/product_brand?post=712333"},{"taxonomy":"product_cat","embeddable":true,"href":"https:\/\/roveyayinevi.com.tr\/index.php\/wp-json\/wp\/v2\/product_cat?post=712333"},{"taxonomy":"product_tag","embeddable":true,"href":"https:\/\/roveyayinevi.com.tr\/index.php\/wp-json\/wp\/v2\/product_tag?post=712333"}],"curies":[{"name":"wp","href":"https:\/\/api.w.org\/{rel}","templated":true}]}}