{"id":712332,"date":"2025-08-27T16:54:40","date_gmt":"2025-08-27T13:54:40","guid":{"rendered":"https:\/\/roveyayinevi.com.tr\/index.php\/urun\/masalli-boyama\/"},"modified":"2026-04-16T02:20:58","modified_gmt":"2026-04-15T23:20:58","slug":"masalli-boyama","status":"publish","type":"product","link":"https:\/\/roveyayinevi.com.tr\/index.php\/urun\/masalli-boyama\/","title":{"rendered":"Masall\u0131 Boyama"},"content":{"rendered":"<p>S\u0131n\u0131rs\u0131z hayal g\u00fcc\u00fcm\u00fcz\u00fc harekete ge\u00e7irmenin tam zaman\u0131! Bol \u00f6d\u00fcll\u00fc yazar Mavisel Yener, kaleme ald\u0131\u011f\u0131 be\u015f \u00f6zg\u00fcn masal\u0131n resimlerini \u00e7ocuklar renklendirsin istiyor. Onlar\u0131n keyifle boyayaca\u011f\u0131 sayfalar, kendi \u00e7izimlerini yapabilecekleri alanlar, yarat\u0131c\u0131 yanlar\u0131n\u0131 ke\u015ffetme olana\u011f\u0131 sa\u011flayan birer hazine. \u0130\u015fte bu kitapta yer alan birbirinden e\u011flenceli masallar: Hap\u015f\u0131ran Fil Karn\u0131 Ac\u0131kan Z\u00fcrafa \u015eapkas\u0131n\u0131 Arayan Kirpi Sal\u0131ncaklar\u0131 Seven Dinozor Arkada\u015f\u0131m Tavusku\u015fu <\/p>\n","protected":false},"excerpt":{"rendered":"<p>S\u0131n\u0131rs\u0131z hayal g\u00fcc\u00fcm\u00fcz\u00fc harekete ge\u00e7irmenin tam zaman\u0131! Bol \u00f6d\u00fcll\u00fc yazar Mavisel Yener, kaleme ald\u0131\u011f\u0131 be\u015f \u00f6zg\u00fcn masal\u0131n resimlerini \u00e7ocuklar renklendirsin istiyor. Onlar\u0131n keyifle boyayaca\u011f\u0131 sayfalar, kendi<span class=\"excerpt-hellip\"> [\u2026]<\/span><\/p>\n","protected":false},"featured_media":0,"template":"","meta":{"_monsterinsights_skip_tracking":false,"_monsterinsights_sitenote_active":false,"_monsterinsights_sitenote_note":"","_monsterinsights_sitenote_category":0},"product_brand":[],"product_cat":[12644,12274],"product_tag":[],"class_list":{"0":"post-712332","1":"product","2":"type-product","3":"status-publish","5":"product_cat-boyama-kitaplari","6":"product_cat-cocuk-ve-genclik-kitaplari","7":"pa_cilt-ciltsiz","8":"pa_tur-kitap","9":"pa_yayinevi-bilgi-yayinevi-cocuk","10":"pa_yazar-mavisel-yener","12":"first","13":"instock","14":"sale","15":"shipping-taxable","16":"purchasable","17":"product-type-simple"},"_links":{"self":[{"href":"https:\/\/roveyayinevi.com.tr\/index.php\/wp-json\/wp\/v2\/product\/712332","targetHints":{"allow":["GET"]}}],"collection":[{"href":"https:\/\/roveyayinevi.com.tr\/index.php\/wp-json\/wp\/v2\/product"}],"about":[{"href":"https:\/\/roveyayinevi.com.tr\/index.php\/wp-json\/wp\/v2\/types\/product"}],"wp:attachment":[{"href":"https:\/\/roveyayinevi.com.tr\/index.php\/wp-json\/wp\/v2\/media?parent=712332"}],"wp:term":[{"taxonomy":"product_brand","embeddable":true,"href":"https:\/\/roveyayinevi.com.tr\/index.php\/wp-json\/wp\/v2\/product_brand?post=712332"},{"taxonomy":"product_cat","embeddable":true,"href":"https:\/\/roveyayinevi.com.tr\/index.php\/wp-json\/wp\/v2\/product_cat?post=712332"},{"taxonomy":"product_tag","embeddable":true,"href":"https:\/\/roveyayinevi.com.tr\/index.php\/wp-json\/wp\/v2\/product_tag?post=712332"}],"curies":[{"name":"wp","href":"https:\/\/api.w.org\/{rel}","templated":true}]}}