{"id":712331,"date":"2025-08-27T16:54:39","date_gmt":"2025-08-27T13:54:39","guid":{"rendered":"https:\/\/roveyayinevi.com.tr\/index.php\/urun\/hasan-celebi-ve-belagatcilara-yonelik-tenkitleri-mutavvel-hasiyesi-cercevesinde\/"},"modified":"2026-04-16T02:20:58","modified_gmt":"2026-04-15T23:20:58","slug":"hasan-celebi-ve-belagatcilara-yonelik-tenkitleri-mutavvel-hasiyesi-cercevesinde","status":"publish","type":"product","link":"https:\/\/roveyayinevi.com.tr\/index.php\/urun\/hasan-celebi-ve-belagatcilara-yonelik-tenkitleri-mutavvel-hasiyesi-cercevesinde\/","title":{"rendered":"Hasan \u00c7elebi ve Belagat\u00e7\u0131lara Y\u00f6nelik Tenkitleri &#8211; Mutavvel Ha\u015fiyesi \u00c7er\u00e7evesinde"},"content":{"rendered":"<p>Bir d\u00fc\u015f\u00fcncenin anlam\u0131 en do\u011fru bi\u00e7imde aktar\u0131lmas\u0131 yani s\u00f6zbilim anlam\u0131na gelen bel\u00e2gat, Osmanl\u0131 medreselerinde ilim olarak ele al\u0131nan derslerden biriydi. Kazv\u00een\u00ee\u2019nin Telh\u00eesu\u2019l-Mift\u00e2h\u2019\u0131 ve onun en \u00f6nemli \u015ferhlerinden kabul edilen Teft\u00e2z\u00e2n\u00ee\u2019nin Mutavvel adl\u0131 eseri Osmanl\u0131 medreselerinde uzun y\u0131llar okutulan ders kitaplar\u0131ndand\u0131r. Bu durumun da etkisiyle Osmanl\u0131 \u00e2limleri bu eserler \u00e7er\u00e7evesinde \u015ferh, h\u00e2\u015fiye ve ta\u2018l\u00eek\u00e2t gibi bir\u00e7ok eser kaleme alm\u0131\u015flard\u0131r. Hasan \u00c7elebi ve Bel\u00e2gat\u00e7\u0131lara Y\u00f6nelik Tenkitleri eserinde, Mutavvel \u00fczerine yap\u0131lm\u0131\u015f \u00e7al\u0131\u015fmalar\u0131n\u0131n en \u00f6nemlilerinden biri olan Osmanl\u0131 \u00e2limi Fen\u00e2r\u00ee Hasan \u00c7elebi\u2019nin H\u00e2\u015fiye \u2018ale\u2019l-Mutavvel\u2019i h\u00e2\u015fiye tekni\u011fi, eserin kaynaklar\u0131, Mutavvel\u2019e katk\u0131lar\u0131 gibi a\u00e7\u0131lardan ayr\u0131nt\u0131l\u0131 bir \u015fekilde incelenmi\u015ftir. \ufffcTan\u0131t\u0131m Metni<\/p>\n","protected":false},"excerpt":{"rendered":"<p>Bir d\u00fc\u015f\u00fcncenin anlam\u0131 en do\u011fru bi\u00e7imde aktar\u0131lmas\u0131 yani s\u00f6zbilim anlam\u0131na gelen bel\u00e2gat, Osmanl\u0131 medreselerinde ilim olarak ele al\u0131nan derslerden biriydi. Kazv\u00een\u00ee\u2019nin Telh\u00eesu\u2019l-Mift\u00e2h\u2019\u0131 ve onun en \u00f6nemli<span class=\"excerpt-hellip\"> [\u2026]<\/span><\/p>\n","protected":false},"featured_media":0,"template":"","meta":{"_monsterinsights_skip_tracking":false,"_monsterinsights_sitenote_active":false,"_monsterinsights_sitenote_note":"","_monsterinsights_sitenote_category":0},"product_brand":[],"product_cat":[13517,12304],"product_tag":[],"class_list":{"0":"post-712331","1":"product","2":"type-product","3":"status-publish","5":"product_cat-osmanli-tarihi","6":"product_cat-tarih","7":"pa_cilt-ciltsiz","8":"pa_tur-kitap","9":"pa_yayinevi-ideal-kultur-yayincilik","10":"pa_yazar-mustafa-ismail-donmez","12":"first","13":"instock","14":"sale","15":"shipping-taxable","16":"purchasable","17":"product-type-simple"},"_links":{"self":[{"href":"https:\/\/roveyayinevi.com.tr\/index.php\/wp-json\/wp\/v2\/product\/712331","targetHints":{"allow":["GET"]}}],"collection":[{"href":"https:\/\/roveyayinevi.com.tr\/index.php\/wp-json\/wp\/v2\/product"}],"about":[{"href":"https:\/\/roveyayinevi.com.tr\/index.php\/wp-json\/wp\/v2\/types\/product"}],"wp:attachment":[{"href":"https:\/\/roveyayinevi.com.tr\/index.php\/wp-json\/wp\/v2\/media?parent=712331"}],"wp:term":[{"taxonomy":"product_brand","embeddable":true,"href":"https:\/\/roveyayinevi.com.tr\/index.php\/wp-json\/wp\/v2\/product_brand?post=712331"},{"taxonomy":"product_cat","embeddable":true,"href":"https:\/\/roveyayinevi.com.tr\/index.php\/wp-json\/wp\/v2\/product_cat?post=712331"},{"taxonomy":"product_tag","embeddable":true,"href":"https:\/\/roveyayinevi.com.tr\/index.php\/wp-json\/wp\/v2\/product_tag?post=712331"}],"curies":[{"name":"wp","href":"https:\/\/api.w.org\/{rel}","templated":true}]}}