{"id":712330,"date":"2025-08-27T16:54:39","date_gmt":"2025-08-27T13:54:39","guid":{"rendered":"https:\/\/roveyayinevi.com.tr\/index.php\/urun\/bozkir-ruzgari-siyah-kalem\/"},"modified":"2026-02-03T02:33:34","modified_gmt":"2026-02-02T23:33:34","slug":"bozkir-ruzgari-siyah-kalem","status":"publish","type":"product","link":"https:\/\/roveyayinevi.com.tr\/index.php\/urun\/bozkir-ruzgari-siyah-kalem\/","title":{"rendered":"Bozk\u0131r R\u00fczgar\u0131 Siyah Kalem"},"content":{"rendered":"<p>Mazhar \u015e. \u0130p\u015firo\u011flu, 1985\u2019te yay\u0131mlanan Bozk\u0131r R\u00fczg\u00e2r\u0131: Siyah Kalem ile, 1950\u2019lerden beri \u00fczerinde \u00e7al\u0131\u015ft\u0131\u011f\u0131 Siyah Kalem\u2019le ilgili, zaman i\u00e7inde de\u011fi\u015fen g\u00f6r\u00fc\u015flerine de son noktay\u0131 koyuyor.Siyah Kalem\u2019in mitler \u00e7a\u011f\u0131na \u00f6zg\u00fc bir d\u00fc\u015f\u00fcncenin etkisiyle ele ald\u0131\u011f\u0131 farkl\u0131 \u0131rklara, farkl\u0131 inan\u00e7lara, farkl\u0131 s\u0131n\u0131flara ait fig\u00fcrleri ve hayali kahramanlar\u0131: dervi\u015fler, \u015famanlar, efendiler, g\u00f6\u00e7ebeler, devler ve cinler k\u00e2\u011f\u0131t ya da ipek rulolar \u00fcst\u00fcnde h\u00e2l\u00e2 ya\u015f\u0131yorlar.\u0130p\u015firo\u011flu, b\u00fcy\u00fcn\u00fcn ve \u00f6z\u00fcn d\u00fcnyas\u0131ndan gelen, bozk\u0131r insan\u0131n\u0131n hayatla kurdu\u011fu ili\u015fkiden beslenen bu resimlerdeki kaotik yap\u0131y\u0131 kar\u015f\u0131la\u015ft\u0131rmal\u0131 estetik kuram\u0131yla inceleyerek \u00fclkemiz sanat tarihi k\u00fclt\u00fcr\u00fcne ilgin\u00e7 ve ba\u015far\u0131l\u0131 bir \u00f6rnek kazand\u0131rm\u0131\u015ft\u0131r. <\/p>\n","protected":false},"excerpt":{"rendered":"<p>Mazhar \u015e. \u0130p\u015firo\u011flu, 1985\u2019te yay\u0131mlanan Bozk\u0131r R\u00fczg\u00e2r\u0131: Siyah Kalem ile, 1950\u2019lerden beri \u00fczerinde \u00e7al\u0131\u015ft\u0131\u011f\u0131 Siyah Kalem\u2019le ilgili, zaman i\u00e7inde de\u011fi\u015fen g\u00f6r\u00fc\u015flerine de son noktay\u0131 koyuyor.Siyah Kalem\u2019in<span class=\"excerpt-hellip\"> [\u2026]<\/span><\/p>\n","protected":false},"featured_media":0,"template":"","meta":{"_monsterinsights_skip_tracking":false,"_monsterinsights_sitenote_active":false,"_monsterinsights_sitenote_note":"","_monsterinsights_sitenote_category":0},"product_brand":[],"product_cat":[12408,14197],"product_tag":[],"class_list":{"0":"post-712330","1":"product","2":"type-product","3":"status-publish","5":"product_cat-sanat","6":"product_cat-sanat-tarihi","7":"pa_cilt-ciltsiz","8":"pa_tur-kitap","9":"pa_yayinevi-yapi-kredi-yayinlari","10":"pa_yazar-mazhar-sevket-ipsiroglu","12":"first","13":"instock","14":"sale","15":"shipping-taxable","16":"purchasable","17":"product-type-simple"},"_links":{"self":[{"href":"https:\/\/roveyayinevi.com.tr\/index.php\/wp-json\/wp\/v2\/product\/712330","targetHints":{"allow":["GET"]}}],"collection":[{"href":"https:\/\/roveyayinevi.com.tr\/index.php\/wp-json\/wp\/v2\/product"}],"about":[{"href":"https:\/\/roveyayinevi.com.tr\/index.php\/wp-json\/wp\/v2\/types\/product"}],"wp:attachment":[{"href":"https:\/\/roveyayinevi.com.tr\/index.php\/wp-json\/wp\/v2\/media?parent=712330"}],"wp:term":[{"taxonomy":"product_brand","embeddable":true,"href":"https:\/\/roveyayinevi.com.tr\/index.php\/wp-json\/wp\/v2\/product_brand?post=712330"},{"taxonomy":"product_cat","embeddable":true,"href":"https:\/\/roveyayinevi.com.tr\/index.php\/wp-json\/wp\/v2\/product_cat?post=712330"},{"taxonomy":"product_tag","embeddable":true,"href":"https:\/\/roveyayinevi.com.tr\/index.php\/wp-json\/wp\/v2\/product_tag?post=712330"}],"curies":[{"name":"wp","href":"https:\/\/api.w.org\/{rel}","templated":true}]}}