{"id":712328,"date":"2025-08-27T16:54:37","date_gmt":"2025-08-27T13:54:37","guid":{"rendered":"https:\/\/roveyayinevi.com.tr\/index.php\/urun\/yenilmeyenler\/"},"modified":"2026-04-16T02:20:58","modified_gmt":"2026-04-15T23:20:58","slug":"yenilmeyenler","status":"publish","type":"product","link":"https:\/\/roveyayinevi.com.tr\/index.php\/urun\/yenilmeyenler\/","title":{"rendered":"Yenilmeyenler"},"content":{"rendered":"<p>Faulkner, ailesi de Amerikan \u0130\u00e7 Sava\u015f\u0131\u2019nda yer alm\u0131\u015f bir yazar olarak, hem do\u011frudan hem g\u00f6ndermelerle bu sava\u015fa bir\u00e7ok yap\u0131t\u0131nda de\u011finmi\u015ftir. YEN\u0130LMEYENLER yaln\u0131z Amerikan \u0130\u00e7 Sava\u015f\u0131\u2019n\u0131n de\u011fil, belki de b\u00fct\u00fcn sava\u015f edebiyatlar\u0131n\u0131n en ilgin\u00e7 yap\u0131tlar\u0131ndan biridir. Faulkner sava\u015f\u0131 arka plana alarak, ya\u015fl\u0131 bir kad\u0131n, yeniyetmeli\u011fe yakla\u015fan bir \u00e7ocuk ve onun siyah \u2013k\u00f6le\u2013 arkada\u015f\u0131n\u0131n ba\u015frolde oldu\u011fu bir \u201ccephe gerisi\u201d \u00f6yk\u00fcs\u00fc kurar. Anlat\u0131y\u0131, sava\u015fa kendi \u00f6zel birli\u011fini kurup kat\u0131lm\u0131\u015f \u00e7iftlik sahibi Albay John Sartoris\u2019in o\u011flu Bayard Sartoris\u2019in g\u00f6z\u00fcnden izler, onun a\u011fz\u0131ndan dinleriz. Romana ad\u0131n\u0131 veren \u201cyenilmeyenler\u201d de bu cephe gerisindekilerdir: Direni\u015f ya\u015fl\u0131 bir kad\u0131nda ve iki \u00e7ocukta s\u00fcregider, yoksa G\u00fcney\u2019in ordular\u0131 yenilmi\u015ftir\u2026   Yenilmeyenler k\u00fc\u00e7\u00fck boyutuna kar\u015f\u0131n Faulkner\u2019\u0131n kilit yap\u0131tlar\u0131ndan biri: Macera dolu, zaman zaman g\u00fcld\u00fcr\u00fc tad\u0131nda, al\u0131\u015f\u0131lmad\u0131k bir sava\u015f anlat\u0131s\u0131.   \u201c&#8230; ya\u015fl\u0131 adamlar, daha yaz\u0131 bulunmadan \u00f6nce gen\u00e7lere, erkek \u00e7ocuklara, sava\u015f ve \u00e7at\u0131\u015fma \u00f6yk\u00fcleri anlatm\u0131\u015flard\u0131: Olaylar\u0131n tam nerede ya da ne zaman ge\u00e7ti\u011fini sormak anlams\u0131zd\u0131; ayr\u0131nt\u0131lara kim ald\u0131r\u0131r, ya da Yapma ihtiyar, do\u011fru s\u00f6yle: Sen bu anlatt\u0131\u011f\u0131n\u0131 g\u00f6zlerinle g\u00f6rd\u00fcn m\u00fc? Ger\u00e7ekten orada m\u0131yd\u0131n? diye kim \u00fcsteler ki. \u00c7\u00fcnk\u00fc sava\u015f sava\u015ft\u0131r: Barut \u00e7a\u011f\u0131nda, patlayan hep ayn\u0131 baruttur; barutun bulunmad\u0131\u011f\u0131 zamanlar, sald\u0131r\u0131 da savunma da hep demirle yap\u0131l\u0131r \u2013 ayn\u0131 \u00f6yk\u00fc, ayn\u0131 anlat\u0131m, bir sonraki ya da bir \u00f6ncekinden fark\u0131 yok. Evet biliyorduk, ortada bir sava\u015f vard\u0131&#8230;\u201d (kitaptan) <\/p>\n","protected":false},"excerpt":{"rendered":"<p>Faulkner, ailesi de Amerikan \u0130\u00e7 Sava\u015f\u0131\u2019nda yer alm\u0131\u015f bir yazar olarak, hem do\u011frudan hem g\u00f6ndermelerle bu sava\u015fa bir\u00e7ok yap\u0131t\u0131nda de\u011finmi\u015ftir. YEN\u0130LMEYENLER yaln\u0131z Amerikan \u0130\u00e7 Sava\u015f\u0131\u2019n\u0131n de\u011fil,<span class=\"excerpt-hellip\"> [\u2026]<\/span><\/p>\n","protected":false},"featured_media":0,"template":"","meta":{"_monsterinsights_skip_tracking":false,"_monsterinsights_sitenote_active":false,"_monsterinsights_sitenote_note":"","_monsterinsights_sitenote_category":0},"product_brand":[],"product_cat":[12891,12291],"product_tag":[],"class_list":{"0":"post-712328","1":"product","2":"type-product","3":"status-publish","5":"product_cat-amerikan-edebiyati","6":"product_cat-edebiyat","7":"pa_cilt-ciltsiz","8":"pa_tur-kitap","9":"pa_yayinevi-yapi-kredi-yayinlari","10":"pa_yazar-william-faulkner","12":"first","13":"instock","14":"sale","15":"shipping-taxable","16":"purchasable","17":"product-type-simple"},"_links":{"self":[{"href":"https:\/\/roveyayinevi.com.tr\/index.php\/wp-json\/wp\/v2\/product\/712328","targetHints":{"allow":["GET"]}}],"collection":[{"href":"https:\/\/roveyayinevi.com.tr\/index.php\/wp-json\/wp\/v2\/product"}],"about":[{"href":"https:\/\/roveyayinevi.com.tr\/index.php\/wp-json\/wp\/v2\/types\/product"}],"wp:attachment":[{"href":"https:\/\/roveyayinevi.com.tr\/index.php\/wp-json\/wp\/v2\/media?parent=712328"}],"wp:term":[{"taxonomy":"product_brand","embeddable":true,"href":"https:\/\/roveyayinevi.com.tr\/index.php\/wp-json\/wp\/v2\/product_brand?post=712328"},{"taxonomy":"product_cat","embeddable":true,"href":"https:\/\/roveyayinevi.com.tr\/index.php\/wp-json\/wp\/v2\/product_cat?post=712328"},{"taxonomy":"product_tag","embeddable":true,"href":"https:\/\/roveyayinevi.com.tr\/index.php\/wp-json\/wp\/v2\/product_tag?post=712328"}],"curies":[{"name":"wp","href":"https:\/\/api.w.org\/{rel}","templated":true}]}}