{"id":712327,"date":"2025-08-27T16:54:37","date_gmt":"2025-08-27T13:54:37","guid":{"rendered":"https:\/\/roveyayinevi.com.tr\/index.php\/urun\/ruhun-yalnizligi\/"},"modified":"2026-04-16T02:20:58","modified_gmt":"2026-04-15T23:20:58","slug":"ruhun-yalnizligi","status":"publish","type":"product","link":"https:\/\/roveyayinevi.com.tr\/index.php\/urun\/ruhun-yalnizligi\/","title":{"rendered":"Ruhun Yaln\u0131zl\u0131\u011f\u0131"},"content":{"rendered":"<p>Modern psikiyatrinin so\u011fuk, bilimsel ve insana mesafeli, yabanc\u0131la\u015ft\u0131r\u0131c\u0131 duru\u015funa kar\u015f\u0131 her zaman ele\u015ftirel bir tav\u0131r koydu\u011fu pek \u00e7ok kitab\u0131 bulunan \u0130talyan psikiyatr ve akademisyen Eugenio Borgna&#8217;n\u0131n ilk kez T\u00fcrk\u00e7ede bir kitab\u0131 yay\u0131mlan\u0131yor: Ruhun Yaln\u0131zl\u0131\u011f\u0131. Kitaplar\u0131nda, hakikatin insan\u0131n i\u00e7inde oldu\u011funu s\u00f6yleyen Augustinus d\u00fc\u015f\u00fcncesine dayanan Borgna, psikiyatrinin inceleme oda\u011f\u0131n\u0131n hastal\u0131k de\u011fil, hasta ki\u015finin ya\u015fant\u0131 i\u00e7erikleri olmas\u0131 gerekti\u011fini vurguluyor. &#8220;G\u00fcn\u00fcm\u00fczdeki anlay\u0131\u015f\u0131n mutluluk kayna\u011f\u0131 olarak kabul etti\u011fi \u015feyler her f\u0131rsatta, her durumda ve her yolla istenmekte ve aranmakta ve baz\u0131 ila\u00e7lar, baz\u0131 antidepresanlar da, \u00e7o\u011fu zaman i\u015fe yaramaz birer h avai f i\u015fek olmaktan \u00f6teye gidemeyen, zafer haline getirilmi\u015f bir mutlulu\u011fa ula\u015fman\u0131n arac\u0131 ve yolu olarak kullan\u0131lmaktad\u0131r. Bunu da, mutsuzluk ve depresyona yol a\u00e7an sonsuz hayal k\u0131r\u0131kl\u0131klar\u0131 ve tatminsizlikler izlemektedir; bunun nedeni de, anlaml\u0131, derin, b\u00fcy\u00fck mutluluklar\u0131n oldu\u011fu gibi, u\u00e7up ka\u00e7\u0131c\u0131, ancak bir sabah s\u00fcren, ard\u0131nda sadece k\u00fcller b\u0131rakan, g\u00f6r\u00fcn\u00fc\u015ften ibaret, k\u00fc\u00e7\u00fck mutluluklar\u0131n da olmas\u0131d\u0131r&#8221; diyen Eugenio Borgna, ac\u0131dan korkan zamane anlay\u0131\u015f\u0131na kar\u015f\u0131, gerek ruhsal gerekse bedensel a\u00e7\u0131dan hayat\u0131m\u0131z\u0131n her d\u00f6neminde i\u00e7 i\u00e7e olabilece\u011fimiz, ka\u00e7mam\u0131z\u0131n m\u00fcmk\u00fcn olmad\u0131\u011f\u0131 ac\u0131y\u0131 sanatla, edebiyatla, felsefeyle ve biraz da tevekk\u00fclle yeniden okuman\u0131n yollar\u0131 \u00fczerine d\u00fc\u015f\u00fcn\u00fcyor. &#8220;Ac\u0131n\u0131n hayat\u0131m\u0131za girmemesi m\u00fcmk\u00fcn de\u011fildir: Belki, zaman zaman, fiziksel ac\u0131n\u0131n, beden ac\u0131s\u0131n\u0131n \u00e7ehresini ke\u015ffetmedi\u011fimiz olur, ama hayat\u0131m\u0131z\u0131n hi\u00e7 olmazsa baz\u0131 saatlerinde, sonsuz ba\u015fkala\u015f\u0131m\u0131yla ruh ac\u0131s\u0131 bize yabanc\u0131 kalmayacakt\u0131r. Elbette ki fiziksel ac\u0131 olgusu hepimiz i\u00e7in ayn\u0131d\u0131r. Ac\u0131n\u0131n yo\u011funlu\u011funun, s\u00fcresinin de\u011fi\u015fti\u011fi gibi ac\u0131ya y\u00f6nelik ki\u015fisel duyarl\u0131l\u0131k da de\u011fi\u015fir. Buna, her hal\u00fck\u00e2rda tecrit, insanlar\u0131n d\u00fcnyas\u0131ndan kopma olan yaln\u0131zl\u0131\u011fa ili\u015fkin farkl\u0131 bir alg\u0131 da e\u015flik eder. Ruh ac\u0131s\u0131n\u0131n, onun olu\u015fumunun ise yekpare hi\u00e7bir yan\u0131 yoktur: Her birimiz onu kendi duygulan\u0131msal ve varolu\u015fsal yans\u0131malar\u0131m\u0131zla, zaman zaman karanl\u0131k ve kaskat\u0131, zaman zaman da hayata ve umuda a\u00e7\u0131k olan, kendimize has yaln\u0131zl\u0131k deneyimlerimizle ya\u015far\u0131z. Ama her hal\u00fck\u00e2rda beden ac\u0131s\u0131 ge\u00e7ince bellekte bir iz b\u0131rakmaz; oysa ruh ac\u0131s\u0131, derin ise silinmez: Beklenmedik ve \u00f6ng\u00f6r\u00fclmez olaylar\u0131n izinden yeniden do\u011fabilir&#8221; diyen Borgna&#8217;ya g\u00f6re, &#8220;Sessizlik her s\u00f6yle\u015finin par\u00e7as\u0131 olmakla kalmaz, her hayat bi\u00e7iminin de bir par\u00e7as\u0131d\u0131r; ve her defas\u0131nda onun k\u00f6kenini ve anlamlar\u0131n\u0131 tahlil etmek gereklidir.&#8221;\ufffcTan\u0131t\u0131m Metni<\/p>\n","protected":false},"excerpt":{"rendered":"<p>Modern psikiyatrinin so\u011fuk, bilimsel ve insana mesafeli, yabanc\u0131la\u015ft\u0131r\u0131c\u0131 duru\u015funa kar\u015f\u0131 her zaman ele\u015ftirel bir tav\u0131r koydu\u011fu pek \u00e7ok kitab\u0131 bulunan \u0130talyan psikiyatr ve akademisyen Eugenio Borgna&#8217;n\u0131n<span class=\"excerpt-hellip\"> [\u2026]<\/span><\/p>\n","protected":false},"featured_media":0,"template":"","meta":{"_monsterinsights_skip_tracking":false,"_monsterinsights_sitenote_active":false,"_monsterinsights_sitenote_note":"","_monsterinsights_sitenote_category":0},"product_brand":[],"product_cat":[12358,12357],"product_tag":[],"class_list":{"0":"post-712327","1":"product","2":"type-product","3":"status-publish","5":"product_cat-genel-psikoloji","6":"product_cat-psikoloji","7":"pa_cilt-ciltsiz","8":"pa_tur-kitap","9":"pa_yayinevi-yapi-kredi-yayinlari","10":"pa_yazar-eugenio-borgna","12":"first","13":"instock","14":"sale","15":"shipping-taxable","16":"purchasable","17":"product-type-simple"},"_links":{"self":[{"href":"https:\/\/roveyayinevi.com.tr\/index.php\/wp-json\/wp\/v2\/product\/712327","targetHints":{"allow":["GET"]}}],"collection":[{"href":"https:\/\/roveyayinevi.com.tr\/index.php\/wp-json\/wp\/v2\/product"}],"about":[{"href":"https:\/\/roveyayinevi.com.tr\/index.php\/wp-json\/wp\/v2\/types\/product"}],"wp:attachment":[{"href":"https:\/\/roveyayinevi.com.tr\/index.php\/wp-json\/wp\/v2\/media?parent=712327"}],"wp:term":[{"taxonomy":"product_brand","embeddable":true,"href":"https:\/\/roveyayinevi.com.tr\/index.php\/wp-json\/wp\/v2\/product_brand?post=712327"},{"taxonomy":"product_cat","embeddable":true,"href":"https:\/\/roveyayinevi.com.tr\/index.php\/wp-json\/wp\/v2\/product_cat?post=712327"},{"taxonomy":"product_tag","embeddable":true,"href":"https:\/\/roveyayinevi.com.tr\/index.php\/wp-json\/wp\/v2\/product_tag?post=712327"}],"curies":[{"name":"wp","href":"https:\/\/api.w.org\/{rel}","templated":true}]}}