{"id":712326,"date":"2025-08-27T16:54:36","date_gmt":"2025-08-27T13:54:36","guid":{"rendered":"https:\/\/roveyayinevi.com.tr\/index.php\/urun\/yeni-hayat-3\/"},"modified":"2026-04-16T02:20:57","modified_gmt":"2026-04-15T23:20:57","slug":"yeni-hayat-3","status":"publish","type":"product","link":"https:\/\/roveyayinevi.com.tr\/index.php\/urun\/yeni-hayat-3\/","title":{"rendered":"Yeni Hayat"},"content":{"rendered":"<p>Dante, b\u00fcy\u00fck yap\u0131t\u0131 &#8220;\u0130lahi Komedya&#8221;y\u0131 haz\u0131rlayan kitab\u0131 &#8220;Yeni Hayat&#8221;\u0131 1292&#8217;de yazmaya ba\u015flam\u0131\u015ft\u0131. Beatrice ile tutkulu ser\u00fcveninin izlerini ta\u015f\u0131yan kitap, yaz\u0131l\u0131\u015f \u00f6zellikleri nedeniyle modernlere de \u00f6nc\u00fcl\u00fck etmi\u015f bir yap\u0131ya dayan\u0131r. \u0130lk kez dilimize \u00e7evrilen &#8220;Yeni Hayat&#8221; klasik Avrupa edebiyat\u0131n\u0131n temel metinleri aras\u0131nda yer al\u0131yor. \ufffcTan\u0131t\u0131m Metni<\/p>\n","protected":false},"excerpt":{"rendered":"<p>Dante, b\u00fcy\u00fck yap\u0131t\u0131 &#8220;\u0130lahi Komedya&#8221;y\u0131 haz\u0131rlayan kitab\u0131 &#8220;Yeni Hayat&#8221;\u0131 1292&#8217;de yazmaya ba\u015flam\u0131\u015ft\u0131. Beatrice ile tutkulu ser\u00fcveninin izlerini ta\u015f\u0131yan kitap, yaz\u0131l\u0131\u015f \u00f6zellikleri nedeniyle modernlere de \u00f6nc\u00fcl\u00fck etmi\u015f<span class=\"excerpt-hellip\"> [\u2026]<\/span><\/p>\n","protected":false},"featured_media":0,"template":"","meta":{"_monsterinsights_skip_tracking":false,"_monsterinsights_sitenote_active":false,"_monsterinsights_sitenote_note":"","_monsterinsights_sitenote_category":0},"product_brand":[],"product_cat":[14009,12291],"product_tag":[],"class_list":{"0":"post-712326","1":"product","2":"type-product","3":"status-publish","5":"product_cat-biyografi-otobiyografi-edebiyat","6":"product_cat-edebiyat","7":"pa_cilt-ciltsiz","8":"pa_tur-kitap","9":"pa_yayinevi-yapi-kredi-yayinlari","10":"pa_yazar-dante-alighieri","12":"first","13":"instock","14":"sale","15":"shipping-taxable","16":"purchasable","17":"product-type-simple"},"_links":{"self":[{"href":"https:\/\/roveyayinevi.com.tr\/index.php\/wp-json\/wp\/v2\/product\/712326","targetHints":{"allow":["GET"]}}],"collection":[{"href":"https:\/\/roveyayinevi.com.tr\/index.php\/wp-json\/wp\/v2\/product"}],"about":[{"href":"https:\/\/roveyayinevi.com.tr\/index.php\/wp-json\/wp\/v2\/types\/product"}],"wp:attachment":[{"href":"https:\/\/roveyayinevi.com.tr\/index.php\/wp-json\/wp\/v2\/media?parent=712326"}],"wp:term":[{"taxonomy":"product_brand","embeddable":true,"href":"https:\/\/roveyayinevi.com.tr\/index.php\/wp-json\/wp\/v2\/product_brand?post=712326"},{"taxonomy":"product_cat","embeddable":true,"href":"https:\/\/roveyayinevi.com.tr\/index.php\/wp-json\/wp\/v2\/product_cat?post=712326"},{"taxonomy":"product_tag","embeddable":true,"href":"https:\/\/roveyayinevi.com.tr\/index.php\/wp-json\/wp\/v2\/product_tag?post=712326"}],"curies":[{"name":"wp","href":"https:\/\/api.w.org\/{rel}","templated":true}]}}