{"id":712325,"date":"2025-08-27T16:54:36","date_gmt":"2025-08-27T13:54:36","guid":{"rendered":"https:\/\/roveyayinevi.com.tr\/index.php\/urun\/kendine-ait-bir-kalem-kadin-yazini-uzerine\/"},"modified":"2026-04-16T02:20:57","modified_gmt":"2026-04-15T23:20:57","slug":"kendine-ait-bir-kalem-kadin-yazini-uzerine","status":"publish","type":"product","link":"https:\/\/roveyayinevi.com.tr\/index.php\/urun\/kendine-ait-bir-kalem-kadin-yazini-uzerine\/","title":{"rendered":"Kendine Ait Bir Kalem \u2013 Kad\u0131n Yaz\u0131n\u0131 \u00dczerine"},"content":{"rendered":"<p>Nil Sakman, Kendine Ait Bir Kalem\u2019de neredeyse yok say\u0131lan ve Kanon d\u0131\u015f\u0131nda b\u0131rak\u0131lan Kurulu\u015f D\u00f6nemi kad\u0131n yaz\u0131n\u0131n\u0131 derinlemesine ele al\u0131yor. Bat\u0131 edebiyat\u0131ndan kad\u0131n yazarlar\u0131n eserlerinin de incelendi\u011fi \u00e7al\u0131\u015fmada iktidar ve toplumsal cinsiyet rollerinin edebiyatta nas\u0131l tezah\u00fcr etti\u011fi, deneyim ile edebi \u00fcretim aras\u0131ndaki \u00e7etrefil ili\u015fkinin \u201cyazan kad\u0131n\u201d ba\u011flam\u0131nda ne anlama geldi\u011fi ve erk olan\u0131n \u201cme\u015fru\u201d ve \u201cnitelikli\u201d alan\u0131 i\u015fgalini m\u00fcmk\u00fcn k\u0131lan pratikleri disiplinleraras\u0131 bir anlay\u0131\u015fla inceleniyor. Kad\u0131n yaz\u0131n\u0131n\u0131n, bu \u201cme\u015fru\u201d ve \u201cnitelikli\u201d alan\u0131n neresinde oldu\u011fuyla ilgili derinlemesine bir tahlil yaparken olmas\u0131 gereken yeri ve engelleri belirtmekle kalm\u0131yor; \u201cerkekegemen\u201d \u00fcslup ve yaz\u0131nla belirlenen s\u0131n\u0131rlar\u0131 a\u015f\u0131nd\u0131rma yollar\u0131n\u0131 sunuyor. Bunu \u00f6zellikle Kurulu\u015f D\u00f6nemi yazarlar\u0131n\u0131n eserlerinden \u00f6rneklerle ger\u00e7ekle\u015ftiriyor. Bat\u0131\u2019da oldu\u011fu gibi Osmanl\u0131\u2019da da \u201cnitelikli\u201d ya da \u201cokunmaya de\u011fer\u201d edebiyat\u0131n sahip olmas\u0131 gereken vas\u0131flar b\u00fcy\u00fck \u00f6l\u00e7\u00fcde eril bir zihniyet taraf\u0131ndan belirlenmi\u015f, yani nitelikli edebiyat\u0131 meydana getiren \u00f6l\u00e7\u00fctler eril bir zihnin i\u015fleyi\u015fi, ya\u015fam alg\u0131s\u0131 ve deneyim alan\u0131 taraf\u0131ndan tan\u0131mlan\u0131p in\u015fa edilmi\u015ftir. Bir \u00f6tekilik, erke\u011fe k\u0131yasla ikincil bir varl\u0131k olarak alg\u0131lanan; kamusal varl\u0131\u011f\u0131 ya da makro-tarihe etkisi neredeyse yok denecek kadar az olan kad\u0131n ve kad\u0131nl\u0131k h\u00e2lleri ise erkek toplumsal cinsiyetini i\u00e7ine alan deneyim alan\u0131n\u0131n b\u00fcy\u00fck \u00f6l\u00e7\u00fcde d\u0131\u015f\u0131nda kalm\u0131\u015f\/b\u0131rak\u0131lm\u0131\u015ft\u0131r. Bununla birlikte kad\u0131n ya da kad\u0131nl\u0131k h\u00e2llerinin ya\u015fam deneyimi kayda de\u011fer \u00f6l\u00e7\u00fcde erkek toplumsal cinsiyetinin hi\u00e7bir zaman deneyimlemedi\u011fi ve\/veya deneyimleyemeyece\u011fi, b\u00fct\u00fcn\u00fcyle kad\u0131nl\u0131\u011fa \u00f6zg\u00fc kimi deneyim alanlar\u0131ndan meydana gelmi\u015ftir. <\/p>\n","protected":false},"excerpt":{"rendered":"<p>Nil Sakman, Kendine Ait Bir Kalem\u2019de neredeyse yok say\u0131lan ve Kanon d\u0131\u015f\u0131nda b\u0131rak\u0131lan Kurulu\u015f D\u00f6nemi kad\u0131n yaz\u0131n\u0131n\u0131 derinlemesine ele al\u0131yor. Bat\u0131 edebiyat\u0131ndan kad\u0131n yazarlar\u0131n eserlerinin de<span class=\"excerpt-hellip\"> [\u2026]<\/span><\/p>\n","protected":false},"featured_media":0,"template":"","meta":{"_monsterinsights_skip_tracking":false,"_monsterinsights_sitenote_active":false,"_monsterinsights_sitenote_note":"","_monsterinsights_sitenote_category":0},"product_brand":[],"product_cat":[13072,12291],"product_tag":[],"class_list":{"0":"post-712325","1":"product","2":"type-product","3":"status-publish","5":"product_cat-arastirma-inceleme-referans","6":"product_cat-edebiyat","7":"pa_cilt-ciltsiz","8":"pa_tur-kitap","9":"pa_yayinevi-ithaki-yayinlari","10":"pa_yazar-nil-sakman","12":"first","13":"instock","14":"sale","15":"shipping-taxable","16":"purchasable","17":"product-type-simple"},"_links":{"self":[{"href":"https:\/\/roveyayinevi.com.tr\/index.php\/wp-json\/wp\/v2\/product\/712325","targetHints":{"allow":["GET"]}}],"collection":[{"href":"https:\/\/roveyayinevi.com.tr\/index.php\/wp-json\/wp\/v2\/product"}],"about":[{"href":"https:\/\/roveyayinevi.com.tr\/index.php\/wp-json\/wp\/v2\/types\/product"}],"wp:attachment":[{"href":"https:\/\/roveyayinevi.com.tr\/index.php\/wp-json\/wp\/v2\/media?parent=712325"}],"wp:term":[{"taxonomy":"product_brand","embeddable":true,"href":"https:\/\/roveyayinevi.com.tr\/index.php\/wp-json\/wp\/v2\/product_brand?post=712325"},{"taxonomy":"product_cat","embeddable":true,"href":"https:\/\/roveyayinevi.com.tr\/index.php\/wp-json\/wp\/v2\/product_cat?post=712325"},{"taxonomy":"product_tag","embeddable":true,"href":"https:\/\/roveyayinevi.com.tr\/index.php\/wp-json\/wp\/v2\/product_tag?post=712325"}],"curies":[{"name":"wp","href":"https:\/\/api.w.org\/{rel}","templated":true}]}}