{"id":712322,"date":"2025-08-27T16:54:34","date_gmt":"2025-08-27T13:54:34","guid":{"rendered":"https:\/\/roveyayinevi.com.tr\/index.php\/urun\/anne-baba-ve-buyukanne-buyukbaba-olmanin-sevincleri-uzerine\/"},"modified":"2026-04-16T02:20:57","modified_gmt":"2026-04-15T23:20:57","slug":"anne-baba-ve-buyukanne-buyukbaba-olmanin-sevincleri-uzerine","status":"publish","type":"product","link":"https:\/\/roveyayinevi.com.tr\/index.php\/urun\/anne-baba-ve-buyukanne-buyukbaba-olmanin-sevincleri-uzerine\/","title":{"rendered":"Anne Baba ve B\u00fcy\u00fckanne B\u00fcy\u00fckbaba Olman\u0131n Sevin\u00e7leri \u00dczerine"},"content":{"rendered":"<p>Aile pek \u00e7oklar\u0131na g\u00f6re y\u0131pranm\u0131\u015f, hatta geride kalm\u0131\u015f bir kavram olsa da d\u0131\u015f d\u00fcnyan\u0131n belirsizle\u015fen ko\u015fullar\u0131 kar\u015f\u0131s\u0131nda h\u00e2l\u00e2 korunup kolland\u0131\u011f\u0131m\u0131z bir yuva olmaya devam ediyor. Bu g\u00fcven dolu ve destekleyici ortam\u0131 sa\u011flayan ise anne babalar\u0131m\u0131zla, dahas\u0131 baz\u0131 talihli durumlarda, b\u00fcy\u00fckanne ve b\u00fcy\u00fckbabalar\u0131m\u0131zla kurdu\u011fumuz yo\u011fun ve kuvvetli ba\u011f. Aile, dar anlamda, \u00e7ocuklar\u0131n oldu\u011fu yerdir. Her ne kadar bazen fazla talepk\u00e2r, zahmetli ve yorucu olabilseler de sebep olduklar\u0131 sevin\u00e7 bunlar\u0131n hepsine \u00fcst\u00fcn gelir. Peki \u00e7ocuklar yeti\u015fkinlere ne t\u00fcr mutluluklar vaat eder? Anne baba olan ki\u015filerin hayat tarzlar\u0131 ve \u00f6ncelikleri nas\u0131l de\u011fi\u015fir? \u00c7ocuklar yeti\u015fkinlerin d\u00fcnyay\u0131 alg\u0131lama ve deneyimleme bi\u00e7imlerini nas\u0131l etkiler? E\u011fitim meselesi, ebeveyn- \u00e7ocuk ili\u015fkisinin neresinde durur? B\u00fcy\u00fckanneler ve b\u00fcy\u00fckbabalar i\u00e7in torunlar\u0131 neden \u00e7ifte mutluluk anlam\u0131na gelir? Torun sevgisi, neden di\u011fer sevgilerden ayr\u0131 ve \u00fcst\u00fcnd\u00fcr? Wilhelm Schmid, Anne Baba ve B\u00fcy\u00fckanne B\u00fcy\u00fckbaba Olman\u0131n Sevin\u00e7leri \u00dczerine\u2019de \u00e7ocuklar\u0131n hayat\u0131 ne kadar doyurucu ve anlaml\u0131 hale getirebildi\u011fini anlat\u0131yor. Yazar ayn\u0131 zamanda ku\u015faklar aras\u0131 al\u0131\u015fveri\u015fin zenginle\u015ftirici potansiyeline \u0131\u015f\u0131k tutuyor ve \u00e7at\u0131\u015fmadan bir arada olman\u0131n ipu\u00e7lar\u0131n\u0131 veriyor. <\/p>\n","protected":false},"excerpt":{"rendered":"<p>Aile pek \u00e7oklar\u0131na g\u00f6re y\u0131pranm\u0131\u015f, hatta geride kalm\u0131\u015f bir kavram olsa da d\u0131\u015f d\u00fcnyan\u0131n belirsizle\u015fen ko\u015fullar\u0131 kar\u015f\u0131s\u0131nda h\u00e2l\u00e2 korunup kolland\u0131\u011f\u0131m\u0131z bir yuva olmaya devam ediyor. Bu<span class=\"excerpt-hellip\"> [\u2026]<\/span><\/p>\n","protected":false},"featured_media":0,"template":"","meta":{"_monsterinsights_skip_tracking":false,"_monsterinsights_sitenote_active":false,"_monsterinsights_sitenote_note":"","_monsterinsights_sitenote_category":0},"product_brand":[],"product_cat":[12312,12304],"product_tag":[],"class_list":{"0":"post-712322","1":"product","2":"type-product","3":"status-publish","5":"product_cat-diger","6":"product_cat-tarih","7":"pa_cilt-ciltsiz","8":"pa_tur-kitap","9":"pa_yayinevi-iletisim-yayinlari","10":"pa_yazar-wilhelm-schmid","12":"first","13":"instock","14":"sale","15":"shipping-taxable","16":"purchasable","17":"product-type-simple"},"_links":{"self":[{"href":"https:\/\/roveyayinevi.com.tr\/index.php\/wp-json\/wp\/v2\/product\/712322","targetHints":{"allow":["GET"]}}],"collection":[{"href":"https:\/\/roveyayinevi.com.tr\/index.php\/wp-json\/wp\/v2\/product"}],"about":[{"href":"https:\/\/roveyayinevi.com.tr\/index.php\/wp-json\/wp\/v2\/types\/product"}],"wp:attachment":[{"href":"https:\/\/roveyayinevi.com.tr\/index.php\/wp-json\/wp\/v2\/media?parent=712322"}],"wp:term":[{"taxonomy":"product_brand","embeddable":true,"href":"https:\/\/roveyayinevi.com.tr\/index.php\/wp-json\/wp\/v2\/product_brand?post=712322"},{"taxonomy":"product_cat","embeddable":true,"href":"https:\/\/roveyayinevi.com.tr\/index.php\/wp-json\/wp\/v2\/product_cat?post=712322"},{"taxonomy":"product_tag","embeddable":true,"href":"https:\/\/roveyayinevi.com.tr\/index.php\/wp-json\/wp\/v2\/product_tag?post=712322"}],"curies":[{"name":"wp","href":"https:\/\/api.w.org\/{rel}","templated":true}]}}