{"id":712321,"date":"2025-08-27T16:54:34","date_gmt":"2025-08-27T13:54:34","guid":{"rendered":"https:\/\/roveyayinevi.com.tr\/index.php\/urun\/komunist-manifesto-2\/"},"modified":"2026-04-16T02:20:57","modified_gmt":"2026-04-15T23:20:57","slug":"komunist-manifesto-2","status":"publish","type":"product","link":"https:\/\/roveyayinevi.com.tr\/index.php\/urun\/komunist-manifesto-2\/","title":{"rendered":"Kom\u00fcnist Manifesto"},"content":{"rendered":"<p>\u201cAvrupa\u2019da bir hey\u00fbla dolan\u0131yor \u2013 kom\u00fcnizm hey\u00fblas\u0131.\u201d \u201cB\u00fct\u00fcn \u00fclkelerin proleterleri, birle\u015fin!\u201dKom\u00fcnist Manifesto\u2019nun ilk ve \u00f6zellikle son c\u00fcmleleri, y\u00fcz yetmi\u015f y\u0131ld\u0131r, bu k\u0131sa metni hi\u00e7 okumam\u0131\u015f olanlar\u0131n bile kula\u011f\u0131na \u00e7al\u0131nm\u0131\u015f olmal\u0131d\u0131r. Ki, b\u00fct\u00fcn d\u00fcnyada modern zamanlar\u0131n en fazla okunan, en fazla yay\u0131mlanan ve en fazla yasaklanan, kovu\u015fturulan metinlerinden birinden s\u00f6z ediyoruz. Siyasi etkisi yan\u0131nda, diliyle, bel\u00e2gatiyle, \u201chavas\u0131yla\u201d da, modern zamanlar\u0131n temel metinlerinden biri oldu\u011fu ku\u015fkusuzdur.Marx ve Engels\u2019in, y\u00fcz yetmi\u015f y\u0131l \u00f6nce kurulan enternasyonal Kom\u00fcnist Parti\u2019nin ana ilkelerini ve program\u0131n\u0131n genel \u00e7er\u00e7evesini ortaya koymak \u00fczere kaleme ald\u0131klar\u0131 Manifesto, ad\u0131 \u00fcst\u00fcnde, modern kom\u00fcnist fikriyat\u0131n temel metni kabul edilir. Marx ve Engels\u2019in en kolay okunur metinleridir. Somut tarihsel g\u00f6ndermelerinin, pratik savlar\u0131n\u0131n \u00f6tesinde tarihe, topluma, ekonomiye, insana, insanl\u0131\u011fa bak\u0131\u015f i\u00e7in bir mercek sunar.Marx ve Engels\u2019in yeni bas\u0131mlar\u0131na d\u00fc\u015ft\u00fckleri \u015ferhler, bu k\u0131sa metnin, bizzat yazarlar\u0131nca, i\u015flenmeye a\u00e7\u0131k bir cevher olarak d\u00fc\u015f\u00fcn\u00fcld\u00fc\u011f\u00fcn\u00fc g\u00f6sterir. Yine bu \u015ferhlerde, sosyalizmle kom\u00fcnizm aras\u0131ndaki ba\u011f ve farklara da de\u011finilmi\u015ftir.D\u00fcnyay\u0131 de\u011fi\u015ftirme azmiyle, bu azmin bir par\u00e7as\u0131 olan d\u00fcnyay\u0131 anlama tutkusuyla yaz\u0131lm\u0131\u015f olan Kom\u00fcnist Parti Manifestosu, bizzat o azmin ve o tutkunun tarih\u00ee timsallerindendir. Bu, onun ufkunu, m\u00fcnferit kom\u00fcnist parti ve hareketlerin de \u00f6tesine ta\u015f\u0131r. <\/p>\n","protected":false},"excerpt":{"rendered":"<p>\u201cAvrupa\u2019da bir hey\u00fbla dolan\u0131yor \u2013 kom\u00fcnizm hey\u00fblas\u0131.\u201d \u201cB\u00fct\u00fcn \u00fclkelerin proleterleri, birle\u015fin!\u201dKom\u00fcnist Manifesto\u2019nun ilk ve \u00f6zellikle son c\u00fcmleleri, y\u00fcz yetmi\u015f y\u0131ld\u0131r, bu k\u0131sa metni hi\u00e7 okumam\u0131\u015f olanlar\u0131n<span class=\"excerpt-hellip\"> [\u2026]<\/span><\/p>\n","protected":false},"featured_media":0,"template":"","meta":{"_monsterinsights_skip_tracking":false,"_monsterinsights_sitenote_active":false,"_monsterinsights_sitenote_note":"","_monsterinsights_sitenote_category":0},"product_brand":[],"product_cat":[12338,12337],"product_tag":[],"class_list":{"0":"post-712321","1":"product","2":"type-product","3":"status-publish","5":"product_cat-dunya-siyaseti-ve-politikasi","6":"product_cat-politika-siyaset","7":"pa_cilt-ciltsiz","8":"pa_tur-kitap","9":"pa_yayinevi-iletisim-yayinlari","10":"pa_yazar-friedrich-engels-karl-marx","12":"first","13":"instock","14":"sale","15":"shipping-taxable","16":"purchasable","17":"product-type-simple"},"_links":{"self":[{"href":"https:\/\/roveyayinevi.com.tr\/index.php\/wp-json\/wp\/v2\/product\/712321","targetHints":{"allow":["GET"]}}],"collection":[{"href":"https:\/\/roveyayinevi.com.tr\/index.php\/wp-json\/wp\/v2\/product"}],"about":[{"href":"https:\/\/roveyayinevi.com.tr\/index.php\/wp-json\/wp\/v2\/types\/product"}],"wp:attachment":[{"href":"https:\/\/roveyayinevi.com.tr\/index.php\/wp-json\/wp\/v2\/media?parent=712321"}],"wp:term":[{"taxonomy":"product_brand","embeddable":true,"href":"https:\/\/roveyayinevi.com.tr\/index.php\/wp-json\/wp\/v2\/product_brand?post=712321"},{"taxonomy":"product_cat","embeddable":true,"href":"https:\/\/roveyayinevi.com.tr\/index.php\/wp-json\/wp\/v2\/product_cat?post=712321"},{"taxonomy":"product_tag","embeddable":true,"href":"https:\/\/roveyayinevi.com.tr\/index.php\/wp-json\/wp\/v2\/product_tag?post=712321"}],"curies":[{"name":"wp","href":"https:\/\/api.w.org\/{rel}","templated":true}]}}