{"id":712320,"date":"2025-08-27T16:54:33","date_gmt":"2025-08-27T13:54:33","guid":{"rendered":"https:\/\/roveyayinevi.com.tr\/index.php\/urun\/sen-istanbuldan-daha-guzelsin\/"},"modified":"2026-04-16T02:20:57","modified_gmt":"2026-04-15T23:20:57","slug":"sen-istanbuldan-daha-guzelsin","status":"publish","type":"product","link":"https:\/\/roveyayinevi.com.tr\/index.php\/urun\/sen-istanbuldan-daha-guzelsin\/","title":{"rendered":"Sen \u0130stanbul&#8217;dan Daha G\u00fczelsin"},"content":{"rendered":"<p>Her yeri deniz olup da bu kadar az yosun kokusu olan ba\u015fka bir \u015fehir var m\u0131 acaba?Bu kadar k\u00f6pr\u00fc olup da kimsenin birbirine ula\u015famad\u0131\u011f\u0131 ba\u015fka bir \u015fehir.Bu kadar \u00e7ok insan\u0131n olup da her yerin bombo\u015f oldu\u011fu&#8230; Bombo\u015f.veF\u00fc\u0130\u00e7eri girdik, oturduk, oyun ba\u015flad\u0131. Bir kukla m\u0131 vard\u0131 tam hat\u0131rlam\u0131yorum. Tek hat\u0131rlad\u0131\u011f\u0131m F\u00fc\u2019n\u00fcn y\u00fcz\u00fc.G\u00f6zlerini b\u00f6yle kocaman a\u00e7m\u0131\u015f, sahneye bak\u0131yor. <\/p>\n","protected":false},"excerpt":{"rendered":"<p>Her yeri deniz olup da bu kadar az yosun kokusu olan ba\u015fka bir \u015fehir var m\u0131 acaba?Bu kadar k\u00f6pr\u00fc olup da kimsenin birbirine ula\u015famad\u0131\u011f\u0131 ba\u015fka bir<span class=\"excerpt-hellip\"> [\u2026]<\/span><\/p>\n","protected":false},"featured_media":0,"template":"","meta":{"_monsterinsights_skip_tracking":false,"_monsterinsights_sitenote_active":false,"_monsterinsights_sitenote_note":"","_monsterinsights_sitenote_category":0},"product_brand":[],"product_cat":[12291,14272],"product_tag":[],"class_list":{"0":"post-712320","1":"product","2":"type-product","3":"status-publish","5":"product_cat-edebiyat","6":"product_cat-tiyatro","7":"pa_cilt-ciltsiz","8":"pa_tur-kitap","9":"pa_yayinevi-habitus-yayinlari","10":"pa_yazar-murat-mahmutyazicioglu","12":"first","13":"instock","14":"sale","15":"shipping-taxable","16":"purchasable","17":"product-type-simple"},"_links":{"self":[{"href":"https:\/\/roveyayinevi.com.tr\/index.php\/wp-json\/wp\/v2\/product\/712320","targetHints":{"allow":["GET"]}}],"collection":[{"href":"https:\/\/roveyayinevi.com.tr\/index.php\/wp-json\/wp\/v2\/product"}],"about":[{"href":"https:\/\/roveyayinevi.com.tr\/index.php\/wp-json\/wp\/v2\/types\/product"}],"wp:attachment":[{"href":"https:\/\/roveyayinevi.com.tr\/index.php\/wp-json\/wp\/v2\/media?parent=712320"}],"wp:term":[{"taxonomy":"product_brand","embeddable":true,"href":"https:\/\/roveyayinevi.com.tr\/index.php\/wp-json\/wp\/v2\/product_brand?post=712320"},{"taxonomy":"product_cat","embeddable":true,"href":"https:\/\/roveyayinevi.com.tr\/index.php\/wp-json\/wp\/v2\/product_cat?post=712320"},{"taxonomy":"product_tag","embeddable":true,"href":"https:\/\/roveyayinevi.com.tr\/index.php\/wp-json\/wp\/v2\/product_tag?post=712320"}],"curies":[{"name":"wp","href":"https:\/\/api.w.org\/{rel}","templated":true}]}}