{"id":712319,"date":"2025-08-27T16:54:32","date_gmt":"2025-08-27T13:54:32","guid":{"rendered":"https:\/\/roveyayinevi.com.tr\/index.php\/urun\/dejavu-esareti\/"},"modified":"2026-04-08T02:27:22","modified_gmt":"2026-04-07T23:27:22","slug":"dejavu-esareti","status":"publish","type":"product","link":"https:\/\/roveyayinevi.com.tr\/index.php\/urun\/dejavu-esareti\/","title":{"rendered":"Dejavu Esareti"},"content":{"rendered":"<p>Herkes kendi odas\u0131ndayd\u0131. Naz ve Kuzey \u00e7oktan uykuya dalm\u0131\u015f olabilirlerdi. Sibel ve Gamze ise uyuyamayacaklar\u0131n\u0131 anlay\u0131nca yata\u011f\u0131n \u00fczerine oturdular ve birbirlerine hayat hikayelerini anlatmaya ba\u015flad\u0131lar. \u0130kisi konu\u015ftuk\u00e7a, ya\u015fanan k\u00f6t\u00fc olay\u0131 biraz olsun kafalar\u0131ndan uzakla\u015ft\u0131rmay\u0131 ba\u015fard\u0131lar. Enver, yata\u011f\u0131na uzand\u0131. Akl\u0131ndan o kadar \u00e7ok \u015fey ge\u00e7iyordu ki.. Ya\u015fl\u0131 kad\u0131n ve k\u00f6pe\u011fin cesetleri&#8230; \ufffcTan\u0131t\u0131m Metni<\/p>\n","protected":false},"excerpt":{"rendered":"<p>Herkes kendi odas\u0131ndayd\u0131. Naz ve Kuzey \u00e7oktan uykuya dalm\u0131\u015f olabilirlerdi. Sibel ve Gamze ise uyuyamayacaklar\u0131n\u0131 anlay\u0131nca yata\u011f\u0131n \u00fczerine oturdular ve birbirlerine hayat hikayelerini anlatmaya ba\u015flad\u0131lar. \u0130kisi<span class=\"excerpt-hellip\"> [\u2026]<\/span><\/p>\n","protected":false},"featured_media":0,"template":"","meta":{"_monsterinsights_skip_tracking":false,"_monsterinsights_sitenote_active":false,"_monsterinsights_sitenote_note":"","_monsterinsights_sitenote_category":0},"product_brand":[],"product_cat":[12291,12711],"product_tag":[],"class_list":{"0":"post-712319","1":"product","2":"type-product","3":"status-publish","5":"product_cat-edebiyat","6":"product_cat-roman-oyku","7":"pa_cilt-ciltsiz","8":"pa_tur-kitap","9":"pa_yayinevi-kozmostar","10":"pa_yazar-sevilay-kaya","12":"first","13":"instock","14":"sale","15":"shipping-taxable","16":"purchasable","17":"product-type-simple"},"_links":{"self":[{"href":"https:\/\/roveyayinevi.com.tr\/index.php\/wp-json\/wp\/v2\/product\/712319","targetHints":{"allow":["GET"]}}],"collection":[{"href":"https:\/\/roveyayinevi.com.tr\/index.php\/wp-json\/wp\/v2\/product"}],"about":[{"href":"https:\/\/roveyayinevi.com.tr\/index.php\/wp-json\/wp\/v2\/types\/product"}],"wp:attachment":[{"href":"https:\/\/roveyayinevi.com.tr\/index.php\/wp-json\/wp\/v2\/media?parent=712319"}],"wp:term":[{"taxonomy":"product_brand","embeddable":true,"href":"https:\/\/roveyayinevi.com.tr\/index.php\/wp-json\/wp\/v2\/product_brand?post=712319"},{"taxonomy":"product_cat","embeddable":true,"href":"https:\/\/roveyayinevi.com.tr\/index.php\/wp-json\/wp\/v2\/product_cat?post=712319"},{"taxonomy":"product_tag","embeddable":true,"href":"https:\/\/roveyayinevi.com.tr\/index.php\/wp-json\/wp\/v2\/product_tag?post=712319"}],"curies":[{"name":"wp","href":"https:\/\/api.w.org\/{rel}","templated":true}]}}