{"id":712318,"date":"2025-08-27T16:54:32","date_gmt":"2025-08-27T13:54:32","guid":{"rendered":"https:\/\/roveyayinevi.com.tr\/index.php\/urun\/zindanda\/"},"modified":"2026-04-16T02:20:57","modified_gmt":"2026-04-15T23:20:57","slug":"zindanda","status":"publish","type":"product","link":"https:\/\/roveyayinevi.com.tr\/index.php\/urun\/zindanda\/","title":{"rendered":"Zindanda"},"content":{"rendered":"<p>D\u00fcnyadan memleketinden insandan umudun kesik de\u011fil diye ipe \u00e7ekilmeyip de at\u0131l\u0131rsan i\u00e7eriye yatarsan on y\u0131l on be\u015f y\u0131l daha da yataca\u011f\u0131ndan ba\u015fka sallansayd\u0131m ipin ucunda bir bayrak gibi ke\u015fke demeyeceksin ya\u015famakta ayak direyeceksin.Belki bahtiyarl\u0131k de\u011fildir art\u0131k boynunun borcudur fakat d\u00fc\u015fmana inat bir g\u00fcn fazla ya\u015famak.- Naz\u0131m Hikmet <\/p>\n","protected":false},"excerpt":{"rendered":"<p>D\u00fcnyadan memleketinden insandan umudun kesik de\u011fil diye ipe \u00e7ekilmeyip de at\u0131l\u0131rsan i\u00e7eriye yatarsan on y\u0131l on be\u015f y\u0131l daha da yataca\u011f\u0131ndan ba\u015fka sallansayd\u0131m ipin ucunda bir<span class=\"excerpt-hellip\"> [\u2026]<\/span><\/p>\n","protected":false},"featured_media":0,"template":"","meta":{"_monsterinsights_skip_tracking":false,"_monsterinsights_sitenote_active":false,"_monsterinsights_sitenote_note":"","_monsterinsights_sitenote_category":0},"product_brand":[],"product_cat":[13072,12291],"product_tag":[],"class_list":{"0":"post-712318","1":"product","2":"type-product","3":"status-publish","5":"product_cat-arastirma-inceleme-referans","6":"product_cat-edebiyat","7":"pa_cilt-ciltsiz","8":"pa_tur-kitap","9":"pa_yayinevi-halk-kitabevi","10":"pa_yazar-tuncay-ozkan","12":"first","13":"instock","14":"sale","15":"shipping-taxable","16":"purchasable","17":"product-type-simple"},"_links":{"self":[{"href":"https:\/\/roveyayinevi.com.tr\/index.php\/wp-json\/wp\/v2\/product\/712318","targetHints":{"allow":["GET"]}}],"collection":[{"href":"https:\/\/roveyayinevi.com.tr\/index.php\/wp-json\/wp\/v2\/product"}],"about":[{"href":"https:\/\/roveyayinevi.com.tr\/index.php\/wp-json\/wp\/v2\/types\/product"}],"wp:attachment":[{"href":"https:\/\/roveyayinevi.com.tr\/index.php\/wp-json\/wp\/v2\/media?parent=712318"}],"wp:term":[{"taxonomy":"product_brand","embeddable":true,"href":"https:\/\/roveyayinevi.com.tr\/index.php\/wp-json\/wp\/v2\/product_brand?post=712318"},{"taxonomy":"product_cat","embeddable":true,"href":"https:\/\/roveyayinevi.com.tr\/index.php\/wp-json\/wp\/v2\/product_cat?post=712318"},{"taxonomy":"product_tag","embeddable":true,"href":"https:\/\/roveyayinevi.com.tr\/index.php\/wp-json\/wp\/v2\/product_tag?post=712318"}],"curies":[{"name":"wp","href":"https:\/\/api.w.org\/{rel}","templated":true}]}}