{"id":712317,"date":"2025-08-27T16:54:31","date_gmt":"2025-08-27T13:54:31","guid":{"rendered":"https:\/\/roveyayinevi.com.tr\/index.php\/urun\/kirim-turkleri-eskisehirde-kirim-kulturunun-folklorik-olarak-incelenmesi\/"},"modified":"2026-04-16T02:20:57","modified_gmt":"2026-04-15T23:20:57","slug":"kirim-turkleri-eskisehirde-kirim-kulturunun-folklorik-olarak-incelenmesi","status":"publish","type":"product","link":"https:\/\/roveyayinevi.com.tr\/index.php\/urun\/kirim-turkleri-eskisehirde-kirim-kulturunun-folklorik-olarak-incelenmesi\/","title":{"rendered":"K\u0131r\u0131m T\u00fcrkleri &#8211; Eski\u015fehir\u2019de K\u0131r\u0131m K\u00fclt\u00fcr\u00fcn\u00fcn Folklorik Olarak \u0130ncelenmesi"},"content":{"rendered":"<p>Eski\u015fehir\u2019deki K\u0131r\u0131m K\u00fclt\u00fcr\u00fcn\u00fcn Folklorik A\u00e7\u0131dan \u0130ncelenmesi adl\u0131 eserin konusunu Eski\u015fehir\u2019in Mahmudiye il\u00e7esine ba\u011fl\u0131 Mesudiye ve \u015eerefiye k\u00f6ylerinde ya\u015fayan K\u0131r\u0131m T\u00fcrklerinin sosyo-k\u00fclt\u00fcrel yap\u0131lar\u0131n\u0131n folklorik (halk bilimi) a\u00e7\u0131s\u0131ndan incelenmesi ve kar\u015f\u0131la\u015ft\u0131r\u0131lmas\u0131 olu\u015fturmaktad\u0131r. Bu \u00e7al\u0131\u015fma ile iki k\u00f6y\u00fcn mevcut k\u00fclt\u00fclerini kaybolmadan kay\u0131t alt\u0131na almak, sosyok\u00fclt\u00fcrel yap\u0131lar\u0131n\u0131n saptayarak g\u00fcn\u00fcm\u00fczdeki K\u0131r\u0131m T\u00fcrk k\u00fclt\u00fcr\u00fcn\u00fcn durumu ve yap\u0131s\u0131 a\u00e7\u0131klanmaya \u00e7al\u0131\u015f\u0131lm\u0131\u015ft\u0131r. Ayr\u0131ca eserde Osmanl\u0131 D\u00f6nemi\u2019nde K\u0131r\u0131m ve Rus i\u015fgali, akabinde de K\u0131r\u0131m T\u00fcrklerinin vatanlar\u0131 olan K\u0131r\u0131m\u2019dan g\u00f6\u00e7leri ele al\u0131nm\u0131\u015ft\u0131r. \ufffcTan\u0131t\u0131m Metni<\/p>\n","protected":false},"excerpt":{"rendered":"<p>Eski\u015fehir\u2019deki K\u0131r\u0131m K\u00fclt\u00fcr\u00fcn\u00fcn Folklorik A\u00e7\u0131dan \u0130ncelenmesi adl\u0131 eserin konusunu Eski\u015fehir\u2019in Mahmudiye il\u00e7esine ba\u011fl\u0131 Mesudiye ve \u015eerefiye k\u00f6ylerinde ya\u015fayan K\u0131r\u0131m T\u00fcrklerinin sosyo-k\u00fclt\u00fcrel yap\u0131lar\u0131n\u0131n folklorik (halk bilimi) a\u00e7\u0131s\u0131ndan<span class=\"excerpt-hellip\"> [\u2026]<\/span><\/p>\n","protected":false},"featured_media":0,"template":"","meta":{"_monsterinsights_skip_tracking":false,"_monsterinsights_sitenote_active":false,"_monsterinsights_sitenote_note":"","_monsterinsights_sitenote_category":0},"product_brand":[],"product_cat":[12370,12304],"product_tag":[],"class_list":{"0":"post-712317","1":"product","2":"type-product","3":"status-publish","5":"product_cat-arastirma-inceleme","6":"product_cat-tarih","7":"pa_cilt-ciltsiz","8":"pa_tur-kitap","9":"pa_yayinevi-ideal-kultur-yayincilik","10":"pa_yazar-cigdem-sutcu-fatih-ozcelik","12":"first","13":"instock","14":"sale","15":"shipping-taxable","16":"purchasable","17":"product-type-simple"},"_links":{"self":[{"href":"https:\/\/roveyayinevi.com.tr\/index.php\/wp-json\/wp\/v2\/product\/712317","targetHints":{"allow":["GET"]}}],"collection":[{"href":"https:\/\/roveyayinevi.com.tr\/index.php\/wp-json\/wp\/v2\/product"}],"about":[{"href":"https:\/\/roveyayinevi.com.tr\/index.php\/wp-json\/wp\/v2\/types\/product"}],"wp:attachment":[{"href":"https:\/\/roveyayinevi.com.tr\/index.php\/wp-json\/wp\/v2\/media?parent=712317"}],"wp:term":[{"taxonomy":"product_brand","embeddable":true,"href":"https:\/\/roveyayinevi.com.tr\/index.php\/wp-json\/wp\/v2\/product_brand?post=712317"},{"taxonomy":"product_cat","embeddable":true,"href":"https:\/\/roveyayinevi.com.tr\/index.php\/wp-json\/wp\/v2\/product_cat?post=712317"},{"taxonomy":"product_tag","embeddable":true,"href":"https:\/\/roveyayinevi.com.tr\/index.php\/wp-json\/wp\/v2\/product_tag?post=712317"}],"curies":[{"name":"wp","href":"https:\/\/api.w.org\/{rel}","templated":true}]}}