{"id":712316,"date":"2025-08-27T16:54:30","date_gmt":"2025-08-27T13:54:30","guid":{"rendered":"https:\/\/roveyayinevi.com.tr\/index.php\/urun\/unsuz-youtuberin-gunlugu\/"},"modified":"2026-04-16T02:20:57","modified_gmt":"2026-04-15T23:20:57","slug":"unsuz-youtuberin-gunlugu","status":"publish","type":"product","link":"https:\/\/roveyayinevi.com.tr\/index.php\/urun\/unsuz-youtuberin-gunlugu\/","title":{"rendered":"\u00dcns\u00fcz Youtuber&#8217;\u0131n G\u00fcnl\u00fc\u011f\u00fc"},"content":{"rendered":"<p>Bu kitapta youtuber olmak isteyenlerin maceras\u0131 var. Kimi bunu ba\u015far\u0131r, kimi komik kal\u0131r, kimi de youtuber olamay\u0131nca Ezgi gibi kaleme sar\u0131l\u0131r.Ezgi ve okul arkada\u015flar\u0131n\u0131n ba\u015flang\u0131\u00e7taki ama\u00e7lar\u0131 yaln\u0131zca e\u011flenmektir. Fakat bir s\u00fcre sonra i\u015fin rengi de\u011fi\u015fir ve birden bamba\u015fka bir sorunla kar\u015f\u0131 kar\u015f\u0131ya kal\u0131rlar. Okulun \u201cSon Zil\u201d gecesine kat\u0131lmay\u0131p s\u00fct fabrikas\u0131n\u0131n kap\u0131s\u0131na dayan\u0131rlar. Ama fabrikan\u0131n i\u00e7indeki \u201cMadre\u201d ne sizin ne de onlar\u0131n hayal etti\u011fi gibidir; g\u00f6rd\u00fckleri sistem, insanl\u0131k i\u00e7in ba\u015fka t\u00fcrl\u00fc bir \u201cSon Zil\u201ddir.\u00dcns\u00fcz Youtuber\u0131n G\u00fcnl\u00fc\u011f\u00fc&#8217;n\u00fc soluksuz okuyacak, \u00fcretim ve reklam d\u00fcnyas\u0131n\u0131n perde arkas\u0131n\u0131 daha iyi g\u00f6receksiniz.<\/p>\n","protected":false},"excerpt":{"rendered":"<p>Bu kitapta youtuber olmak isteyenlerin maceras\u0131 var. Kimi bunu ba\u015far\u0131r, kimi komik kal\u0131r, kimi de youtuber olamay\u0131nca Ezgi gibi kaleme sar\u0131l\u0131r.Ezgi ve okul arkada\u015flar\u0131n\u0131n ba\u015flang\u0131\u00e7taki ama\u00e7lar\u0131<span class=\"excerpt-hellip\"> [\u2026]<\/span><\/p>\n","protected":false},"featured_media":0,"template":"","meta":{"_monsterinsights_skip_tracking":false,"_monsterinsights_sitenote_active":false,"_monsterinsights_sitenote_note":"","_monsterinsights_sitenote_category":0},"product_brand":[],"product_cat":[12275,12274],"product_tag":[],"class_list":{"0":"post-712316","1":"product","2":"type-product","3":"status-publish","5":"product_cat-6-12-yas-kitaplari","6":"product_cat-cocuk-ve-genclik-kitaplari","7":"pa_cilt-ciltsiz","8":"pa_tur-kitap","9":"pa_yayinevi-altin-kitaplar-ozel-urun","10":"pa_yazar-miyase-sertbarut","12":"first","13":"instock","14":"sale","15":"shipping-taxable","16":"purchasable","17":"product-type-simple"},"_links":{"self":[{"href":"https:\/\/roveyayinevi.com.tr\/index.php\/wp-json\/wp\/v2\/product\/712316","targetHints":{"allow":["GET"]}}],"collection":[{"href":"https:\/\/roveyayinevi.com.tr\/index.php\/wp-json\/wp\/v2\/product"}],"about":[{"href":"https:\/\/roveyayinevi.com.tr\/index.php\/wp-json\/wp\/v2\/types\/product"}],"wp:attachment":[{"href":"https:\/\/roveyayinevi.com.tr\/index.php\/wp-json\/wp\/v2\/media?parent=712316"}],"wp:term":[{"taxonomy":"product_brand","embeddable":true,"href":"https:\/\/roveyayinevi.com.tr\/index.php\/wp-json\/wp\/v2\/product_brand?post=712316"},{"taxonomy":"product_cat","embeddable":true,"href":"https:\/\/roveyayinevi.com.tr\/index.php\/wp-json\/wp\/v2\/product_cat?post=712316"},{"taxonomy":"product_tag","embeddable":true,"href":"https:\/\/roveyayinevi.com.tr\/index.php\/wp-json\/wp\/v2\/product_tag?post=712316"}],"curies":[{"name":"wp","href":"https:\/\/api.w.org\/{rel}","templated":true}]}}