{"id":712314,"date":"2025-08-27T16:54:29","date_gmt":"2025-08-27T13:54:29","guid":{"rendered":"https:\/\/roveyayinevi.com.tr\/index.php\/urun\/yunan-mitolojisi-2-cilt-bir-arada-tanrilar-insanlar-ve-kahramanlar\/"},"modified":"2026-04-16T02:20:57","modified_gmt":"2026-04-15T23:20:57","slug":"yunan-mitolojisi-2-cilt-bir-arada-tanrilar-insanlar-ve-kahramanlar","status":"publish","type":"product","link":"https:\/\/roveyayinevi.com.tr\/index.php\/urun\/yunan-mitolojisi-2-cilt-bir-arada-tanrilar-insanlar-ve-kahramanlar\/","title":{"rendered":"Yunan Mitolojisi (2 Cilt Bir Arada) Tanr\u0131lar, \u0130nsanlar ve Kahramanlar"},"content":{"rendered":"<p>Yunan Mitolojisi Tethys ile Okeanos\u2019un birle\u015fmesiyle ba\u015flay\u0131p Odysseus\u2019un Penelope\u2019ye kavu\u015fmas\u0131yla sona eren bir mitler, masallar, \u00f6yk\u00fcler b\u00fct\u00fcn\u00fcn\u00fc ayr\u0131nt\u0131lar\u0131yla aktar\u0131yor ve inceliyor. Yazar kitab\u0131n birinci cildini tanr\u0131lara, ikinci cildini de kahramanlara ay\u0131r\u0131yor.  Konuyla ilgili t\u00fcm bilgi, belge ve bulgular\u0131 okurun g\u00f6r\u00fc\u015f\u00fcne sunuyor. Bir mitin tek bir anlat\u0131m\u0131 ile yetinmeyip Yunanistan\u2019\u0131n farkl\u0131 y\u00f6relerinde rastlanm\u0131\u015f olan farkl\u0131 anlat\u0131mlar\u0131na da yer veriyor. Mitlerin anlat\u0131m\u0131n\u0131 Eski Yunan vazolar\u0131 \u00fcst\u00fcndeki resimleri inceleyerek yapt\u0131\u011f\u0131 yorumlarla destekliyor. Kerenyi bu eserini gelece\u011fin ozanlar\u0131na ve C. G. Jung ile Thomas Mann\u2019a ithaf ediyor. Almanca ilk bas\u0131mlar\u0131 birka\u00e7 y\u0131l arayla birer ayr\u0131 cilt halinde yap\u0131lm\u0131\u015f bu eseri size iki cildi birle\u015ftirerek sunuyoruz. \u201cBu kitap gen\u00e7 ya\u015fl\u0131 t\u00fcm antik\u00e7a\u011f sevdal\u0131lar\u0131 i\u00e7in tam bir arma\u011fan.\u201d Erhart K\u00e4stner \u201c\u00d6yk\u00fclerle dolu ger\u00e7ek bir hazine, bir benzerine kolay kolay rastlayamayaca\u011f\u0131n\u0131z usta i\u015fi bir eser.\u201d Thomas Mann <\/p>\n","protected":false},"excerpt":{"rendered":"<p>Yunan Mitolojisi Tethys ile Okeanos\u2019un birle\u015fmesiyle ba\u015flay\u0131p Odysseus\u2019un Penelope\u2019ye kavu\u015fmas\u0131yla sona eren bir mitler, masallar, \u00f6yk\u00fcler b\u00fct\u00fcn\u00fcn\u00fc ayr\u0131nt\u0131lar\u0131yla aktar\u0131yor ve inceliyor. Yazar kitab\u0131n birinci cildini tanr\u0131lara,<span class=\"excerpt-hellip\"> [\u2026]<\/span><\/p>\n","protected":false},"featured_media":0,"template":"","meta":{"_monsterinsights_skip_tracking":false,"_monsterinsights_sitenote_active":false,"_monsterinsights_sitenote_note":"","_monsterinsights_sitenote_category":0},"product_brand":[],"product_cat":[12718,12858],"product_tag":[],"class_list":{"0":"post-712314","1":"product","2":"type-product","3":"status-publish","5":"product_cat-din","6":"product_cat-mitolojiler","7":"pa_cilt-ciltsiz","8":"pa_tur-kitap","9":"pa_yayinevi-say-yayinlari","10":"pa_yazar-karl-kerenyi","12":"first","13":"instock","14":"sale","15":"shipping-taxable","16":"purchasable","17":"product-type-simple"},"_links":{"self":[{"href":"https:\/\/roveyayinevi.com.tr\/index.php\/wp-json\/wp\/v2\/product\/712314","targetHints":{"allow":["GET"]}}],"collection":[{"href":"https:\/\/roveyayinevi.com.tr\/index.php\/wp-json\/wp\/v2\/product"}],"about":[{"href":"https:\/\/roveyayinevi.com.tr\/index.php\/wp-json\/wp\/v2\/types\/product"}],"wp:attachment":[{"href":"https:\/\/roveyayinevi.com.tr\/index.php\/wp-json\/wp\/v2\/media?parent=712314"}],"wp:term":[{"taxonomy":"product_brand","embeddable":true,"href":"https:\/\/roveyayinevi.com.tr\/index.php\/wp-json\/wp\/v2\/product_brand?post=712314"},{"taxonomy":"product_cat","embeddable":true,"href":"https:\/\/roveyayinevi.com.tr\/index.php\/wp-json\/wp\/v2\/product_cat?post=712314"},{"taxonomy":"product_tag","embeddable":true,"href":"https:\/\/roveyayinevi.com.tr\/index.php\/wp-json\/wp\/v2\/product_tag?post=712314"}],"curies":[{"name":"wp","href":"https:\/\/api.w.org\/{rel}","templated":true}]}}