{"id":712313,"date":"2025-08-27T16:54:29","date_gmt":"2025-08-27T13:54:29","guid":{"rendered":"https:\/\/roveyayinevi.com.tr\/index.php\/urun\/sarktan-haber\/"},"modified":"2026-04-16T02:20:57","modified_gmt":"2026-04-15T23:20:57","slug":"sarktan-haber","status":"publish","type":"product","link":"https:\/\/roveyayinevi.com.tr\/index.php\/urun\/sarktan-haber\/","title":{"rendered":"\u015earktan Haber"},"content":{"rendered":"<p>\u201cVarl\u0131k bezmi O\u2019nun naz\u0131n\u0131n \u015fehididir.\u201d Yirminci y\u00fczy\u0131l\u0131n en \u00f6nemli m\u00fctefekkirlerinden, edebiyat\u00e7\u0131lar\u0131ndan ve siyaset\u00e7ilerinden \u201cAll\u00e2me\u201d unvanl\u0131 Muhammed \u0130kbal, \u015eark\u2019tan Haber\u2019in T\u00fbr Lalesi k\u0131sm\u0131nda b\u00f6yle anlat\u0131r insan ve k\u00e2inat tasavvurunu. Eserleri Urdu ve Fars edebiyat\u0131n\u0131n en yetkin \u00f6rnekleri aras\u0131nda yer alan \u0130kbal, \u015eark\u2019tan Haber\u2019de, as\u0131l hikmetin a\u015fk ve muhabbet olmas\u0131n\u0131 merkeze alarak naz-niyaz ba\u011flam\u0131nda insan-\u0131 k\u00e2milli\u011fin \u00e7e\u015fitli ve\u00e7helerini beyit ve ruba\u00eeleriyle, kaleminden birer inci gibi d\u00f6k\u00fcyor.  \u201cB\u00fclb\u00fcllerin Hak\u00eemi\u201d ya da \u201cHak\u00eemlerin B\u00fclb\u00fcl\u00fc\u201d olarak an\u0131lan \u0130kbal\u2019in gerek Bat\u0131l\u0131 \u015fairlerin ve filozoflar\u0131n d\u00fc\u015f\u00fcncelerini veciz beyitlerle \u00f6zetledi\u011fi gerekse Milletler Cemiyeti gibi, d\u00f6nemin gelecek nesillere miras kalacak yap\u0131lar\u0131n\u0131 \u00f6z ve derin kel\u00e2m\u0131yla ele alarak hem bireyin hem toplumun Allah ile olan ve olmas\u0131 gereken rab\u0131tas\u0131na tasavvuf\u00ee irfan ekseninde bakt\u0131\u011f\u0131 bu eserindeki mazmunlarla, destanlarla ve efsanev\u00ee karakterlerle kurulan \u00f6rneklemeler, insandan yola \u00e7\u0131karak onun i\u00e7inde co\u015fup ta\u015fan A\u015fk\u2019\u0131n bir \u0131rmak gibi \u00e7a\u011flad\u0131\u011f\u0131n\u0131n g\u00f6stergesi. Milletler ba\u011flam\u0131nda da \u201cbirlik\u201d fikrini savunan, Hint M\u00fcsl\u00fcmanlar\u0131 ile di\u011fer M\u00fcsl\u00fcman halklar\u0131n sava\u015f d\u00f6nemi emperyalizm m\u00fccadelesine b\u00eeg\u00e2ne kalmayarak \u00f6zellikle T\u00fcrk direni\u015fini takdire \u015fayan bulan; d\u00fc\u015f\u00fcncesini, i\u00e7inde ta\u015f\u0131d\u0131\u011f\u0131 co\u015fkun il\u00e2h\u00ee a\u015fk ne\u015fvesi ve \u00f6rnek ald\u0131\u011f\u0131 isimlerin tasavvurlar\u0131, \u00f6zellikle m\u00fcr\u015fidi gibi g\u00f6rd\u00fc\u011f\u00fc Hz. Mevl\u00e2n\u00e2\u2019n\u0131n a\u015fk ile insana ve k\u00e2inata bak\u0131\u015f\u0131 ba\u011flam\u0131nda \u015fekillendiren \u0130kbal, \u0130slam ve \u0130slam tasavvufunu eksene alarak Bat\u0131 felsefesi ile pozitivizmini ak\u0131c\u0131, duru ve derinlik dolu latif edeb\u00ee dili ile ele\u015ftiriyor. \u0130nsan\u0131n kendi fark\u0131ndal\u0131\u011f\u0131n\u0131 sa\u011flayabilmesi ve bu a\u015fk dolu iklimde kendini bulabilmesi ihtiyac\u0131, onun dizelerinde bir hayk\u0131r\u0131\u015fa d\u00f6n\u00fc\u015f\u00fcyor. Ali Nihat Tarlan\u2019\u0131n, Pey\u00e2m-\u0131 Ma\u015fr\u0131k ve Zeb\u00fbr-\u0131 Acem isimli \u00e7al\u0131\u015fmalar\u0131 \u015eark\u2019tan Haber ad\u0131 alt\u0131nda ne\u015frederek T\u00fcrk\u00e7eye kazand\u0131rd\u0131\u011f\u0131 bu eser, yeni \u0130kbal okuyucular\u0131n\u0131n da bir fark\u0131ndal\u0131k ve irfan d\u00fcnyas\u0131na ad\u0131m atmalar\u0131n\u0131 sa\u011flayacak. <\/p>\n","protected":false},"excerpt":{"rendered":"<p>\u201cVarl\u0131k bezmi O\u2019nun naz\u0131n\u0131n \u015fehididir.\u201d Yirminci y\u00fczy\u0131l\u0131n en \u00f6nemli m\u00fctefekkirlerinden, edebiyat\u00e7\u0131lar\u0131ndan ve siyaset\u00e7ilerinden \u201cAll\u00e2me\u201d unvanl\u0131 Muhammed \u0130kbal, \u015eark\u2019tan Haber\u2019in T\u00fbr Lalesi k\u0131sm\u0131nda b\u00f6yle anlat\u0131r insan ve<span class=\"excerpt-hellip\"> [\u2026]<\/span><\/p>\n","protected":false},"featured_media":0,"template":"","meta":{"_monsterinsights_skip_tracking":false,"_monsterinsights_sitenote_active":false,"_monsterinsights_sitenote_note":"","_monsterinsights_sitenote_category":0},"product_brand":[],"product_cat":[12718,12719,15238],"product_tag":[],"class_list":{"0":"post-712313","1":"product","2":"type-product","3":"status-publish","5":"product_cat-din","6":"product_cat-islam","7":"product_cat-tasavvuf","8":"pa_cilt-ciltsiz","9":"pa_tur-kitap","10":"pa_yayinevi-timas-yayinlari","11":"pa_yazar-muhammed-ikbal","13":"first","14":"instock","15":"sale","16":"shipping-taxable","17":"purchasable","18":"product-type-simple"},"_links":{"self":[{"href":"https:\/\/roveyayinevi.com.tr\/index.php\/wp-json\/wp\/v2\/product\/712313","targetHints":{"allow":["GET"]}}],"collection":[{"href":"https:\/\/roveyayinevi.com.tr\/index.php\/wp-json\/wp\/v2\/product"}],"about":[{"href":"https:\/\/roveyayinevi.com.tr\/index.php\/wp-json\/wp\/v2\/types\/product"}],"wp:attachment":[{"href":"https:\/\/roveyayinevi.com.tr\/index.php\/wp-json\/wp\/v2\/media?parent=712313"}],"wp:term":[{"taxonomy":"product_brand","embeddable":true,"href":"https:\/\/roveyayinevi.com.tr\/index.php\/wp-json\/wp\/v2\/product_brand?post=712313"},{"taxonomy":"product_cat","embeddable":true,"href":"https:\/\/roveyayinevi.com.tr\/index.php\/wp-json\/wp\/v2\/product_cat?post=712313"},{"taxonomy":"product_tag","embeddable":true,"href":"https:\/\/roveyayinevi.com.tr\/index.php\/wp-json\/wp\/v2\/product_tag?post=712313"}],"curies":[{"name":"wp","href":"https:\/\/api.w.org\/{rel}","templated":true}]}}