{"id":712312,"date":"2025-08-27T16:54:28","date_gmt":"2025-08-27T13:54:28","guid":{"rendered":"https:\/\/roveyayinevi.com.tr\/index.php\/urun\/donusum-16\/"},"modified":"2026-04-12T02:25:18","modified_gmt":"2026-04-11T23:25:18","slug":"donusum-16","status":"publish","type":"product","link":"https:\/\/roveyayinevi.com.tr\/index.php\/urun\/donusum-16\/","title":{"rendered":"D\u00f6n\u00fc\u015f\u00fcm"},"content":{"rendered":"<p>\u201cGregor Samsa bir sabah g\u00f6rd\u00fc\u011f\u00fc huzursuz r\u00fcyalardan uyand\u0131\u011f\u0131nda kendini yata\u011f\u0131nda dev bir b\u00f6ce\u011fe d\u00f6n\u00fc\u015fm\u00fc\u015f olarak buldu.\u201d \u0130\u015fte bu c\u00fcmleyle ba\u015flayan D\u00f6n\u00fc\u015f\u00fcm\u2019de Franz Kafka, kuma\u015f pazarlamac\u0131s\u0131 Gregor Samsa\u2019n\u0131n dev bir b\u00f6ce\u011fe d\u00f6n\u00fc\u015f\u00fcm hik\u00e2yesini anlat\u0131r. Ger\u00e7ekle kurgu aras\u0131ndaki s\u0131n\u0131r\u0131 hedef alan \u00f6yk\u00fcde Kafka\u2019n\u0131n oda\u011f\u0131nda burjuvazi ve toplum kal\u0131plar\u0131 aras\u0131na s\u0131k\u0131\u015fan birey yer al\u0131r. D\u00f6n\u00fc\u015f\u00fcm\u2019\u00fcn bireyin sistem kar\u015f\u0131s\u0131ndaki \u00e7aresizli\u011fini i\u015fleyen, d\u00fcnya edebiyat\u0131na y\u00f6n vermi\u015f en \u00f6nemli metinlerden biri oldu\u011fu yads\u0131namaz bir ger\u00e7ektir. Ebrar Karadeniz\u2019in Almanca asl\u0131ndan \u00e7evirisiyle&#8230;    \u201cKafka\u2019n\u0131n \u00f6tesinde belki de hi\u00e7 kimse bu pi\u015fmanl\u0131k hayaletlerine bu denli et, kemik, bu denli derinlik vermemi\u015ftir. Kafka bizi insan d\u00fc\u015f\u00fcncesinin s\u0131n\u0131rlar\u0131na getirmi\u015ftir.\u201d &#8211; Albert Camus <\/p>\n","protected":false},"excerpt":{"rendered":"<p>\u201cGregor Samsa bir sabah g\u00f6rd\u00fc\u011f\u00fc huzursuz r\u00fcyalardan uyand\u0131\u011f\u0131nda kendini yata\u011f\u0131nda dev bir b\u00f6ce\u011fe d\u00f6n\u00fc\u015fm\u00fc\u015f olarak buldu.\u201d \u0130\u015fte bu c\u00fcmleyle ba\u015flayan D\u00f6n\u00fc\u015f\u00fcm\u2019de Franz Kafka, kuma\u015f pazarlamac\u0131s\u0131 Gregor<span class=\"excerpt-hellip\"> [\u2026]<\/span><\/p>\n","protected":false},"featured_media":0,"template":"","meta":{"_monsterinsights_skip_tracking":false,"_monsterinsights_sitenote_active":false,"_monsterinsights_sitenote_note":"","_monsterinsights_sitenote_category":0},"product_brand":[],"product_cat":[12291,12711],"product_tag":[],"class_list":{"0":"post-712312","1":"product","2":"type-product","3":"status-publish","5":"product_cat-edebiyat","6":"product_cat-roman-oyku","7":"pa_cilt-ciltsiz","8":"pa_tur-kitap","9":"pa_yayinevi-timas-yayinlari","10":"pa_yazar-franz-kafka","12":"first","13":"instock","14":"sale","15":"shipping-taxable","16":"purchasable","17":"product-type-simple"},"_links":{"self":[{"href":"https:\/\/roveyayinevi.com.tr\/index.php\/wp-json\/wp\/v2\/product\/712312","targetHints":{"allow":["GET"]}}],"collection":[{"href":"https:\/\/roveyayinevi.com.tr\/index.php\/wp-json\/wp\/v2\/product"}],"about":[{"href":"https:\/\/roveyayinevi.com.tr\/index.php\/wp-json\/wp\/v2\/types\/product"}],"wp:attachment":[{"href":"https:\/\/roveyayinevi.com.tr\/index.php\/wp-json\/wp\/v2\/media?parent=712312"}],"wp:term":[{"taxonomy":"product_brand","embeddable":true,"href":"https:\/\/roveyayinevi.com.tr\/index.php\/wp-json\/wp\/v2\/product_brand?post=712312"},{"taxonomy":"product_cat","embeddable":true,"href":"https:\/\/roveyayinevi.com.tr\/index.php\/wp-json\/wp\/v2\/product_cat?post=712312"},{"taxonomy":"product_tag","embeddable":true,"href":"https:\/\/roveyayinevi.com.tr\/index.php\/wp-json\/wp\/v2\/product_tag?post=712312"}],"curies":[{"name":"wp","href":"https:\/\/api.w.org\/{rel}","templated":true}]}}