{"id":712307,"date":"2025-08-27T16:54:25","date_gmt":"2025-08-27T13:54:25","guid":{"rendered":"https:\/\/roveyayinevi.com.tr\/index.php\/urun\/kaplancik-odasini-topluyor\/"},"modified":"2025-11-06T04:35:40","modified_gmt":"2025-11-06T01:35:40","slug":"kaplancik-odasini-topluyor","status":"publish","type":"product","link":"https:\/\/roveyayinevi.com.tr\/index.php\/urun\/kaplancik-odasini-topluyor\/","title":{"rendered":"Kaplanc\u0131k Odas\u0131n\u0131 Topluyor"},"content":{"rendered":"<p>Kaplanc\u0131k Odas\u0131n\u0131 Topluyor Merhaba K\u00fc\u00e7\u00fck Deha serisindeki heyecanl\u0131 maceralar, reng\u00e2renk sayfalar ve cana yak\u0131n hayvanlar, ya\u015fam\u0131n\u0131n ilk y\u0131llar\u0131nda edinmesi gereken beceri ve al\u0131\u015fkanl\u0131klar\u0131 kazanmas\u0131nda \u00e7ocu\u011funuza yard\u0131mc\u0131 oluyor.<\/p>\n","protected":false},"excerpt":{"rendered":"<p>Kaplanc\u0131k Odas\u0131n\u0131 Topluyor Merhaba K\u00fc\u00e7\u00fck Deha serisindeki heyecanl\u0131 maceralar, reng\u00e2renk sayfalar ve cana yak\u0131n hayvanlar, ya\u015fam\u0131n\u0131n ilk y\u0131llar\u0131nda edinmesi gereken beceri ve al\u0131\u015fkanl\u0131klar\u0131 kazanmas\u0131nda \u00e7ocu\u011funuza yard\u0131mc\u0131<span class=\"excerpt-hellip\"> [\u2026]<\/span><\/p>\n","protected":false},"featured_media":0,"template":"","meta":{"_monsterinsights_skip_tracking":false,"_monsterinsights_sitenote_active":false,"_monsterinsights_sitenote_note":"","_monsterinsights_sitenote_category":0},"product_brand":[],"product_cat":[12913,12274],"product_tag":[],"class_list":{"0":"post-712307","1":"product","2":"type-product","3":"status-publish","5":"product_cat-3-6-yas-kitaplari","6":"product_cat-cocuk-ve-genclik-kitaplari","7":"pa_cilt-ciltsiz","8":"pa_tur-kitap","9":"pa_yayinevi-1001-cicek-kitaplar","10":"pa_yazar-michael-dahl","12":"first","13":"instock","14":"sale","15":"shipping-taxable","16":"purchasable","17":"product-type-simple"},"_links":{"self":[{"href":"https:\/\/roveyayinevi.com.tr\/index.php\/wp-json\/wp\/v2\/product\/712307","targetHints":{"allow":["GET"]}}],"collection":[{"href":"https:\/\/roveyayinevi.com.tr\/index.php\/wp-json\/wp\/v2\/product"}],"about":[{"href":"https:\/\/roveyayinevi.com.tr\/index.php\/wp-json\/wp\/v2\/types\/product"}],"wp:attachment":[{"href":"https:\/\/roveyayinevi.com.tr\/index.php\/wp-json\/wp\/v2\/media?parent=712307"}],"wp:term":[{"taxonomy":"product_brand","embeddable":true,"href":"https:\/\/roveyayinevi.com.tr\/index.php\/wp-json\/wp\/v2\/product_brand?post=712307"},{"taxonomy":"product_cat","embeddable":true,"href":"https:\/\/roveyayinevi.com.tr\/index.php\/wp-json\/wp\/v2\/product_cat?post=712307"},{"taxonomy":"product_tag","embeddable":true,"href":"https:\/\/roveyayinevi.com.tr\/index.php\/wp-json\/wp\/v2\/product_tag?post=712307"}],"curies":[{"name":"wp","href":"https:\/\/api.w.org\/{rel}","templated":true}]}}