{"id":712302,"date":"2025-08-27T16:54:22","date_gmt":"2025-08-27T13:54:22","guid":{"rendered":"https:\/\/roveyayinevi.com.tr\/index.php\/urun\/pelerinsiz-bulutlar-kirk-alti-sair-ve-digerleri\/"},"modified":"2026-04-16T02:20:57","modified_gmt":"2026-04-15T23:20:57","slug":"pelerinsiz-bulutlar-kirk-alti-sair-ve-digerleri","status":"publish","type":"product","link":"https:\/\/roveyayinevi.com.tr\/index.php\/urun\/pelerinsiz-bulutlar-kirk-alti-sair-ve-digerleri\/","title":{"rendered":"Pelerinsiz Bulutlar K\u0131rk Alt\u0131 \u015eair ve Di\u011ferleri"},"content":{"rendered":"<p>Cafer Y\u0131ld\u0131r\u0131m, 46 \u015fairimizden hayat \u00e7izgileri ta\u015f\u0131yan ve onlar\u0131n \u015fiirleriyle ilgili tahliller i\u00e7eren bu kitab\u0131yla tezkirecilik gelene\u011fini s\u00fcrd\u00fcr\u00fcyor.Yazar, eski ve yeni \u015fairlerimizi okur g\u00fcndemine ta\u015f\u0131rken, onlar vas\u0131tas\u0131yla \u015fiirin solu\u011funu diri tutmay\u0131 ama\u00e7l\u0131yor.Yunus Emre, Mevlana, Fuz\u00fbl\u00ee, \u015eair E\u015fref, Tevf ik Fikret, N\u00e2z\u0131m Hikmet, Ya\u015far Nezihe B\u00fck\u00fclmez, Faz\u0131l H\u00fcsn\u00fc Da\u011flarca, Bedri Rahmi Ey\u00fcbo\u011flu, Enver G\u00f6k\u00e7e, Cahit S\u0131tk\u0131 Taranc\u0131, Attil\u00e2 \u0130lhan, Ahmet Telli, Sait Faik Abas\u0131yan\u0131k, R\u0131fat Ilgaz, Soysal Ekinci, Didem Madak, A. Kadir, Nilg\u00fcn Marmara, Necip Faz\u0131l K\u0131sak\u00fcrek, \u00d6zdemir \u0130nce, Beh\u00e7et Aysan, Adnan Y\u00fccel, Ahmet Erhan, Adnan Sat\u0131c\u0131, H\u00fcseyin Ferhad, Nihat Behram, Hasan H\u00fcseyin Yalva\u00e7, H\u00fcseyin Haydar, Mecit \u00dcnal\u2026Ve daha nice \u015fair\u2026 <\/p>\n","protected":false},"excerpt":{"rendered":"<p>Cafer Y\u0131ld\u0131r\u0131m, 46 \u015fairimizden hayat \u00e7izgileri ta\u015f\u0131yan ve onlar\u0131n \u015fiirleriyle ilgili tahliller i\u00e7eren bu kitab\u0131yla tezkirecilik gelene\u011fini s\u00fcrd\u00fcr\u00fcyor.Yazar, eski ve yeni \u015fairlerimizi okur g\u00fcndemine ta\u015f\u0131rken, onlar<span class=\"excerpt-hellip\"> [\u2026]<\/span><\/p>\n","protected":false},"featured_media":0,"template":"","meta":{"_monsterinsights_skip_tracking":false,"_monsterinsights_sitenote_active":false,"_monsterinsights_sitenote_note":"","_monsterinsights_sitenote_category":0},"product_brand":[],"product_cat":[12291,12509],"product_tag":[],"class_list":{"0":"post-712302","1":"product","2":"type-product","3":"status-publish","5":"product_cat-edebiyat","6":"product_cat-siir","7":"pa_cilt-ciltsiz","8":"pa_tur-kitap","9":"pa_yayinevi-boyalikus-yayinlari","10":"pa_yazar-cafer-yildirim","12":"first","13":"instock","14":"sale","15":"shipping-taxable","16":"purchasable","17":"product-type-simple"},"_links":{"self":[{"href":"https:\/\/roveyayinevi.com.tr\/index.php\/wp-json\/wp\/v2\/product\/712302","targetHints":{"allow":["GET"]}}],"collection":[{"href":"https:\/\/roveyayinevi.com.tr\/index.php\/wp-json\/wp\/v2\/product"}],"about":[{"href":"https:\/\/roveyayinevi.com.tr\/index.php\/wp-json\/wp\/v2\/types\/product"}],"wp:attachment":[{"href":"https:\/\/roveyayinevi.com.tr\/index.php\/wp-json\/wp\/v2\/media?parent=712302"}],"wp:term":[{"taxonomy":"product_brand","embeddable":true,"href":"https:\/\/roveyayinevi.com.tr\/index.php\/wp-json\/wp\/v2\/product_brand?post=712302"},{"taxonomy":"product_cat","embeddable":true,"href":"https:\/\/roveyayinevi.com.tr\/index.php\/wp-json\/wp\/v2\/product_cat?post=712302"},{"taxonomy":"product_tag","embeddable":true,"href":"https:\/\/roveyayinevi.com.tr\/index.php\/wp-json\/wp\/v2\/product_tag?post=712302"}],"curies":[{"name":"wp","href":"https:\/\/api.w.org\/{rel}","templated":true}]}}