{"id":712300,"date":"2025-08-27T16:54:21","date_gmt":"2025-08-27T13:54:21","guid":{"rendered":"https:\/\/roveyayinevi.com.tr\/index.php\/urun\/cin-sanati\/"},"modified":"2026-04-16T02:20:57","modified_gmt":"2026-04-15T23:20:57","slug":"cin-sanati","status":"publish","type":"product","link":"https:\/\/roveyayinevi.com.tr\/index.php\/urun\/cin-sanati\/","title":{"rendered":"\u00c7in Sanat\u0131"},"content":{"rendered":"<p>Do\u011fa ve ya\u015fam her zaman her yerde hareket halindedir. Hareket do\u011fan\u0131n evrimini ve ayn\u0131 zamanda ya\u015fam\u0131n varl\u0131\u011f\u0131n\u0131 g\u00f6sterir.Han Hanedanl\u0131\u011f\u0131\u2019n\u0131n bronz heykeli &#8220;U\u00e7an K\u0131rlang\u0131ca Basarak D\u00f6rt Nala Giden At&#8221; inan\u0131lmaz bir &#8220;hareketlili\u011fi&#8221;, inan\u0131lmaz bir &#8220;dura\u011fanl\u0131kla&#8221; g\u00f6sterir.Hareket ve dura\u011fanl\u0131k aras\u0131ndaki bu diyalektik ili\u015fki \u00c7in sanat\u0131n\u0131n bir\u00e7ok alan\u0131nda a\u00e7\u0131k\u00e7a g\u00f6r\u00fcl\u00fcr \u00f6rne\u011fin, kaligrafideki elyaz\u0131s\u0131 ve standart yaz\u0131, manzara resmi ve \u00e7i\u00e7ek-ku\u015f resimleri, m\u00fczi\u011fin akmas\u0131 ve duraklamas\u0131, danslardaki ritmik hareketler ve sessizlik, sava\u015f sanatlar\u0131 ve geleneksel \u00c7in operas\u0131ndaki sahne g\u00f6r\u00fcnt\u00fcleri, hareket ve dura\u011fanl\u0131k aras\u0131ndaki bu ili\u015fkinin g\u00f6stergesidir. Asl\u0131nda hareket ve dura\u011fanl\u0131k hep uyum i\u00e7inde var olur. Dura\u011fanl\u0131kta hareket vard\u0131r ve bunun tam tersi de ge\u00e7erlidir. Da\u011flar f\u0131rt\u0131nay\u0131 saklar, u\u00e7urtma kartallar ilkbahar nefesiyle dolar. Ne do\u011fada ne de canl\u0131k\u00fcrede tam hareket veya tam dura\u011fanl\u0131k diye bir \u015fey yoktur. \u00c7in kaligrafisi, resmi, heykeli, m\u00fczi\u011fi, dans\u0131 ve geleneksel operas\u0131, bo\u015fluklara b\u00fcy\u00fck \u00f6nem y\u00fckler. Asl\u0131nda bo\u015fluklar bo\u015f de\u011fil, do\u011fan\u0131n r\u00fczg\u00e2r\u0131n\u0131n ve ya\u015fam\u0131n havas\u0131n\u0131n esti\u011fi yerlerdir. <\/p>\n","protected":false},"excerpt":{"rendered":"<p>Do\u011fa ve ya\u015fam her zaman her yerde hareket halindedir. Hareket do\u011fan\u0131n evrimini ve ayn\u0131 zamanda ya\u015fam\u0131n varl\u0131\u011f\u0131n\u0131 g\u00f6sterir.Han Hanedanl\u0131\u011f\u0131\u2019n\u0131n bronz heykeli &#8220;U\u00e7an K\u0131rlang\u0131ca Basarak D\u00f6rt Nala<span class=\"excerpt-hellip\"> [\u2026]<\/span><\/p>\n","protected":false},"featured_media":0,"template":"","meta":{"_monsterinsights_skip_tracking":false,"_monsterinsights_sitenote_active":false,"_monsterinsights_sitenote_note":"","_monsterinsights_sitenote_category":0},"product_brand":[],"product_cat":[12312,12304],"product_tag":[],"class_list":{"0":"post-712300","1":"product","2":"type-product","3":"status-publish","5":"product_cat-diger","6":"product_cat-tarih","7":"pa_cilt-ciltsiz","8":"pa_tur-kitap","9":"pa_yayinevi-kaynak-yayinlari","10":"pa_yazar-liu-qiangong","12":"first","13":"instock","14":"sale","15":"shipping-taxable","16":"purchasable","17":"product-type-simple"},"_links":{"self":[{"href":"https:\/\/roveyayinevi.com.tr\/index.php\/wp-json\/wp\/v2\/product\/712300","targetHints":{"allow":["GET"]}}],"collection":[{"href":"https:\/\/roveyayinevi.com.tr\/index.php\/wp-json\/wp\/v2\/product"}],"about":[{"href":"https:\/\/roveyayinevi.com.tr\/index.php\/wp-json\/wp\/v2\/types\/product"}],"wp:attachment":[{"href":"https:\/\/roveyayinevi.com.tr\/index.php\/wp-json\/wp\/v2\/media?parent=712300"}],"wp:term":[{"taxonomy":"product_brand","embeddable":true,"href":"https:\/\/roveyayinevi.com.tr\/index.php\/wp-json\/wp\/v2\/product_brand?post=712300"},{"taxonomy":"product_cat","embeddable":true,"href":"https:\/\/roveyayinevi.com.tr\/index.php\/wp-json\/wp\/v2\/product_cat?post=712300"},{"taxonomy":"product_tag","embeddable":true,"href":"https:\/\/roveyayinevi.com.tr\/index.php\/wp-json\/wp\/v2\/product_tag?post=712300"}],"curies":[{"name":"wp","href":"https:\/\/api.w.org\/{rel}","templated":true}]}}