{"id":712299,"date":"2025-08-27T16:54:20","date_gmt":"2025-08-27T13:54:20","guid":{"rendered":"https:\/\/roveyayinevi.com.tr\/index.php\/urun\/cin-mutfagi\/"},"modified":"2026-04-16T02:20:57","modified_gmt":"2026-04-15T23:20:57","slug":"cin-mutfagi","status":"publish","type":"product","link":"https:\/\/roveyayinevi.com.tr\/index.php\/urun\/cin-mutfagi\/","title":{"rendered":"\u00c7in Mutfa\u011f\u0131"},"content":{"rendered":"<p>\u00c7inli a\u015f\u00e7\u0131lar yabanc\u0131lara yenilmez g\u00f6r\u00fcnen bir\u00e7ok malzemeyi nadir lezzette yemeklere \u00e7evirecek a\u015f\u00e7\u0131l\u0131k becerilerine sahiptir. \u00c7inli a\u015f\u00e7\u0131lar ayn\u0131 zamanda farkl\u0131 malzemeleri birle\u015ftirerek lezzetli yemekler ortaya \u00e7\u0131karmada ustad\u0131r. Tariflerine \u00e7e\u015fitli baharatlar ekler, kulland\u0131klar\u0131 \u00e7e\u015fitli malzemelerin tatlar\u0131n\u0131 birbirine kar\u0131\u015ft\u0131r\u0131p tatlar\u0131n birbirini zenginle\u015ftirmesini sa\u011flarlar. Bu yemek pi\u015firme y\u00f6ntemi &#8220;dengeye ula\u015fmak i\u00e7in harmanlama&#8221;n\u0131n \u00f6nemini vurgulayan \u00c7in felsefesini yans\u0131t\u0131r. \u00c7inli a\u015f\u00e7\u0131lar lezzetli tariflerini yaratmak i\u00e7in, e\u011fitimleri, yerel \u00e2detleri ve k\u00fclt\u00fcrel miraslar\u0131yla olu\u015fan sezgilerini kullan\u0131rlar. Bu, \u00c7in&#8217;in mutfak sanat\u0131n\u0131n \u00f6z\u00fcd\u00fcr. Geni\u015f topraklar\u0131 olan bir\u00e7ok \u00fclkede oldu\u011fu gibi, \u00c7in&#8217;de de g\u00fcney ve kuzey \u00c7in&#8217;de t\u00fcketilen yiyecek ve i\u00e7ecekler aras\u0131nda b\u00fcy\u00fck fark vard\u0131r. Bu sebeple, \u00c7in&#8217;e gelen yabanc\u0131lar \u00e7ok say\u0131daki yerel \u00c7in yemeklerine, tat \u00e7e\u015fitlili\u011fine hayran kal\u0131r. B\u00fct\u00fcn a\u015f\u00e7\u0131lar &#8220;g\u00fczel renkler, kokular ve tatlar&#8221; pe\u015findedir. \u00c7inliler sadece yeme\u011fin tad\u0131na de\u011fil ayn\u0131 zamanda nas\u0131l g\u00f6r\u00fcnd\u00fc\u011f\u00fcne de dikkat ederler. Yeme\u011fin hem tad\u0131na hem de g\u00f6r\u00fcnt\u00fcs\u00fcne verilen \u00f6nem \u00c7inlilerin yemek k\u00fclt\u00fcr\u00fcn\u00fcn \u00f6nemli bir par\u00e7as\u0131d\u0131r. Bu y\u00fczden \u00c7in yeme\u011fi sadece a\u00e7l\u0131\u011f\u0131 gidermez, ayn\u0131 zamanda g\u00f6z ve damak zevkine de hitap eder. <\/p>\n","protected":false},"excerpt":{"rendered":"<p>\u00c7inli a\u015f\u00e7\u0131lar yabanc\u0131lara yenilmez g\u00f6r\u00fcnen bir\u00e7ok malzemeyi nadir lezzette yemeklere \u00e7evirecek a\u015f\u00e7\u0131l\u0131k becerilerine sahiptir. \u00c7inli a\u015f\u00e7\u0131lar ayn\u0131 zamanda farkl\u0131 malzemeleri birle\u015ftirerek lezzetli yemekler ortaya \u00e7\u0131karmada ustad\u0131r.<span class=\"excerpt-hellip\"> [\u2026]<\/span><\/p>\n","protected":false},"featured_media":0,"template":"","meta":{"_monsterinsights_skip_tracking":false,"_monsterinsights_sitenote_active":false,"_monsterinsights_sitenote_note":"","_monsterinsights_sitenote_category":0},"product_brand":[],"product_cat":[22706,12457],"product_tag":[],"class_list":{"0":"post-712299","1":"product","2":"type-product","3":"status-publish","5":"product_cat-dunya-mutfagi","6":"product_cat-yemek-kitaplari","7":"pa_cilt-ciltsiz","8":"pa_tur-kitap","9":"pa_yayinevi-kaynak-yayinlari","10":"pa_yazar-liu-junru","12":"first","13":"instock","14":"sale","15":"shipping-taxable","16":"purchasable","17":"product-type-simple"},"_links":{"self":[{"href":"https:\/\/roveyayinevi.com.tr\/index.php\/wp-json\/wp\/v2\/product\/712299","targetHints":{"allow":["GET"]}}],"collection":[{"href":"https:\/\/roveyayinevi.com.tr\/index.php\/wp-json\/wp\/v2\/product"}],"about":[{"href":"https:\/\/roveyayinevi.com.tr\/index.php\/wp-json\/wp\/v2\/types\/product"}],"wp:attachment":[{"href":"https:\/\/roveyayinevi.com.tr\/index.php\/wp-json\/wp\/v2\/media?parent=712299"}],"wp:term":[{"taxonomy":"product_brand","embeddable":true,"href":"https:\/\/roveyayinevi.com.tr\/index.php\/wp-json\/wp\/v2\/product_brand?post=712299"},{"taxonomy":"product_cat","embeddable":true,"href":"https:\/\/roveyayinevi.com.tr\/index.php\/wp-json\/wp\/v2\/product_cat?post=712299"},{"taxonomy":"product_tag","embeddable":true,"href":"https:\/\/roveyayinevi.com.tr\/index.php\/wp-json\/wp\/v2\/product_tag?post=712299"}],"curies":[{"name":"wp","href":"https:\/\/api.w.org\/{rel}","templated":true}]}}