{"id":712298,"date":"2025-08-27T16:54:20","date_gmt":"2025-08-27T13:54:20","guid":{"rendered":"https:\/\/roveyayinevi.com.tr\/index.php\/urun\/diyarbakir-efsaneleri-2\/"},"modified":"2026-04-16T02:20:57","modified_gmt":"2026-04-15T23:20:57","slug":"diyarbakir-efsaneleri-2","status":"publish","type":"product","link":"https:\/\/roveyayinevi.com.tr\/index.php\/urun\/diyarbakir-efsaneleri-2\/","title":{"rendered":"Diyarbak\u0131r Efsaneleri"},"content":{"rendered":"<p>&#8220;Y\u0131lanl\u0131, akrepli, sevdal\u0131 \u015fehrin o \u00e7ok sevgili insanlar\u0131, bu kitapta anlat\u0131lan sizin efsanenizdir.&#8221; Muhsine Helimo\u011flu Yavuz  &#8220;Muhsine Helimo\u011flu Yavuz, b\u00fcy\u00fck emek harcayarak \u00f6nemli bir i\u015f yapm\u0131\u015f bu kitab\u0131n\u0131 yay\u0131mlamakla. Onu kutluyorum. &#8216;Diyarbak\u0131r S\u00f6ylenceleri&#8217;nde yazar \u00e7\u0131karc\u0131l\u0131\u011f\u0131na yan\u0131t verecek bir\u00e7ok gere\u00e7 buldu\u011fum i\u00e7in de Muhsine Helimo\u011flu Yavuz&#8217;a te\u015fekk\u00fcr ederim.&#8221; Aziz Nesin &#8220;Bu \u00e7al\u0131\u015fman\u0131n kimi zamanlar\u0131na tan\u0131k oldum. \u0130lgin\u00e7tir, bildi\u011fi efsaneyi s\u00f6ylemeyi istememek gibi bir e\u011filime de tan\u0131k oldum. Bir emaneti g\u00f6zlerden gizler gibi. \u00c7al\u0131\u015fmac\u0131 \u0131srar yoluna gittik\u00e7e, insanlar\u0131n huzurunu bozmak gerekmez diye, \u00e7al\u0131\u015fmac\u0131yla tart\u0131\u015ft\u0131\u011f\u0131m da oldu. Ama ara\u015ft\u0131rmac\u0131 durmad\u0131, daha ileri y\u00fcr\u00fcmek istedi. Ve ald\u0131\u2026 Verilmesinden ka\u00e7\u0131n\u0131lan\u0131 ald\u0131. \u00c7al\u0131\u015fma almakla kalm\u0131yor, veriyor da. Sonunda \u00fcrk\u00fcn\u00fcn da\u011f\u0131l\u0131\u015f\u0131n\u0131 izlemek zevkli. Bir kitapta bir metni kendi adlar\u0131na yaz\u0131l\u0131 g\u00f6rmek insanlar\u0131n ho\u015funa gitti.&#8221; <\/p>\n","protected":false},"excerpt":{"rendered":"<p>&#8220;Y\u0131lanl\u0131, akrepli, sevdal\u0131 \u015fehrin o \u00e7ok sevgili insanlar\u0131, bu kitapta anlat\u0131lan sizin efsanenizdir.&#8221; Muhsine Helimo\u011flu Yavuz &#8220;Muhsine Helimo\u011flu Yavuz, b\u00fcy\u00fck emek harcayarak \u00f6nemli bir i\u015f yapm\u0131\u015f<span class=\"excerpt-hellip\"> [\u2026]<\/span><\/p>\n","protected":false},"featured_media":0,"template":"","meta":{"_monsterinsights_skip_tracking":false,"_monsterinsights_sitenote_active":false,"_monsterinsights_sitenote_note":"","_monsterinsights_sitenote_category":0},"product_brand":[],"product_cat":[12370,12304],"product_tag":[],"class_list":{"0":"post-712298","1":"product","2":"type-product","3":"status-publish","5":"product_cat-arastirma-inceleme","6":"product_cat-tarih","7":"pa_cilt-ciltsiz","8":"pa_tur-kitap","9":"pa_yayinevi-kaynak-yayinlari","10":"pa_yazar-muhsine-helimoglu-yavuz","12":"first","13":"instock","14":"sale","15":"shipping-taxable","16":"purchasable","17":"product-type-simple"},"_links":{"self":[{"href":"https:\/\/roveyayinevi.com.tr\/index.php\/wp-json\/wp\/v2\/product\/712298","targetHints":{"allow":["GET"]}}],"collection":[{"href":"https:\/\/roveyayinevi.com.tr\/index.php\/wp-json\/wp\/v2\/product"}],"about":[{"href":"https:\/\/roveyayinevi.com.tr\/index.php\/wp-json\/wp\/v2\/types\/product"}],"wp:attachment":[{"href":"https:\/\/roveyayinevi.com.tr\/index.php\/wp-json\/wp\/v2\/media?parent=712298"}],"wp:term":[{"taxonomy":"product_brand","embeddable":true,"href":"https:\/\/roveyayinevi.com.tr\/index.php\/wp-json\/wp\/v2\/product_brand?post=712298"},{"taxonomy":"product_cat","embeddable":true,"href":"https:\/\/roveyayinevi.com.tr\/index.php\/wp-json\/wp\/v2\/product_cat?post=712298"},{"taxonomy":"product_tag","embeddable":true,"href":"https:\/\/roveyayinevi.com.tr\/index.php\/wp-json\/wp\/v2\/product_tag?post=712298"}],"curies":[{"name":"wp","href":"https:\/\/api.w.org\/{rel}","templated":true}]}}