{"id":712296,"date":"2025-08-27T16:54:19","date_gmt":"2025-08-27T13:54:19","guid":{"rendered":"https:\/\/roveyayinevi.com.tr\/index.php\/urun\/binbir-bahce-masallari\/"},"modified":"2026-04-16T02:20:57","modified_gmt":"2026-04-15T23:20:57","slug":"binbir-bahce-masallari","status":"publish","type":"product","link":"https:\/\/roveyayinevi.com.tr\/index.php\/urun\/binbir-bahce-masallari\/","title":{"rendered":"Binbir Bah\u00e7e Masallar\u0131"},"content":{"rendered":"<p>Binbir Bah\u00e7e Masallar\u0131 y\u0131llara yay\u0131lan bir ser\u00fcveni, bir bah\u00e7enin geli\u015fim s\u00fcrecini anlat\u0131yor. Tarih boyu g\u00fc\u00e7 ve sosyal stat\u00fclerin simgesi, k\u00fclt\u00fcrlerin do\u011fum yeri olagelmi\u015f, g\u00fcnbeg\u00fcn kendi masallar\u0131n\u0131 anlatan bah\u00e7elere kulak veriyor. Tamamen organik bir bah\u00e7e yaratman\u0131n me\u015fakkatli s\u00fcrecine, ta cennet bah\u00e7esinden ba\u015flayarak bah\u00e7e\/cilik k\u00fclt\u00fcr\u00fc ve tarihi eklemleniyor Ceyl\u00e2n Orhun\u2019un tuttu\u011fu g\u00fcnl\u00fcklerde. Tohumdan filizlenen bu hik\u00e2ye, sulanarak, \u00e7apalanarak el eme\u011fi g\u00f6z nuruyla \u00e7i\u00e7e\u011fini a\u00e7\u0131yor&#8230; <\/p>\n","protected":false},"excerpt":{"rendered":"<p>Binbir Bah\u00e7e Masallar\u0131 y\u0131llara yay\u0131lan bir ser\u00fcveni, bir bah\u00e7enin geli\u015fim s\u00fcrecini anlat\u0131yor. Tarih boyu g\u00fc\u00e7 ve sosyal stat\u00fclerin simgesi, k\u00fclt\u00fcrlerin do\u011fum yeri olagelmi\u015f, g\u00fcnbeg\u00fcn kendi masallar\u0131n\u0131<span class=\"excerpt-hellip\"> [\u2026]<\/span><\/p>\n","protected":false},"featured_media":0,"template":"","meta":{"_monsterinsights_skip_tracking":false,"_monsterinsights_sitenote_active":false,"_monsterinsights_sitenote_note":"","_monsterinsights_sitenote_category":0},"product_brand":[],"product_cat":[13701,12291],"product_tag":[],"class_list":{"0":"post-712296","1":"product","2":"type-product","3":"status-publish","5":"product_cat-ani-mektup-gunluk","6":"product_cat-edebiyat","7":"pa_cilt-ciltsiz","8":"pa_tur-kitap","9":"pa_yayinevi-kirmizi-kedi-yayinevi","10":"pa_yazar-ceylan-orhun","12":"first","13":"instock","14":"sale","15":"shipping-taxable","16":"purchasable","17":"product-type-simple"},"_links":{"self":[{"href":"https:\/\/roveyayinevi.com.tr\/index.php\/wp-json\/wp\/v2\/product\/712296","targetHints":{"allow":["GET"]}}],"collection":[{"href":"https:\/\/roveyayinevi.com.tr\/index.php\/wp-json\/wp\/v2\/product"}],"about":[{"href":"https:\/\/roveyayinevi.com.tr\/index.php\/wp-json\/wp\/v2\/types\/product"}],"wp:attachment":[{"href":"https:\/\/roveyayinevi.com.tr\/index.php\/wp-json\/wp\/v2\/media?parent=712296"}],"wp:term":[{"taxonomy":"product_brand","embeddable":true,"href":"https:\/\/roveyayinevi.com.tr\/index.php\/wp-json\/wp\/v2\/product_brand?post=712296"},{"taxonomy":"product_cat","embeddable":true,"href":"https:\/\/roveyayinevi.com.tr\/index.php\/wp-json\/wp\/v2\/product_cat?post=712296"},{"taxonomy":"product_tag","embeddable":true,"href":"https:\/\/roveyayinevi.com.tr\/index.php\/wp-json\/wp\/v2\/product_tag?post=712296"}],"curies":[{"name":"wp","href":"https:\/\/api.w.org\/{rel}","templated":true}]}}