{"id":712294,"date":"2025-08-27T16:54:18","date_gmt":"2025-08-27T13:54:18","guid":{"rendered":"https:\/\/roveyayinevi.com.tr\/index.php\/urun\/islem-tamam-elde-var-2\/"},"modified":"2026-04-16T02:20:57","modified_gmt":"2026-04-15T23:20:57","slug":"islem-tamam-elde-var-2","status":"publish","type":"product","link":"https:\/\/roveyayinevi.com.tr\/index.php\/urun\/islem-tamam-elde-var-2\/","title":{"rendered":"\u0130\u015flem Tamam, Elde Var 2"},"content":{"rendered":"<p>Matematik mi? Tad\u0131ndan yenmez!Toprak I\u015f\u0131k\u2019\u0131n, matemati\u011fin g\u00f6r\u00fcnd\u00fc\u011f\u00fcnden \u00e7ok daha keyifli olabilece\u011fini kan\u0131tlayan \u201c\u0130\u015flem Tamam\u201d isimli ba\u015fvuru dizisinin ikinci kitab\u0131.Kesirler, ondal\u0131k say\u0131lar, b\u00f6lme ve \u00e7arpma gibi temel matematik konular\u0131n\u0131n s\u00fcr\u00fckleyici bir hik\u00e2yeyle bulu\u015ftu\u011fu, 10 ya\u015f ve \u00fczeri okurlar i\u00e7in e\u011flenceli bir ser\u00fcven.Toprak I\u015f\u0131k\u2019\u0131n mizahi anlat\u0131m\u0131 ve Do\u011fan Gen\u00e7soy\u2019un karikat\u00fcr esintili resimleriyle etkile\u015fimli bir okuma deneyimi sunan \u201c\u0130\u015flem Tamam\u201d serisi, i\u00e7eri\u011findeki sorularla kitapseverleri beyin f\u0131rt\u0131nas\u0131na davet ediyor.Yazar Toprak I\u015f\u0131k, \u0130\u015flem Tamam &#8211; Elde Var 2 kitab\u0131yla, okurlar\u0131n\u0131, kendi \u00e7ocuklu\u011funa g\u00f6t\u00fcr\u00fcyor. K\u00fc\u00e7\u00fck Toprak, her zamanki gibi, arkada\u015f\u0131 Nebi ile birlikte mahalle bakkal\u0131 Aga Lil&#8217;in d\u00fckk\u00e2n\u0131na gitmi\u015f ve muzip bakkal\u0131n say\u0131larla ilgili ilgin\u00e7 sorular\u0131na cevap bulmaya \u00e7al\u0131\u015f\u0131yordur. Yan\u0131tlar sorular\u0131 kovalarken, Toprak kendini ke\u015fiflerle dolu bir matematik y\u00fcr\u00fcy\u00fc\u015f\u00fcnde bulur. Aga Lil&#8217;in pazardan ald\u0131\u011f\u0131 yirmi elman\u0131n ka\u00e7ta ka\u00e7\u0131 kimde kalm\u0131\u015f ya da kim afiyetle mideye indirmi\u015ftir? D\u00fc\u015f\u00fcnceler havada u\u00e7u\u015furken, Aga Ki, Toprak&#8217;\u0131n imdad\u0131na yeti\u015fir ve kitapseverler i\u00e7in heyecan dolu bir matematik maceras\u0131 ba\u015flar. Do\u011fru dille ve y\u00f6ntemle anlat\u0131lan matemati\u011fin, kat\u0131ks\u0131z bir e\u011flenceye d\u00f6n\u00fc\u015febilece\u011fini savunan Toprak I\u015f\u0131k, \u201c\u0130\u015flem Tamam\u201dda yaratt\u0131\u011f\u0131 matematik evreni ile okurlar\u0131 say\u0131lar\u0131n b\u00fcy\u00fcl\u00fc d\u00fcnyas\u0131nda sihirli bir yolculu\u011fa \u00e7\u0131kar\u0131yor. <\/p>\n","protected":false},"excerpt":{"rendered":"<p>Matematik mi? Tad\u0131ndan yenmez!Toprak I\u015f\u0131k\u2019\u0131n, matemati\u011fin g\u00f6r\u00fcnd\u00fc\u011f\u00fcnden \u00e7ok daha keyifli olabilece\u011fini kan\u0131tlayan \u201c\u0130\u015flem Tamam\u201d isimli ba\u015fvuru dizisinin ikinci kitab\u0131.Kesirler, ondal\u0131k say\u0131lar, b\u00f6lme ve \u00e7arpma gibi temel<span class=\"excerpt-hellip\"> [\u2026]<\/span><\/p>\n","protected":false},"featured_media":0,"template":"","meta":{"_monsterinsights_skip_tracking":false,"_monsterinsights_sitenote_active":false,"_monsterinsights_sitenote_note":"","_monsterinsights_sitenote_category":0},"product_brand":[],"product_cat":[13829,12274],"product_tag":[],"class_list":{"0":"post-712294","1":"product","2":"type-product","3":"status-publish","5":"product_cat-bilimsel-kitaplar","6":"product_cat-cocuk-ve-genclik-kitaplari","7":"pa_cilt-ciltsiz","8":"pa_tur-kitap","9":"pa_yayinevi-tudem-yayinlari","10":"pa_yazar-toprak-isik","12":"first","13":"instock","14":"sale","15":"shipping-taxable","16":"purchasable","17":"product-type-simple"},"_links":{"self":[{"href":"https:\/\/roveyayinevi.com.tr\/index.php\/wp-json\/wp\/v2\/product\/712294","targetHints":{"allow":["GET"]}}],"collection":[{"href":"https:\/\/roveyayinevi.com.tr\/index.php\/wp-json\/wp\/v2\/product"}],"about":[{"href":"https:\/\/roveyayinevi.com.tr\/index.php\/wp-json\/wp\/v2\/types\/product"}],"wp:attachment":[{"href":"https:\/\/roveyayinevi.com.tr\/index.php\/wp-json\/wp\/v2\/media?parent=712294"}],"wp:term":[{"taxonomy":"product_brand","embeddable":true,"href":"https:\/\/roveyayinevi.com.tr\/index.php\/wp-json\/wp\/v2\/product_brand?post=712294"},{"taxonomy":"product_cat","embeddable":true,"href":"https:\/\/roveyayinevi.com.tr\/index.php\/wp-json\/wp\/v2\/product_cat?post=712294"},{"taxonomy":"product_tag","embeddable":true,"href":"https:\/\/roveyayinevi.com.tr\/index.php\/wp-json\/wp\/v2\/product_tag?post=712294"}],"curies":[{"name":"wp","href":"https:\/\/api.w.org\/{rel}","templated":true}]}}