{"id":712293,"date":"2025-08-27T16:54:17","date_gmt":"2025-08-27T13:54:17","guid":{"rendered":"https:\/\/roveyayinevi.com.tr\/index.php\/urun\/sahra-metin-sadelestirme-gunumuz-turkcesiyle-nesre-ceviri\/"},"modified":"2026-04-16T02:20:57","modified_gmt":"2026-04-15T23:20:57","slug":"sahra-metin-sadelestirme-gunumuz-turkcesiyle-nesre-ceviri","status":"publish","type":"product","link":"https:\/\/roveyayinevi.com.tr\/index.php\/urun\/sahra-metin-sadelestirme-gunumuz-turkcesiyle-nesre-ceviri\/","title":{"rendered":"Sahra -Metin -Sadele\u015ftirme- G\u00fcn\u00fcm\u00fcz T\u00fcrk\u00e7esiyle Nesre \u00c7eviri"},"content":{"rendered":"<p>\u00dcmit ederim ki fani simas\u0131n\u0131n aram\u0131zdan \u00e7ekilmesine mukabil, \u015fiirinin hakiki \u00e7ehresi gelir. \u015e\u00fcphesiz belki kuvvetli bir zevk ve belki de zaman, bu muazzam eseri ay\u0131klad\u0131\u011f\u0131 g\u00fcn \u015fiirimiz hacmen k\u00fc\u00e7\u00fck, fakat istiap etti\u011fi g\u00fczellik ile \u00e7ok k\u0131ymetli bir eser kazanacakt\u0131r.- Ahmet Hamdi Tanp\u0131nar <\/p>\n","protected":false},"excerpt":{"rendered":"<p>\u00dcmit ederim ki fani simas\u0131n\u0131n aram\u0131zdan \u00e7ekilmesine mukabil, \u015fiirinin hakiki \u00e7ehresi gelir. \u015e\u00fcphesiz belki kuvvetli bir zevk ve belki de zaman, bu muazzam eseri ay\u0131klad\u0131\u011f\u0131 g\u00fcn<span class=\"excerpt-hellip\"> [\u2026]<\/span><\/p>\n","protected":false},"featured_media":0,"template":"","meta":{"_monsterinsights_skip_tracking":false,"_monsterinsights_sitenote_active":false,"_monsterinsights_sitenote_note":"","_monsterinsights_sitenote_category":0},"product_brand":[],"product_cat":[13072,12291],"product_tag":[],"class_list":{"0":"post-712293","1":"product","2":"type-product","3":"status-publish","5":"product_cat-arastirma-inceleme-referans","6":"product_cat-edebiyat","7":"pa_cilt-ciltsiz","8":"pa_tur-kitap","9":"pa_yayinevi-akademik-kitaplar","10":"pa_yazar-abdulhak-hamid-tarhan","12":"first","13":"instock","14":"sale","15":"shipping-taxable","16":"purchasable","17":"product-type-simple"},"_links":{"self":[{"href":"https:\/\/roveyayinevi.com.tr\/index.php\/wp-json\/wp\/v2\/product\/712293","targetHints":{"allow":["GET"]}}],"collection":[{"href":"https:\/\/roveyayinevi.com.tr\/index.php\/wp-json\/wp\/v2\/product"}],"about":[{"href":"https:\/\/roveyayinevi.com.tr\/index.php\/wp-json\/wp\/v2\/types\/product"}],"wp:attachment":[{"href":"https:\/\/roveyayinevi.com.tr\/index.php\/wp-json\/wp\/v2\/media?parent=712293"}],"wp:term":[{"taxonomy":"product_brand","embeddable":true,"href":"https:\/\/roveyayinevi.com.tr\/index.php\/wp-json\/wp\/v2\/product_brand?post=712293"},{"taxonomy":"product_cat","embeddable":true,"href":"https:\/\/roveyayinevi.com.tr\/index.php\/wp-json\/wp\/v2\/product_cat?post=712293"},{"taxonomy":"product_tag","embeddable":true,"href":"https:\/\/roveyayinevi.com.tr\/index.php\/wp-json\/wp\/v2\/product_tag?post=712293"}],"curies":[{"name":"wp","href":"https:\/\/api.w.org\/{rel}","templated":true}]}}