{"id":712292,"date":"2025-08-27T16:54:16","date_gmt":"2025-08-27T13:54:16","guid":{"rendered":"https:\/\/roveyayinevi.com.tr\/index.php\/urun\/malone-oluyor-ucleme-2\/"},"modified":"2025-10-10T04:32:43","modified_gmt":"2025-10-10T01:32:43","slug":"malone-oluyor-ucleme-2","status":"publish","type":"product","link":"https:\/\/roveyayinevi.com.tr\/index.php\/urun\/malone-oluyor-ucleme-2\/","title":{"rendered":"Malone \u00d6l\u00fcyor \u00dc\u00e7leme 2"},"content":{"rendered":"<p>\u00dc\u00e7leme 2 Odas\u0131nda \u00f6lmeyi bekleyen ya\u015fl\u0131 bir adam ve zihnin g\u00f6zeneklerinde gezineduran kaygan bir monolog. Beckett\u2019ten roman ile draman\u0131n arakesitinde duran, ya da duramayan, ba\u015f d\u00f6nd\u00fcr\u00fcc\u00fc bir deney. <\/p>\n","protected":false},"excerpt":{"rendered":"<p>\u00dc\u00e7leme 2 Odas\u0131nda \u00f6lmeyi bekleyen ya\u015fl\u0131 bir adam ve zihnin g\u00f6zeneklerinde gezineduran kaygan bir monolog. Beckett\u2019ten roman ile draman\u0131n arakesitinde duran, ya da duramayan, ba\u015f d\u00f6nd\u00fcr\u00fcc\u00fc<span class=\"excerpt-hellip\"> [\u2026]<\/span><\/p>\n","protected":false},"featured_media":0,"template":"","meta":{"_monsterinsights_skip_tracking":false,"_monsterinsights_sitenote_active":false,"_monsterinsights_sitenote_note":"","_monsterinsights_sitenote_category":0},"product_brand":[],"product_cat":[12291,12711],"product_tag":[],"class_list":{"0":"post-712292","1":"product","2":"type-product","3":"status-publish","5":"product_cat-edebiyat","6":"product_cat-roman-oyku","7":"pa_cilt-ciltsiz","8":"pa_tur-kitap","9":"pa_yayinevi-kirmizi-kedi-yayinevi","10":"pa_yazar-samuel-beckett","12":"first","13":"instock","14":"sale","15":"shipping-taxable","16":"purchasable","17":"product-type-simple"},"_links":{"self":[{"href":"https:\/\/roveyayinevi.com.tr\/index.php\/wp-json\/wp\/v2\/product\/712292","targetHints":{"allow":["GET"]}}],"collection":[{"href":"https:\/\/roveyayinevi.com.tr\/index.php\/wp-json\/wp\/v2\/product"}],"about":[{"href":"https:\/\/roveyayinevi.com.tr\/index.php\/wp-json\/wp\/v2\/types\/product"}],"wp:attachment":[{"href":"https:\/\/roveyayinevi.com.tr\/index.php\/wp-json\/wp\/v2\/media?parent=712292"}],"wp:term":[{"taxonomy":"product_brand","embeddable":true,"href":"https:\/\/roveyayinevi.com.tr\/index.php\/wp-json\/wp\/v2\/product_brand?post=712292"},{"taxonomy":"product_cat","embeddable":true,"href":"https:\/\/roveyayinevi.com.tr\/index.php\/wp-json\/wp\/v2\/product_cat?post=712292"},{"taxonomy":"product_tag","embeddable":true,"href":"https:\/\/roveyayinevi.com.tr\/index.php\/wp-json\/wp\/v2\/product_tag?post=712292"}],"curies":[{"name":"wp","href":"https:\/\/api.w.org\/{rel}","templated":true}]}}