{"id":712291,"date":"2025-08-27T16:54:15","date_gmt":"2025-08-27T13:54:15","guid":{"rendered":"https:\/\/roveyayinevi.com.tr\/index.php\/urun\/marina\/"},"modified":"2026-04-16T02:20:57","modified_gmt":"2026-04-15T23:20:57","slug":"marina","status":"publish","type":"product","link":"https:\/\/roveyayinevi.com.tr\/index.php\/urun\/marina\/","title":{"rendered":"Marina"},"content":{"rendered":"<p>Barcelona\u2019da bir yat\u0131l\u0131 okulda okuyan 15 ya\u015f\u0131ndaki \u00d3scar Drai bir anda ortadan kaybolur. Yedi g\u00fcn yedi gece boyunca \u00d3scar\u2019dan hi\u00e7 haber al\u0131namaz. \u00d3scar \u015fehrin eski bir mahallesini ke\u015ffederken tuhaf bir k\u0131zla tan\u0131\u015f\u0131r. K\u0131z\u0131n ad\u0131 Marina\u2019d\u0131r. Onu bir mezarl\u0131\u011fa g\u00f6t\u00fcr\u00fcr. Birlikte her ay\u0131n son pazar g\u00fcn\u00fc yap\u0131lan bir ayini izlemeye koyulurlar. Sabah saat tam onda, siyah kadife pelerinli bir kad\u0131n, arabadan inerek isimsiz bir mezar\u0131n \u00fczerine tek bir g\u00fcl b\u0131rak\u0131r. \u00d3scar ile Marina kad\u0131n\u0131 takip ederler. Ve b\u00f6ylece, \u015fehrin sokaklar\u0131n\u0131n alt\u0131ndaki gizemli labirentte, deh\u015fet dolu bir hik\u00e2ye sarmal\u0131 i\u00e7inde bekleyen karanl\u0131k s\u0131r perdesi aralan\u0131r. R\u00fczg\u00e2r\u0131n G\u00f6lgesi ve Mele\u011fin Oyunu gibi uluslararas\u0131 \u00e7oksatan romanlar\u0131yla \u0130spanya\u2019n\u0131n ya\u015fayan en tan\u0131nm\u0131\u015f yazarlar\u0131n\u0131n ba\u015f\u0131nda gelen Carlos Ruiz Zaf\u00f3n\u2019dan k\u00fclt bir gen\u00e7 yeti\u015fkin roman\u0131. <\/p>\n","protected":false},"excerpt":{"rendered":"<p>Barcelona\u2019da bir yat\u0131l\u0131 okulda okuyan 15 ya\u015f\u0131ndaki \u00d3scar Drai bir anda ortadan kaybolur. Yedi g\u00fcn yedi gece boyunca \u00d3scar\u2019dan hi\u00e7 haber al\u0131namaz. \u00d3scar \u015fehrin eski bir<span class=\"excerpt-hellip\"> [\u2026]<\/span><\/p>\n","protected":false},"featured_media":0,"template":"","meta":{"_monsterinsights_skip_tracking":false,"_monsterinsights_sitenote_active":false,"_monsterinsights_sitenote_note":"","_monsterinsights_sitenote_category":0},"product_brand":[],"product_cat":[12291,12711],"product_tag":[],"class_list":{"0":"post-712291","1":"product","2":"type-product","3":"status-publish","5":"product_cat-edebiyat","6":"product_cat-roman-oyku","7":"pa_cilt-ciltsiz","8":"pa_tur-kitap","9":"pa_yayinevi-kirmizi-kedi-yayinevi","10":"pa_yazar-carlos-ruiz-zafon","12":"first","13":"instock","14":"sale","15":"shipping-taxable","16":"purchasable","17":"product-type-simple"},"_links":{"self":[{"href":"https:\/\/roveyayinevi.com.tr\/index.php\/wp-json\/wp\/v2\/product\/712291","targetHints":{"allow":["GET"]}}],"collection":[{"href":"https:\/\/roveyayinevi.com.tr\/index.php\/wp-json\/wp\/v2\/product"}],"about":[{"href":"https:\/\/roveyayinevi.com.tr\/index.php\/wp-json\/wp\/v2\/types\/product"}],"wp:attachment":[{"href":"https:\/\/roveyayinevi.com.tr\/index.php\/wp-json\/wp\/v2\/media?parent=712291"}],"wp:term":[{"taxonomy":"product_brand","embeddable":true,"href":"https:\/\/roveyayinevi.com.tr\/index.php\/wp-json\/wp\/v2\/product_brand?post=712291"},{"taxonomy":"product_cat","embeddable":true,"href":"https:\/\/roveyayinevi.com.tr\/index.php\/wp-json\/wp\/v2\/product_cat?post=712291"},{"taxonomy":"product_tag","embeddable":true,"href":"https:\/\/roveyayinevi.com.tr\/index.php\/wp-json\/wp\/v2\/product_tag?post=712291"}],"curies":[{"name":"wp","href":"https:\/\/api.w.org\/{rel}","templated":true}]}}