{"id":712286,"date":"2025-08-27T16:54:12","date_gmt":"2025-08-27T13:54:12","guid":{"rendered":"https:\/\/roveyayinevi.com.tr\/index.php\/urun\/dolce-vegan-kolay-geleneksel-ve-saglikli-vegan-tatlilar\/"},"modified":"2026-04-16T02:20:57","modified_gmt":"2026-04-15T23:20:57","slug":"dolce-vegan-kolay-geleneksel-ve-saglikli-vegan-tatlilar","status":"publish","type":"product","link":"https:\/\/roveyayinevi.com.tr\/index.php\/urun\/dolce-vegan-kolay-geleneksel-ve-saglikli-vegan-tatlilar\/","title":{"rendered":"Dolce Vegan: Kolay, Geleneksel ve Sa\u011fl\u0131kl\u0131 Vegan Tatl\u0131lar"},"content":{"rendered":"<p>Adil bir mutfak i\u00e7in \u201ctatl\u0131\u201d bir ba\u015flang\u0131\u00e7 \u201cBu kitaptaki tarifler size basit, sa\u011fl\u0131kl\u0131 vegan tatl\u0131lar\u0131 evde \u00fcretece\u011finiz malzemelerle nas\u0131l yapaca\u011f\u0131n\u0131z konusunda yol g\u00f6sterecek. Bu tariflerle madalyonun en tatl\u0131 y\u00fcz\u00fcyle i\u015fe ba\u015flayabilir ve bunu tatl\u0131 devrimi olarak adland\u0131rabiliriz.\u201d Virginia Elena Patrone beden sa\u011fl\u0131\u011f\u0131yla toplum sa\u011fl\u0131\u011f\u0131 aras\u0131ndaki ili\u015fkiden hareket ederek okurlar\u0131 hem kendi malzemelerinin \u00fcreticileri olmaya hem de \u201ciyi t\u00fcketimin politikas\u0131na\u201d kat\u0131lmaya davet ediyor. Bunu yaparken malzemelerimizi evde nas\u0131l \u00fcretebilece\u011fimize, besinlerin bedenimize faydalar\u0131na, t\u00fcketiciler olarak tercihlerimizin \u00f6nemine odaklan\u0131yor. Dolce Vegan&#8217;da yer alan yakla\u015f\u0131k 90 tatl\u0131 tarifi, \u201chayvansal \u00fcr\u00fcn i\u00e7ermeyen sa\u011fl\u0131kl\u0131 malzemelerle ve sadece \u00fc\u00e7 basit malzemeyle sonsuz say\u0131da lezzetler yaratabilen anneanne ve babaannelerimizin zaman\u0131ndan\u201d esinleniyor. <\/p>\n","protected":false},"excerpt":{"rendered":"<p>Adil bir mutfak i\u00e7in \u201ctatl\u0131\u201d bir ba\u015flang\u0131\u00e7 \u201cBu kitaptaki tarifler size basit, sa\u011fl\u0131kl\u0131 vegan tatl\u0131lar\u0131 evde \u00fcretece\u011finiz malzemelerle nas\u0131l yapaca\u011f\u0131n\u0131z konusunda yol g\u00f6sterecek. Bu tariflerle madalyonun<span class=\"excerpt-hellip\"> [\u2026]<\/span><\/p>\n","protected":false},"featured_media":0,"template":"","meta":{"_monsterinsights_skip_tracking":false,"_monsterinsights_sitenote_active":false,"_monsterinsights_sitenote_note":"","_monsterinsights_sitenote_category":0},"product_brand":[],"product_cat":[22706,12457],"product_tag":[],"class_list":{"0":"post-712286","1":"product","2":"type-product","3":"status-publish","5":"product_cat-dunya-mutfagi","6":"product_cat-yemek-kitaplari","7":"pa_cilt-ciltsiz","8":"pa_tur-kitap","9":"pa_yayinevi-kolektif-kitap","10":"pa_yazar-virginia-elena-patrone","12":"first","13":"instock","14":"sale","15":"shipping-taxable","16":"purchasable","17":"product-type-simple"},"_links":{"self":[{"href":"https:\/\/roveyayinevi.com.tr\/index.php\/wp-json\/wp\/v2\/product\/712286","targetHints":{"allow":["GET"]}}],"collection":[{"href":"https:\/\/roveyayinevi.com.tr\/index.php\/wp-json\/wp\/v2\/product"}],"about":[{"href":"https:\/\/roveyayinevi.com.tr\/index.php\/wp-json\/wp\/v2\/types\/product"}],"wp:attachment":[{"href":"https:\/\/roveyayinevi.com.tr\/index.php\/wp-json\/wp\/v2\/media?parent=712286"}],"wp:term":[{"taxonomy":"product_brand","embeddable":true,"href":"https:\/\/roveyayinevi.com.tr\/index.php\/wp-json\/wp\/v2\/product_brand?post=712286"},{"taxonomy":"product_cat","embeddable":true,"href":"https:\/\/roveyayinevi.com.tr\/index.php\/wp-json\/wp\/v2\/product_cat?post=712286"},{"taxonomy":"product_tag","embeddable":true,"href":"https:\/\/roveyayinevi.com.tr\/index.php\/wp-json\/wp\/v2\/product_tag?post=712286"}],"curies":[{"name":"wp","href":"https:\/\/api.w.org\/{rel}","templated":true}]}}