{"id":712285,"date":"2025-08-27T16:54:12","date_gmt":"2025-08-27T13:54:12","guid":{"rendered":"https:\/\/roveyayinevi.com.tr\/index.php\/urun\/tavsan-maydanozun-kitaplari-anlatan-kitabi\/"},"modified":"2026-04-16T02:20:57","modified_gmt":"2026-04-15T23:20:57","slug":"tavsan-maydanozun-kitaplari-anlatan-kitabi","status":"publish","type":"product","link":"https:\/\/roveyayinevi.com.tr\/index.php\/urun\/tavsan-maydanozun-kitaplari-anlatan-kitabi\/","title":{"rendered":"Tav\u015fan Maydanoz\u2019un Kitaplar\u0131 Anlatan Kitab\u0131"},"content":{"rendered":"<p>Tav\u015fan Maydanoz\u2019un Kitaplar\u0131 Anlatan Kitab\u0131 Elinde tuttu\u011fun kitap Tav\u015fan Maydanoz\u2019un Kitaplar\u0131 Anlatan Kitab\u0131. Buras\u0131 da tan\u0131t\u0131m yaz\u0131s\u0131n\u0131n bulundu\u011fu arka kapak. Tan\u0131t\u0131m yaz\u0131s\u0131, sana kitab\u0131 tan\u0131t\u0131r, kitab\u0131n ne hakk\u0131nda oldu\u011funa ve onu neden okumak isteyece\u011fine dair bilgi verir. Tav\u015fan Maydanoz seni kitaplar\u0131n heyecan verici d\u00fcnyas\u0131na davet ediyor! Kitaplar hakk\u0131nda merak etti\u011fin her \u015fey bu kitab\u0131n sayfalar\u0131nda seni bekliyor. Bu bilgilendirici kitap, katlanan sakl\u0131 sayfalar\u0131 ve sordu\u011fu ilgin\u00e7 sorularla \u00e7ok e\u011flenceli! <\/p>\n","protected":false},"excerpt":{"rendered":"<p>Tav\u015fan Maydanoz\u2019un Kitaplar\u0131 Anlatan Kitab\u0131 Elinde tuttu\u011fun kitap Tav\u015fan Maydanoz\u2019un Kitaplar\u0131 Anlatan Kitab\u0131. Buras\u0131 da tan\u0131t\u0131m yaz\u0131s\u0131n\u0131n bulundu\u011fu arka kapak. Tan\u0131t\u0131m yaz\u0131s\u0131, sana kitab\u0131 tan\u0131t\u0131r, kitab\u0131n<span class=\"excerpt-hellip\"> [\u2026]<\/span><\/p>\n","protected":false},"featured_media":0,"template":"","meta":{"_monsterinsights_skip_tracking":false,"_monsterinsights_sitenote_active":false,"_monsterinsights_sitenote_note":"","_monsterinsights_sitenote_category":0},"product_brand":[],"product_cat":[12913,12274],"product_tag":[],"class_list":{"0":"post-712285","1":"product","2":"type-product","3":"status-publish","5":"product_cat-3-6-yas-kitaplari","6":"product_cat-cocuk-ve-genclik-kitaplari","7":"pa_cilt-ciltsiz","8":"pa_tur-kitap","9":"pa_yayinevi-1001-cicek-kitaplar","10":"pa_yazar-frances-watts-david-legge","12":"first","13":"instock","14":"sale","15":"shipping-taxable","16":"purchasable","17":"product-type-simple"},"_links":{"self":[{"href":"https:\/\/roveyayinevi.com.tr\/index.php\/wp-json\/wp\/v2\/product\/712285","targetHints":{"allow":["GET"]}}],"collection":[{"href":"https:\/\/roveyayinevi.com.tr\/index.php\/wp-json\/wp\/v2\/product"}],"about":[{"href":"https:\/\/roveyayinevi.com.tr\/index.php\/wp-json\/wp\/v2\/types\/product"}],"wp:attachment":[{"href":"https:\/\/roveyayinevi.com.tr\/index.php\/wp-json\/wp\/v2\/media?parent=712285"}],"wp:term":[{"taxonomy":"product_brand","embeddable":true,"href":"https:\/\/roveyayinevi.com.tr\/index.php\/wp-json\/wp\/v2\/product_brand?post=712285"},{"taxonomy":"product_cat","embeddable":true,"href":"https:\/\/roveyayinevi.com.tr\/index.php\/wp-json\/wp\/v2\/product_cat?post=712285"},{"taxonomy":"product_tag","embeddable":true,"href":"https:\/\/roveyayinevi.com.tr\/index.php\/wp-json\/wp\/v2\/product_tag?post=712285"}],"curies":[{"name":"wp","href":"https:\/\/api.w.org\/{rel}","templated":true}]}}