{"id":712283,"date":"2025-08-27T16:54:11","date_gmt":"2025-08-27T13:54:11","guid":{"rendered":"https:\/\/roveyayinevi.com.tr\/index.php\/urun\/buyuk-firar-saglik-varlik-ve-esitsizligin-kokenleri\/"},"modified":"2026-04-16T02:20:57","modified_gmt":"2026-04-15T23:20:57","slug":"buyuk-firar-saglik-varlik-ve-esitsizligin-kokenleri","status":"publish","type":"product","link":"https:\/\/roveyayinevi.com.tr\/index.php\/urun\/buyuk-firar-saglik-varlik-ve-esitsizligin-kokenleri\/","title":{"rendered":"B\u00fcy\u00fck Firar Sa\u011fl\u0131k, Varl\u0131k ve E\u015fitsizli\u011fin K\u00f6kenleri"},"content":{"rendered":"<p>\u201cE\u015fitsizlik genelde ilerlemenin bir sonucudur. Herkes ayn\u0131 anda zengin olamaz ve temiz su, a\u015f\u0131lar ya da kalp krizini \u00f6nleyen yeniila\u00e7lar gibi en son \u00e7\u0131kan hayat kurtarma \u00f6nlemlerine herkes an\u0131nda eri\u015femez. E\u015fitsizlik ayn\u0131 zamanda ilerlemeyi de etkiler. Buetki olumlu olabilir, Hintli \u00e7ocuklar e\u011fitimle neler yap\u0131labilece\u011fini g\u00f6r\u00fcp okula giderler. Fakat kazananlar di\u011ferlerininkendilerini takip etmesini engellemeye \u00e7al\u0131\u015f\u0131r, \u00e7\u0131kt\u0131klar\u0131 merdiveni \u00e7ekip al\u0131rlarsa ilerlemenin etkisi olumsuz da olabilir.\u201d* * *B\u00fcy\u00fck Firar, ilerleme ile e\u015fitsizlik aras\u0131ndaki sonsuz dans\u0131, ilerlemenin nas\u0131l e\u015fitsizlik yaratt\u0131\u011f\u0131n\u0131, sa\u011fl\u0131k ve zenginli\u011fin nas\u0131l eleele gitti\u011fini ve \u00f6zg\u00fcrl\u00fc\u011fe firar\u0131, akademik disiplinlerin s\u0131n\u0131rlar\u0131na s\u0131k\u0131\u015fmadan anlat\u0131yor. Deaton\u2019a g\u00f6re \u00f6zg\u00fcrl\u00fck, iyi bir ya\u015fams\u00fcrmek ve hayat\u0131 ya\u015famaya de\u011fer k\u0131lmak demek. \u00d6zg\u00fcr olmamaksa yoksulluk, yoksunluk ve k\u00f6t\u00fc sa\u011fl\u0131kla ayn\u0131 anlama gelir. Neyaz\u0131k ki bunlar, d\u00fcnya n\u00fcfusunun kabul etmek istemeyece\u011fimiz kadar b\u00fcy\u00fck bir b\u00f6l\u00fcm\u00fcn\u00fcn yazg\u0131s\u0131 olmaya devam ediyor.Deaton bu \u00e7al\u0131\u015fmas\u0131nda \u201cbu t\u00fcr bir hapishaneden tekrar tekrar firar edenlerin, bu firarlar\u0131n nas\u0131l ve neden oldu\u011funun vesonras\u0131nda neler ya\u015fand\u0131\u011f\u0131n\u0131n hik\u00e2yesini\u201d anlat\u0131yor. B\u00fcy\u00fck Firar, \u201cmaddi ve fizyolojik ilerlemenin, daha zengin ve daha sa\u011fl\u0131kl\u0131hale gelen insanlar\u0131n ve yoksulluktan firar etmenin hik\u00e2yesidir&#8230;\u201d <\/p>\n","protected":false},"excerpt":{"rendered":"<p>\u201cE\u015fitsizlik genelde ilerlemenin bir sonucudur. Herkes ayn\u0131 anda zengin olamaz ve temiz su, a\u015f\u0131lar ya da kalp krizini \u00f6nleyen yeniila\u00e7lar gibi en son \u00e7\u0131kan hayat kurtarma<span class=\"excerpt-hellip\"> [\u2026]<\/span><\/p>\n","protected":false},"featured_media":0,"template":"","meta":{"_monsterinsights_skip_tracking":false,"_monsterinsights_sitenote_active":false,"_monsterinsights_sitenote_note":"","_monsterinsights_sitenote_category":0},"product_brand":[],"product_cat":[13072,12291],"product_tag":[],"class_list":{"0":"post-712283","1":"product","2":"type-product","3":"status-publish","5":"product_cat-arastirma-inceleme-referans","6":"product_cat-edebiyat","7":"pa_cilt-ciltsiz","8":"pa_tur-kitap","9":"pa_yayinevi-ayrinti-yayinlari","10":"pa_yazar-angus-deaton","12":"first","13":"instock","14":"sale","15":"shipping-taxable","16":"purchasable","17":"product-type-simple"},"_links":{"self":[{"href":"https:\/\/roveyayinevi.com.tr\/index.php\/wp-json\/wp\/v2\/product\/712283","targetHints":{"allow":["GET"]}}],"collection":[{"href":"https:\/\/roveyayinevi.com.tr\/index.php\/wp-json\/wp\/v2\/product"}],"about":[{"href":"https:\/\/roveyayinevi.com.tr\/index.php\/wp-json\/wp\/v2\/types\/product"}],"wp:attachment":[{"href":"https:\/\/roveyayinevi.com.tr\/index.php\/wp-json\/wp\/v2\/media?parent=712283"}],"wp:term":[{"taxonomy":"product_brand","embeddable":true,"href":"https:\/\/roveyayinevi.com.tr\/index.php\/wp-json\/wp\/v2\/product_brand?post=712283"},{"taxonomy":"product_cat","embeddable":true,"href":"https:\/\/roveyayinevi.com.tr\/index.php\/wp-json\/wp\/v2\/product_cat?post=712283"},{"taxonomy":"product_tag","embeddable":true,"href":"https:\/\/roveyayinevi.com.tr\/index.php\/wp-json\/wp\/v2\/product_tag?post=712283"}],"curies":[{"name":"wp","href":"https:\/\/api.w.org\/{rel}","templated":true}]}}