{"id":712280,"date":"2025-08-27T16:54:09","date_gmt":"2025-08-27T13:54:09","guid":{"rendered":"https:\/\/roveyayinevi.com.tr\/index.php\/urun\/siyonizm-ve-filistin-sorunu-1880-1923\/"},"modified":"2026-04-16T02:20:57","modified_gmt":"2026-04-15T23:20:57","slug":"siyonizm-ve-filistin-sorunu-1880-1923","status":"publish","type":"product","link":"https:\/\/roveyayinevi.com.tr\/index.php\/urun\/siyonizm-ve-filistin-sorunu-1880-1923\/","title":{"rendered":"Siyonizm ve Filistin Sorunu &#8211; 1880-1923"},"content":{"rendered":"<p>Milliyet\u00e7i Yahudiler, Siyon Da\u011f\u0131\u2019n\u0131n eteklerinde bir Musevi devleti kurmak istediklerinden beri Siyonizm ve Filistin Sorunu sadece Ortado\u011fu\u2019nun de\u011fil, b\u00fct\u00fcn d\u00fcnyan\u0131n g\u00fcndeminde. Theodor Herzl\u2019in fikir babal\u0131\u011f\u0131n\u0131 yapt\u0131\u011f\u0131 19. y\u00fczy\u0131l\u0131n sonlar\u0131ndan bu yana Avrupa ve pek tabi Osmanl\u0131\u2019n\u0131n politikas\u0131n\u0131 etkiledi\u011fi \u2018siyasi Siyonizm\u2019, bug\u00fcnlerin reel politi\u011fine uzan\u0131yor. \u00c7\u00fcnk\u00fc ABD Ba\u015fkan\u0131 Donald Trump\u2019\u0131n Balfour Deklarasyonu\u2019nun 100. y\u0131l\u0131nda Kud\u00fcs\u2019\u00fc \u0130srail\u2019in ba\u015fkenti olarak tan\u0131mas\u0131, b\u00fct\u00fcn d\u00fcnyay\u0131 aya\u011fa kald\u0131rd\u0131. Peki, nas\u0131l oluyor da \u00fc\u00e7 dinin kutsal kabul etti\u011fi bir \u015fehir, b\u00fct\u00fcn k\u0131talar\u0131 harekete ge\u00e7irmeyi ba\u015far\u0131yor? Prof. Dr. Mim Kem\u00e2l \u00d6ke\u2019nin kaleme ald\u0131\u011f\u0131 ve mazisi doktora y\u0131llar\u0131na dayanan Siyonizm ve Filistin Sorunu (1800-1923) adl\u0131 eser, meselenin tarihsel k\u00f6kenlerini inceliyor. Geli\u015fmeleri, son derece objektif, so\u011fukkanl\u0131 ve \u2018olmas\u0131 gerekti\u011fi gibi\u2019 aktar\u0131yor. G\u00fcn\u00fcm\u00fczde s\u0131kl\u0131kla kar\u015f\u0131m\u0131za \u00e7\u0131kan Abd\u00fclhamid Han, \u0130ttihat\u00e7\u0131lar ve Mustafa Kemal Atat\u00fcrk ile ilgili de \u00e7arp\u0131c\u0131 tespitlerde bulunuyor. \ufffcTan\u0131t\u0131m Metni<\/p>\n","protected":false},"excerpt":{"rendered":"<p>Milliyet\u00e7i Yahudiler, Siyon Da\u011f\u0131\u2019n\u0131n eteklerinde bir Musevi devleti kurmak istediklerinden beri Siyonizm ve Filistin Sorunu sadece Ortado\u011fu\u2019nun de\u011fil, b\u00fct\u00fcn d\u00fcnyan\u0131n g\u00fcndeminde. Theodor Herzl\u2019in fikir babal\u0131\u011f\u0131n\u0131 yapt\u0131\u011f\u0131<span class=\"excerpt-hellip\"> [\u2026]<\/span><\/p>\n","protected":false},"featured_media":0,"template":"","meta":{"_monsterinsights_skip_tracking":false,"_monsterinsights_sitenote_active":false,"_monsterinsights_sitenote_note":"","_monsterinsights_sitenote_category":0},"product_brand":[],"product_cat":[13590,12337],"product_tag":[],"class_list":{"0":"post-712280","1":"product","2":"type-product","3":"status-publish","5":"product_cat-arastirma-inceleme-politika-siyaset","6":"product_cat-politika-siyaset","7":"pa_cilt-ciltsiz","8":"pa_tur-kitap","9":"pa_yayinevi-timas-yayinlari","10":"pa_yazar-mim-kemal-oke","12":"first","13":"instock","14":"sale","15":"shipping-taxable","16":"purchasable","17":"product-type-simple"},"_links":{"self":[{"href":"https:\/\/roveyayinevi.com.tr\/index.php\/wp-json\/wp\/v2\/product\/712280","targetHints":{"allow":["GET"]}}],"collection":[{"href":"https:\/\/roveyayinevi.com.tr\/index.php\/wp-json\/wp\/v2\/product"}],"about":[{"href":"https:\/\/roveyayinevi.com.tr\/index.php\/wp-json\/wp\/v2\/types\/product"}],"wp:attachment":[{"href":"https:\/\/roveyayinevi.com.tr\/index.php\/wp-json\/wp\/v2\/media?parent=712280"}],"wp:term":[{"taxonomy":"product_brand","embeddable":true,"href":"https:\/\/roveyayinevi.com.tr\/index.php\/wp-json\/wp\/v2\/product_brand?post=712280"},{"taxonomy":"product_cat","embeddable":true,"href":"https:\/\/roveyayinevi.com.tr\/index.php\/wp-json\/wp\/v2\/product_cat?post=712280"},{"taxonomy":"product_tag","embeddable":true,"href":"https:\/\/roveyayinevi.com.tr\/index.php\/wp-json\/wp\/v2\/product_tag?post=712280"}],"curies":[{"name":"wp","href":"https:\/\/api.w.org\/{rel}","templated":true}]}}