{"id":712278,"date":"2025-08-27T16:54:08","date_gmt":"2025-08-27T13:54:08","guid":{"rendered":"https:\/\/roveyayinevi.com.tr\/index.php\/urun\/gunluk-yasamin-psikopatolojisi\/"},"modified":"2026-04-16T02:20:57","modified_gmt":"2026-04-15T23:20:57","slug":"gunluk-yasamin-psikopatolojisi","status":"publish","type":"product","link":"https:\/\/roveyayinevi.com.tr\/index.php\/urun\/gunluk-yasamin-psikopatolojisi\/","title":{"rendered":"G\u00fcnl\u00fck Ya\u015fam\u0131n Psikopatolojisi"},"content":{"rendered":"<p>\u00d6zel Adlar\u0131n Unutulmas\u0131, Dil S\u00fcr\u00e7meleri, Yanl\u0131\u015f Okumalar ve Kalem S\u00fcr\u00e7meleri, \u0130zlenimlerin ve Tasar\u0131lar\u0131n Unutulmas\u0131, Unutkanl\u0131k, Ba\u015ftan Savma Eylemler, Bat\u0131l \u0130nan\u00e7lar ve Yan\u0131lg\u0131lar, Adlar\u0131n ve S\u00f6zc\u00fck K\u00fcmelerinin Unutulmas\u0131, \u00c7ocuklar\u0131n An\u0131lar\u0131 ve Perde An\u0131lar gibi ana b\u00f6l\u00fcmlerden olu\u015fan G\u00fcnl\u00fck Ya\u015fam\u0131n Psikopatolojisi, ruhbilimin yayg\u0131nl\u0131k kazanmas\u0131nda Freud&#8217;un t\u00fcm kitaplar\u0131ndan daha fazla katk\u0131da bulunmu\u015f bir yap\u0131t.G\u00fcn i\u00e7erisinde ya\u015fad\u0131\u011f\u0131m\u0131z baz\u0131 olaylar\u0131n asl\u0131nda bilin\u00e7alt\u0131n\u0131n bize yollad\u0131\u011f\u0131 bir mesaj oldu\u011fu ve bu mesaj\u0131n aksilikler, unutkanl\u0131klar, s\u00fcr\u00e7meler olarak hayat\u0131m\u0131z\u0131 nas\u0131l etkiledi\u011fini olduk\u00e7a g\u00fc\u00e7l\u00fc anlatan bir kitap.Bu kitab\u0131n\u0131n her yeni bask\u0131s\u0131nda, temel kuramlar\u0131n\u0131 de\u011fi\u015ftirmeden yeni \u00f6rnekler ve b\u00f6l\u00fcmer ekleyen Freud&#8217;un hi\u00e7bir yap\u0131t\u0131 bu kitap kadar s\u0131k bas\u0131lmam\u0131\u015f ve b\u00f6ylesine yayg\u0131n bir okur kitlesi taraf\u0131ndan okunmam\u0131\u015ft\u0131r.Hala \u00e7ok okunan kitaplar\u0131ndan biri olan G\u00fcnl\u00fck Ya\u015fam\u0131n Psikopatolojisi, ayn\u0131 zamanda Freud&#8217;u okumaya ba\u015flamak i\u00e7in en iyi bir se\u00e7im. <\/p>\n","protected":false},"excerpt":{"rendered":"<p>\u00d6zel Adlar\u0131n Unutulmas\u0131, Dil S\u00fcr\u00e7meleri, Yanl\u0131\u015f Okumalar ve Kalem S\u00fcr\u00e7meleri, \u0130zlenimlerin ve Tasar\u0131lar\u0131n Unutulmas\u0131, Unutkanl\u0131k, Ba\u015ftan Savma Eylemler, Bat\u0131l \u0130nan\u00e7lar ve Yan\u0131lg\u0131lar, Adlar\u0131n ve S\u00f6zc\u00fck K\u00fcmelerinin<span class=\"excerpt-hellip\"> [\u2026]<\/span><\/p>\n","protected":false},"featured_media":0,"template":"","meta":{"_monsterinsights_skip_tracking":false,"_monsterinsights_sitenote_active":false,"_monsterinsights_sitenote_note":"","_monsterinsights_sitenote_category":0},"product_brand":[],"product_cat":[12291,12711],"product_tag":[],"class_list":{"0":"post-712278","1":"product","2":"type-product","3":"status-publish","5":"product_cat-edebiyat","6":"product_cat-roman-oyku","7":"pa_cilt-ciltsiz","8":"pa_tur-kitap","9":"pa_yayinevi-oda-yayinlari","10":"pa_yazar-sigmund-freud","12":"first","13":"instock","14":"sale","15":"shipping-taxable","16":"purchasable","17":"product-type-simple"},"_links":{"self":[{"href":"https:\/\/roveyayinevi.com.tr\/index.php\/wp-json\/wp\/v2\/product\/712278","targetHints":{"allow":["GET"]}}],"collection":[{"href":"https:\/\/roveyayinevi.com.tr\/index.php\/wp-json\/wp\/v2\/product"}],"about":[{"href":"https:\/\/roveyayinevi.com.tr\/index.php\/wp-json\/wp\/v2\/types\/product"}],"wp:attachment":[{"href":"https:\/\/roveyayinevi.com.tr\/index.php\/wp-json\/wp\/v2\/media?parent=712278"}],"wp:term":[{"taxonomy":"product_brand","embeddable":true,"href":"https:\/\/roveyayinevi.com.tr\/index.php\/wp-json\/wp\/v2\/product_brand?post=712278"},{"taxonomy":"product_cat","embeddable":true,"href":"https:\/\/roveyayinevi.com.tr\/index.php\/wp-json\/wp\/v2\/product_cat?post=712278"},{"taxonomy":"product_tag","embeddable":true,"href":"https:\/\/roveyayinevi.com.tr\/index.php\/wp-json\/wp\/v2\/product_tag?post=712278"}],"curies":[{"name":"wp","href":"https:\/\/api.w.org\/{rel}","templated":true}]}}