{"id":712277,"date":"2025-08-27T16:54:07","date_gmt":"2025-08-27T13:54:07","guid":{"rendered":"https:\/\/roveyayinevi.com.tr\/index.php\/urun\/flush-bir-kopegin-romani-2\/"},"modified":"2026-04-16T02:20:57","modified_gmt":"2026-04-15T23:20:57","slug":"flush-bir-kopegin-romani-2","status":"publish","type":"product","link":"https:\/\/roveyayinevi.com.tr\/index.php\/urun\/flush-bir-kopegin-romani-2\/","title":{"rendered":"Flush &#8211; Bir K\u00f6pe\u011fin Roman\u0131"},"content":{"rendered":"<p>Sevecen, merakl\u0131 ve ayn\u0131 zamanda bir bilge olan Flush&#8217;\u0131n b\u00fcy\u00fcleyici hikayesi&#8230; Flush, gen\u00e7lik d\u00f6nemini yazar Mary Mitford&#8217;la ge\u00e7irmi\u015fti. G\u00fcn\u00fcn birinde yolu, hasta odas\u0131ndaki yata\u011f\u0131nda yatan Elizabeth Barrett ile kesi\u015fti. G\u00fcne\u015f gibi parlayan t\u00fcyleri ve masum bak\u0131\u015flar\u0131yla Flush, Elizabeth Barrett Browning&#8217;in ya\u015fam\u0131nda \u00f6nemli bir yer tutuyordu. Yeni ve korunakl\u0131 ya\u015fam\u0131na al\u0131\u015fmas\u0131 pek uzun zaman almad\u0131. Buna kar\u015f\u0131n i\u00e7g\u00fcd\u00fcleri onu hi\u00e7 yaln\u0131z b\u0131rakm\u0131yor, yemye\u015fil \u00e7ay\u0131rlar\u0131n \u00e7a\u011fr\u0131s\u0131n\u0131 s\u0131k s\u0131k hissediyordu. Yine de \u015fikayet\u00e7i de\u011fildi, s\u0131k\u0131lmak i\u00e7in fazla zaman\u0131 da olmayacakt\u0131. Flush&#8217;\u0131 yepyeni ser\u00fcvenler ve Floransa yolculu\u011fu bekliyordu. Bu kitapta Flush, Bayan Browning&#8217;in ya\u015fam\u0131n\u0131 kendi bak\u0131\u015f a\u00e7\u0131s\u0131yla okura sunuyor.Virginia Woolf, kendine \u00f6zg\u00fc tekni\u011fiyle Elizabeth Barrett Browning&#8217;in biyografisini yazarken, Spaniel cinsi Flush&#8217;\u0131n ilgin\u00e7 ya\u015fam \u00f6yk\u00fcs\u00fcn\u00fc de bizlere sunuyor. <\/p>\n","protected":false},"excerpt":{"rendered":"<p>Sevecen, merakl\u0131 ve ayn\u0131 zamanda bir bilge olan Flush&#8217;\u0131n b\u00fcy\u00fcleyici hikayesi&#8230; Flush, gen\u00e7lik d\u00f6nemini yazar Mary Mitford&#8217;la ge\u00e7irmi\u015fti. G\u00fcn\u00fcn birinde yolu, hasta odas\u0131ndaki yata\u011f\u0131nda yatan Elizabeth<span class=\"excerpt-hellip\"> [\u2026]<\/span><\/p>\n","protected":false},"featured_media":0,"template":"","meta":{"_monsterinsights_skip_tracking":false,"_monsterinsights_sitenote_active":false,"_monsterinsights_sitenote_note":"","_monsterinsights_sitenote_category":0},"product_brand":[],"product_cat":[12291,12711],"product_tag":[],"class_list":{"0":"post-712277","1":"product","2":"type-product","3":"status-publish","5":"product_cat-edebiyat","6":"product_cat-roman-oyku","7":"pa_cilt-ciltsiz","8":"pa_tur-kitap","9":"pa_yayinevi-oda-yayinlari","10":"pa_yazar-virginia-woolf","12":"first","13":"instock","14":"sale","15":"shipping-taxable","16":"purchasable","17":"product-type-simple"},"_links":{"self":[{"href":"https:\/\/roveyayinevi.com.tr\/index.php\/wp-json\/wp\/v2\/product\/712277","targetHints":{"allow":["GET"]}}],"collection":[{"href":"https:\/\/roveyayinevi.com.tr\/index.php\/wp-json\/wp\/v2\/product"}],"about":[{"href":"https:\/\/roveyayinevi.com.tr\/index.php\/wp-json\/wp\/v2\/types\/product"}],"wp:attachment":[{"href":"https:\/\/roveyayinevi.com.tr\/index.php\/wp-json\/wp\/v2\/media?parent=712277"}],"wp:term":[{"taxonomy":"product_brand","embeddable":true,"href":"https:\/\/roveyayinevi.com.tr\/index.php\/wp-json\/wp\/v2\/product_brand?post=712277"},{"taxonomy":"product_cat","embeddable":true,"href":"https:\/\/roveyayinevi.com.tr\/index.php\/wp-json\/wp\/v2\/product_cat?post=712277"},{"taxonomy":"product_tag","embeddable":true,"href":"https:\/\/roveyayinevi.com.tr\/index.php\/wp-json\/wp\/v2\/product_tag?post=712277"}],"curies":[{"name":"wp","href":"https:\/\/api.w.org\/{rel}","templated":true}]}}