{"id":712275,"date":"2025-08-27T16:54:06","date_gmt":"2025-08-27T13:54:06","guid":{"rendered":"https:\/\/roveyayinevi.com.tr\/index.php\/urun\/bakirelik-tabusu\/"},"modified":"2026-04-16T02:20:57","modified_gmt":"2026-04-15T23:20:57","slug":"bakirelik-tabusu","status":"publish","type":"product","link":"https:\/\/roveyayinevi.com.tr\/index.php\/urun\/bakirelik-tabusu\/","title":{"rendered":"Bakirelik Tabusu"},"content":{"rendered":"<p>\u00b7         Sigmund Freud&#8230; \u00b7         Kad\u0131n cinselli\u011finin ve hatta \u201ckad\u0131n\u201d\u0131n tabu oldu\u011fu bir d\u00f6nemde Freud, bu kitapta konuyu bir\u00e7ok a\u00e7\u0131dan irdeliyor. Bir Kad\u0131n E\u015fcinselli\u011fi Vakas\u0131n\u0131n Olu\u015fumu ve Geli\u015fimi \u00dczerine, Bakirelik Tabusu ve Kad\u0131n Cinselli\u011fi \u00dczerine makalelerinden olu\u015fan bu kitapta Freud, kad\u0131n cinselli\u011fiyle ilgili kendi d\u00fc\u015f\u00fcncelerinin yan\u0131 s\u0131ra, kar\u015f\u0131 fikirlere de yer veriyor. \u00b7         Kad\u0131n\u0131n hem toplumdaki ve cinsler aras\u0131ndaki yerini hem de bir insan olarak var olma m\u00fccadelesini sadece psikolojik a\u00e7\u0131dan ele alm\u0131yor Freud. Ne yaz\u0131k ki h\u00e2l\u00e2 bir\u00e7ok \u00fclkede kad\u0131n cinselli\u011finin ve kad\u0131n\u0131n tabu oldu\u011fu bu d\u00f6nemde, kendi toplumumuzun da kad\u0131na ve cinselli\u011fe bak\u0131\u015f\u0131n\u0131 anlamak i\u00e7in Bakirelik Tabusu\u2019nun mutlaka okunmas\u0131 gerekti\u011fi ortada&#8230; <\/p>\n","protected":false},"excerpt":{"rendered":"<p>\u00b7 Sigmund Freud&#8230; \u00b7 Kad\u0131n cinselli\u011finin ve hatta \u201ckad\u0131n\u201d\u0131n tabu oldu\u011fu bir d\u00f6nemde Freud, bu kitapta konuyu bir\u00e7ok a\u00e7\u0131dan irdeliyor. Bir Kad\u0131n E\u015fcinselli\u011fi Vakas\u0131n\u0131n Olu\u015fumu ve<span class=\"excerpt-hellip\"> [\u2026]<\/span><\/p>\n","protected":false},"featured_media":0,"template":"","meta":{"_monsterinsights_skip_tracking":false,"_monsterinsights_sitenote_active":false,"_monsterinsights_sitenote_note":"","_monsterinsights_sitenote_category":0},"product_brand":[],"product_cat":[12358,12357],"product_tag":[],"class_list":{"0":"post-712275","1":"product","2":"type-product","3":"status-publish","5":"product_cat-genel-psikoloji","6":"product_cat-psikoloji","7":"pa_cilt-ciltsiz","8":"pa_tur-kitap","9":"pa_yayinevi-oda-yayinlari","10":"pa_yazar-sigmund-freud","12":"first","13":"instock","14":"sale","15":"shipping-taxable","16":"purchasable","17":"product-type-simple"},"_links":{"self":[{"href":"https:\/\/roveyayinevi.com.tr\/index.php\/wp-json\/wp\/v2\/product\/712275","targetHints":{"allow":["GET"]}}],"collection":[{"href":"https:\/\/roveyayinevi.com.tr\/index.php\/wp-json\/wp\/v2\/product"}],"about":[{"href":"https:\/\/roveyayinevi.com.tr\/index.php\/wp-json\/wp\/v2\/types\/product"}],"wp:attachment":[{"href":"https:\/\/roveyayinevi.com.tr\/index.php\/wp-json\/wp\/v2\/media?parent=712275"}],"wp:term":[{"taxonomy":"product_brand","embeddable":true,"href":"https:\/\/roveyayinevi.com.tr\/index.php\/wp-json\/wp\/v2\/product_brand?post=712275"},{"taxonomy":"product_cat","embeddable":true,"href":"https:\/\/roveyayinevi.com.tr\/index.php\/wp-json\/wp\/v2\/product_cat?post=712275"},{"taxonomy":"product_tag","embeddable":true,"href":"https:\/\/roveyayinevi.com.tr\/index.php\/wp-json\/wp\/v2\/product_tag?post=712275"}],"curies":[{"name":"wp","href":"https:\/\/api.w.org\/{rel}","templated":true}]}}